{"id":114,"date":"2013-07-16T15:42:35","date_gmt":"2013-07-16T15:42:35","guid":{"rendered":"http:\/\/diretorias.ifbaiano.edu.br\/portal\/ead\/?page_id=114"},"modified":"2026-03-26T14:15:50","modified_gmt":"2026-03-26T17:15:50","slug":"legislacao","status":"publish","type":"page","link":"https:\/\/diretorias.ifbaiano.edu.br\/portal\/ead\/legislacao\/","title":{"rendered":"Legisla\u00e7\u00e3o"},"content":{"rendered":"<p><strong>Educa\u00e7\u00e3o a Dist\u00e2ncia do IF Baiano<\/strong><br><a href=\"http:\/\/www.ifbaiano.edu.br\/reitoria\/wp-content\/uploads\/2015\/06\/pdi-diagramado.pdf\" target=\"_blank\" rel=\"noopener\">Concep\u00e7\u00e3o de Educa\u00e7\u00e3o a Dist\u00e2ncia<\/a><br><a href=\"http:\/\/www.ifbaiano.edu.br\/unidades\/santaines\/files\/2013\/06\/PPPI-PROJETO-POLITICO-PEDAGOGICO-INSTITUCIONAL2.pdf\" target=\"_blank\" rel=\"noopener\">Pol\u00edticas e Diretrizes<\/a><\/p>\n<p><strong>Leis<\/strong><\/p>\n<p><a href=\"http:\/\/www.planalto.gov.br\/ccivil_03\/_ato2007-2010\/2008\/lei\/l11892.htm\">Lei de Cria\u00e7\u00e3o dos Institutos Federais N\u00ba11.892(2008)<\/a><\/p>\n<p><a href=\"http:\/\/www.planalto.gov.br\/ccivil_03\/_Ato2007-2010\/2007\/Lei\/L11502.htm\" target=\"_blank\" rel=\"noopener\">Lei N.\u00ba 11.502<\/a>, de 11 de julho de 2007, modifica as compet\u00eancias e a estrutura organizacional da funda\u00e7\u00e3o Coordena\u00e7\u00e3o de Aperfei\u00e7oamento de Pessoal de N\u00edvel Superior &#8211; CAPES, de que trata a Lei no 8.405, de 9 de janeiro de 1992; e altera as Leis nos 8.405, de 9 de janeiro de 1992, e 11.273, de 6 de fevereiro de 2006, que autoriza a concess\u00e3o de bolsas de estudo e de pesquisa a participantes de programas de forma\u00e7\u00e3o inicial e continuada de professores para a educa\u00e7\u00e3o b\u00e1sica.<br><a href=\"http:\/\/www.planalto.gov.br\/ccivil_03\/_Ato2004-2006\/2006\/Lei\/L11273.htm\" target=\"_blank\" rel=\"noopener\">Lei N.\u00ba 11.273<\/a>, de 6 de fevereiro de 2006,autoriza a concess\u00e3o de bolsas de estudo e de pesquisa a participantes de programas de forma\u00e7\u00e3o inicial e continuada de professores para a educa\u00e7\u00e3o b\u00e1sica.<br><a href=\"http:\/\/portal.mec.gov.br\/arquivos\/pdf\/ldb.pdf\" target=\"_blank\" rel=\"noopener\">Lei N\u00ba. 9.394<\/a>, de 20 de dezembro de 1996, estabelece as diretrizes e bases da educa\u00e7\u00e3o nacional.<\/p>\n<p><strong>Decretos<\/strong><\/p>\n<p><a href=\"http:\/\/portal.mec.gov.br\/index.php?option=com_docman&amp;view=download&amp;alias=65251-decreto9057-pdf&amp;category_slug=maio-2017-pdf&amp;Itemid=30192\">DECRETO N\u00ba 9.057, de 25 de maio de 2017<\/a>, regulamenta o art. 80 da Lei n\u00ba 9.394, de 20 de dezembro de 1996, que estabelece as diretrizes e bases da educa\u00e7\u00e3o nacional.<br><a title=\"e-tec\" href=\"http:\/\/www.planalto.gov.br\/ccivil_03\/_ato2011-2014\/2011\/decreto\/d7589.htm#:~:text=DECRETA%3A,p%C3%BAblica%20e%20gratuita%20no%20Pa%C3%ADs.\">Decreto N\u00b0 7.589, de 26 de outubro de 2011<\/a>, institui a Rede e-Tec Brasil, altera o Decreto n\u00ba 6.301, de 12 de dezembro de 2007.<br><a href=\"http:\/\/www.planalto.gov.br\/ccivil_03\/_Ato2007-2010\/2007\/Decreto\/D6303.htm\" target=\"_blank\" rel=\"noopener\">Decreto N.\u00ba 6.303<\/a>, de 12 de dezembro de 2007, altera dispositivos dos Decretos nos 5.622, de 19 de dezembro de 2005, que estabelece as diretrizes e bases da educa\u00e7\u00e3o nacional, e 5.773, de 9 de maio de 2006, que disp\u00f5e sobre o exerc\u00edcio das fun\u00e7\u00f5es de regula\u00e7\u00e3o, supervis\u00e3o e avalia\u00e7\u00e3o de institui\u00e7\u00f5es de educa\u00e7\u00e3o superior e cursos superiores de gradua\u00e7\u00e3o e sequenciais no sistema federal de ensino.<br><a href=\"http:\/\/www.planalto.gov.br\/ccivil_03\/_Ato2004-2006\/2006\/Decreto\/D5773.htm\" target=\"_blank\" rel=\"noopener\">Decreto N.\u00ba 5.773<\/a>, de 09 de maio de 2006, disp\u00f5e sobre o exerc\u00edcio das fun\u00e7\u00f5es de regula\u00e7\u00e3o, supervis\u00e3o e avalia\u00e7\u00e3o de institui\u00e7\u00f5es de educa\u00e7\u00e3o superior e cursos superiores de gradua\u00e7\u00e3o e sequenciais no sistema federal de ensino.<br><a href=\"http:\/\/www.planalto.gov.br\/ccivil_03\/_Ato2004-2006\/2005\/Decreto\/D5622.htm\" target=\"_blank\" rel=\"noopener\">Decreto N\u00ba. 5.622<\/a>, de 19 de dezembro de 2005, regulamenta o art. 80 da Lei n\u00ba 9.394, de 20 de dezembro de 1996 (LDB).<\/p>\n<p><strong>Portarias<\/strong><br><a href=\"http:\/\/portal.mec.gov.br\/seed\/arquivos\/pdf\/legislacao\/portaria1.pdf\" target=\"_blank\" rel=\"noopener\">Portaria N.\u00ba 1<\/a>, de 10 de janeiro de 2007.<br><a href=\"http:\/\/portal.mec.gov.br\/seed\/arquivos\/pdf\/legislacao\/portaria2.pdf\" target=\"_blank\" rel=\"noopener\">Portaria N.\u00ba 2<\/a>&nbsp;(revogada), de 10 de janeiro de 2007.<br><a href=\"http:\/\/portal.mec.gov.br\/seed\/arquivos\/pdf\/ead\/port_40.pdf\" target=\"_blank\" rel=\"noopener\">Portaria n\u00ba 40<\/a>, de 13 de dezembro de 2007.<br><a title=\"pdf\" href=\"http:\/\/portal.mec.gov.br\/dmdocuments\/portaria10_seed.pdf\" target=\"_blank\" rel=\"noopener\">Portaria N.\u00ba 10<\/a>, de 02 julho de 2009.<br><a href=\"https:\/\/pesquisa.in.gov.br\/imprensa\/jsp\/visualiza\/index.jsp?jornal=1&amp;pagina=22&amp;data=25\/10\/2011\">Portaria N.\u00ba 1.547<\/a>, de 24 de Outubro de 2011, institui o Programa PROFUNCION\u00c1RIO, altera dispositivos da Portaria n\u00ba 25, de 31 de maio de 2007.<\/p>\n<p><strong>Resolu\u00e7\u00f5es<\/strong><\/p>\n<p><a href=\"https:\/\/www.fnde.gov.br\/index.php\/acesso-a-informacao\/institucional\/legislacao\/item\/3516-resolu%C3%A7%C3%A3o-cd-fnde-n%C2%BA-6-de-10-de-abril-de-2012\" target=\"_blank\" rel=\"noopener\">Resolu\u00e7\u00e3o N.\u00ba 6<\/a>, de 10 de abril de 2012,&nbsp;estabelece orienta\u00e7\u00f5es e diretrizes para o apoio financeiro \u00e0s institui\u00e7\u00f5es participantes da Rede e-Tec Brasil, vinculada \u00e0 Secretaria de Educa\u00e7\u00e3o Profissional e Tecnol\u00f3gica do Minist\u00e9rio da Educa\u00e7\u00e3o.<br><a href=\"https:\/\/www.fnde.gov.br\/index.php\/acesso-a-informacao\/institucional\/legislacao\/item\/3515-resolu%C3%A7%C3%A3o-cd-fnde-n%C2%BA-5-de-30-de-mar%C3%A7o-de-2012#:~:text=Estabelece%20orienta%C3%A7%C3%B5es%20e%20diretrizes%20para,PROFUNCIONARIO%20e%20d%C3%A1%20outras%20provid%C3%AAncias.\" target=\"_blank\" rel=\"noopener\">Resolu\u00e7\u00e3o N.\u00ba 5<\/a>, de 30 de mar\u00e7o de 2012,&nbsp;estabelece orienta\u00e7\u00f5es e diretrizes para apoio financeiro aos Institutos Federais de Educa\u00e7\u00e3o, Ci\u00eancia e Tecnologia para a forma\u00e7\u00e3o dos profissionais da educa\u00e7\u00e3o das redes p\u00fablicas da educa\u00e7\u00e3o b\u00e1sica \u2013 PROFUNCIONARIO e d\u00e1 outras provid\u00eancias.<br><a href=\"https:\/\/www.fnde.gov.br\/acesso-a-informacao\/institucional\/legislacao\/item\/3400-resolu%C3%A7%C3%A3o-cd-fnde-n%C2%BA-18-de-16-de-junho-de-2010\" target=\"_blank\" rel=\"noopener\">Resolu\u00e7\u00e3o FNDE\/CD n\u00ba18<\/a>, de 16 de Junho de 2010, altera a Resolu\u00e7\u00e3o CD\/FNDE N.\u00ba 36, de 13 de julho de 2009, que estabelece orienta\u00e7\u00f5es e diretrizes para concess\u00e3o e pagamento de bolsas de estudo e pesquisa no \u00e2mbito do Sistema Escola Aberta do Brasil (Programa e-Tec Brasil).<br><a href=\"http:\/\/www.fnde.gov.br\/acessibilidade\/item\/3363-resolu%C3%A7%C3%A3o-cd-fnde-n%C2%BA-54-29-de-outubro-de-20099\" target=\"_blank\" rel=\"noopener\">Resolu\u00e7\u00e3o FNDE\/CD N.\u00ba 54<\/a>, de 29 de outubro de 2009, exclui o inciso III do artigo 6\u00ba da Resolu\u00e7\u00e3o\/CD\/FNDE N\u00ba 36, de 13 de julho de 2009.<br><a href=\"http:\/\/www.fnde.gov.br\/etiquetas\/item\/3337-resolu%C3%A7%C3%A3o-cd-fnde-n%C2%BA-36-de-13-de-julho-de-2009\" target=\"_blank\" rel=\"noopener\">Resolu\u00e7\u00e3o FNDE\/CD N.\u00ba 36<\/a>, de 13 de julho de 2009, estabelece orienta\u00e7\u00f5es, diretrizes, crit\u00e9rios e normas para a concess\u00e3o de bolsas de estudo e de pesquisa no \u00e2mbito do Sistema Escola T\u00e9cnica Aberta do Brasil (Programa e-Tec Brasil), nos termos da Lei 11.273, de 06 de fevereiro de 2006, a partir do exerc\u00edcio de 2009.<\/p>\n\n\n<p><\/p>\n","protected":false},"excerpt":{"rendered":"<p>Educa\u00e7\u00e3o a Dist\u00e2ncia do IF BaianoConcep\u00e7\u00e3o de Educa\u00e7\u00e3o a Dist\u00e2nciaPol\u00edticas e Diretrizes Leis Lei de Cria\u00e7\u00e3o dos Institutos Federais N\u00ba11.892(2008) Lei N.\u00ba 11.502, de 11 de julho de 2007, modifica as compet\u00eancias e a estrutura organizacional da funda\u00e7\u00e3o Coordena\u00e7\u00e3o de Aperfei\u00e7oamento de Pessoal de N\u00edvel Superior &#8211; CAPES, de que trata a Lei no 8.405, [&hellip;]<\/p>\n","protected":false},"author":7,"featured_media":0,"parent":0,"menu_order":0,"comment_status":"open","ping_status":"open","template":"","meta":{"ngg_post_thumbnail":0},"_links":{"self":[{"href":"https:\/\/diretorias.ifbaiano.edu.br\/portal\/ead\/wp-json\/wp\/v2\/pages\/114"}],"collection":[{"href":"https:\/\/diretorias.ifbaiano.edu.br\/portal\/ead\/wp-json\/wp\/v2\/pages"}],"about":[{"href":"https:\/\/diretorias.ifbaiano.edu.br\/portal\/ead\/wp-json\/wp\/v2\/types\/page"}],"author":[{"embeddable":true,"href":"https:\/\/diretorias.ifbaiano.edu.br\/portal\/ead\/wp-json\/wp\/v2\/users\/7"}],"replies":[{"embeddable":true,"href":"https:\/\/diretorias.ifbaiano.edu.br\/portal\/ead\/wp-json\/wp\/v2\/comments?post=114"}],"version-history":[{"count":28,"href":"https:\/\/diretorias.ifbaiano.edu.br\/portal\/ead\/wp-json\/wp\/v2\/pages\/114\/revisions"}],"predecessor-version":[{"id":3136,"href":"https:\/\/diretorias.ifbaiano.edu.br\/portal\/ead\/wp-json\/wp\/v2\/pages\/114\/revisions\/3136"}],"wp:attachment":[{"href":"https:\/\/diretorias.ifbaiano.edu.br\/portal\/ead\/wp-json\/wp\/v2\/media?parent=114"}],"curies":[{"name":"wp","href":"https:\/\/api.w.org\/{rel}","templated":true}]}}