{"id":139,"date":"2013-07-17T15:23:14","date_gmt":"2013-07-17T15:23:14","guid":{"rendered":"http:\/\/diretorias.ifbaiano.edu.br\/portal\/ead\/?page_id=139"},"modified":"2013-07-17T16:23:46","modified_gmt":"2013-07-17T16:23:46","slug":"ti","status":"publish","type":"page","link":"https:\/\/diretorias.ifbaiano.edu.br\/portal\/ead\/parceria-ifpr\/ti\/","title":{"rendered":"Curso T\u00e9cnico em Transa\u00e7\u00f5es Imobili\u00e1rias &#8211; Subsequente"},"content":{"rendered":"<p style=\"text-align: justify\"><strong><span style=\"color: #ff0000\">Download do\u00a0Projeto Pol\u00edtico Pedag\u00f3gico<\/span>\u00a0<span style=\"color: #0000ff\"><span style=\"color: #0000ff\"><a href=\"https:\/\/diretorias.ifbaiano.edu.br\/portal\/ead\/?attachment_id=167\" target=\"_blank\">AQUI<\/a><\/span><\/span><span style=\"color: #ff0000\">!<\/span><\/strong><\/p>\n<p style=\"text-align: justify\"><strong>EIXO TECNOL\u00d3GICO:<\/strong>Gest\u00e3o e Neg\u00f3cios<\/p>\n<p style=\"text-align: justify\"><strong>P\u00daBLICO-ALVO:\u00a0<\/strong>Alunos com Ensino M\u00e9dio conclu\u00eddo em quaisquer modalidades regulamentadas e reconhecidas pelas Secretarias de Estado e pelo MEC.\u00a0Trabalhadores que necessitam de uma re-qualifica\u00e7\u00e3o profissional para retornar ao mercado\u00a0de trabalho.<\/p>\n<p style=\"text-align: justify\"><strong>OBJETIVO:<\/strong><br \/>\nO principal objetivo do Instituto Federal do Paran\u00e1 \u00e9 oferecer um curso T\u00e9cnico em\u00a0Transa\u00e7\u00f5es imobili\u00e1rias na modalidade \u00e0 dist\u00e2ncia, consolidado nos princ\u00edpios epistemol\u00f3gicos,\u00a0metodol\u00f3gicos e profissionalizantes como forma de garantir a abrang\u00eancia dos aspectos\u00a0human\u00edsticos, cient\u00edficos, t\u00e9cnicos e cr\u00edtico-reflexivos, que permitam, ao final do curso, a\u00a0forma\u00e7\u00e3o de um profissional respons\u00e1vel por prestar aux\u00edlio a clientes interessados em comprar,\u00a0vender ou alugar im\u00f3veis, estando apto a dar consultoria para negocia\u00e7\u00f5es imobili\u00e1rias em geral.<\/p>\n<p style=\"text-align: justify\"><strong>REQUISITOS DE ACESSO:<\/strong><br \/>\nO ingresso de alunos ao Curso T\u00e9cnico em Transa\u00e7\u00f5es imobili\u00e1rias na modalidade \u00e0\u00a0dist\u00e2ncia, ofertado pelo Instituto Federal do Paran\u00e1, acontecer\u00e1 ap\u00f3s a aprova\u00e7\u00e3o no processo\u00a0seletivo, conforme calend\u00e1rio estabelecido pela Secretaria de Estado de Educa\u00e7\u00e3o do Paran\u00e1,\u00a0Munic\u00edpios e Instituto Federal do Paran\u00e1. Ap\u00f3s aprova\u00e7\u00e3o no processo seletivo dever\u00e1 apresentar\u00a0certificado de conclus\u00e3o do Ensino M\u00e9dio.<\/p>\n<p style=\"text-align: justify\"><strong>PERFIL PROFISSIONAL DE CONCLUS\u00c3O:<\/strong><br \/>\nO profissional formado pelo Curso T\u00e9cnico em Transa\u00e7\u00f5es imobili\u00e1rias estar\u00e1 apto a\u00a0prestar aux\u00edlio a clientes interessados em comprar, vender ou alugar im\u00f3veis. \u00c9 um profissional\u00a0facilitador da negocia\u00e7\u00e3o, propondo o pre\u00e7o justo de acordo com o mercado.<br \/>\nCom a conclus\u00e3o do Curso, o profissional ser\u00e1 detentor do t\u00edtulo que lhe permitir\u00e1, ap\u00f3s a\u00a0necess\u00e1ria inscri\u00e7\u00e3o junto ao CRECI, o desempenho das atividades pr\u00f3prias de Corretores de\u00a0Im\u00f3veis.<br \/>\nO perfil profissional do egresso compreende:<br \/>\n&#8211; Orientar clientes interessados em investir em im\u00f3veis;<br \/>\n&#8211; Apresentar im\u00f3veis a clientes, prestando informa\u00e7\u00f5es concisas sobre instala\u00e7\u00f5es,\u00a0funcionamento, vizinhan\u00e7as e par\u00e2metros para uso e ocupa\u00e7\u00e3o quando para fins de<br \/>\nedifica\u00e7\u00e3o;<br \/>\n&#8211; Angariar im\u00f3veis, oferecidos ou procurados, diretamente com os interessados, visitando\u00a0determinadas vizinhan\u00e7as ou pesquisando em jornais;<br \/>\n&#8211; Inscrever im\u00f3veis no cadastro da imobili\u00e1ria;<br \/>\n&#8211; Veicular an\u00fancios na m\u00eddia;<br \/>\n&#8211; Contatar interessados na comercializa\u00e7\u00e3o de im\u00f3veis;<br \/>\n&#8211; Avaliar im\u00f3veis, urbanos ou rurais, comerciais ou residenciais;<br \/>\n&#8211; Atuar com responsabilidade social, justi\u00e7a e \u00e9tica profissional;<br \/>\n&#8211; Ter forma\u00e7\u00e3o human\u00edstica e vis\u00e3o global para compreender o meio onde est\u00e1 inserido e a\u00a0tomar decis\u00f5es em um mundo diversificado e interdependente;<br \/>\n&#8211; Ter forma\u00e7\u00e3o t\u00e9cnica e cient\u00edfica para atuar no mercado e desenvolver atividades\u00a0espec\u00edficas da pr\u00e1tica profissional;<br \/>\n&#8211; Estar em cont\u00ednuo aperfei\u00e7oamento profissional;<br \/>\n&#8211; Ser um agente transformador no meio profissional que atua;<br \/>\n&#8211; Ter dom\u00ednio da comunica\u00e7\u00e3o interpessoal;<br \/>\n&#8211; Ter capacidade para levantar, analisar e criticar documentos;<br \/>\n&#8211; Ter independ\u00eancia e curiosidade intelectual;<br \/>\n&#8211; Ter conhecimentos \u00e9ticos sobre Neg\u00f3cios Imobili\u00e1rios;<br \/>\n&#8211; Ter capacidade para trabalhar em equipe;<br \/>\n&#8211; Ter autonomia profissional e intelectual;<br \/>\n&#8211; Ter flexibilidade para se adaptar aos desafios das r\u00e1pidas transforma\u00e7\u00f5es da sociedade, no\u00a0mercado de trabalho e das condi\u00e7\u00f5es do exerc\u00edcio profissional;<br \/>\n&#8211; Ter capacidade de identificar e de se adaptar \u00e0s novas demandas do mercado em\u00a0conson\u00e2ncia com a compet\u00eancia te\u00f3rico-pr\u00e1tica;<br \/>\n&#8211; Ter compet\u00eancia intelectual que reflita a heterogeneidade das demandas sociais;<br \/>\n&#8211; Ter consci\u00eancia cultural para preserva\u00e7\u00e3o do meio ambiente e sua sustentabilidade.<\/p>\n<p style=\"text-align: justify\"><strong>MATRIZ CURRICULAR<\/strong><\/p>\n<p style=\"text-align: justify\"><a href=\"https:\/\/diretorias.ifbaiano.edu.br\/portal\/ead\/files\/2013\/07\/ti.png\"><img loading=\"lazy\" class=\"alignleft  wp-image-154\" alt=\"ti\" src=\"https:\/\/diretorias.ifbaiano.edu.br\/portal\/ead\/files\/2013\/07\/ti.png\" width=\"650\" height=\"700\" \/><\/a><\/p>\n<p style=\"text-align: justify\">\n","protected":false},"excerpt":{"rendered":"<p>Download do\u00a0Projeto Pol\u00edtico Pedag\u00f3gico\u00a0AQUI! EIXO TECNOL\u00d3GICO:Gest\u00e3o e Neg\u00f3cios P\u00daBLICO-ALVO:\u00a0Alunos com Ensino M\u00e9dio conclu\u00eddo em quaisquer modalidades regulamentadas e reconhecidas pelas Secretarias de Estado e pelo MEC.\u00a0Trabalhadores que necessitam de uma re-qualifica\u00e7\u00e3o profissional para retornar ao mercado\u00a0de trabalho. OBJETIVO: O principal objetivo do Instituto Federal do Paran\u00e1 \u00e9 oferecer um curso T\u00e9cnico em\u00a0Transa\u00e7\u00f5es imobili\u00e1rias na modalidade [&hellip;]<\/p>\n","protected":false},"author":7,"featured_media":0,"parent":145,"menu_order":0,"comment_status":"open","ping_status":"open","template":"","meta":{"ngg_post_thumbnail":0},"_links":{"self":[{"href":"https:\/\/diretorias.ifbaiano.edu.br\/portal\/ead\/wp-json\/wp\/v2\/pages\/139"}],"collection":[{"href":"https:\/\/diretorias.ifbaiano.edu.br\/portal\/ead\/wp-json\/wp\/v2\/pages"}],"about":[{"href":"https:\/\/diretorias.ifbaiano.edu.br\/portal\/ead\/wp-json\/wp\/v2\/types\/page"}],"author":[{"embeddable":true,"href":"https:\/\/diretorias.ifbaiano.edu.br\/portal\/ead\/wp-json\/wp\/v2\/users\/7"}],"replies":[{"embeddable":true,"href":"https:\/\/diretorias.ifbaiano.edu.br\/portal\/ead\/wp-json\/wp\/v2\/comments?post=139"}],"version-history":[{"count":10,"href":"https:\/\/diretorias.ifbaiano.edu.br\/portal\/ead\/wp-json\/wp\/v2\/pages\/139\/revisions"}],"predecessor-version":[{"id":149,"href":"https:\/\/diretorias.ifbaiano.edu.br\/portal\/ead\/wp-json\/wp\/v2\/pages\/139\/revisions\/149"}],"up":[{"embeddable":true,"href":"https:\/\/diretorias.ifbaiano.edu.br\/portal\/ead\/wp-json\/wp\/v2\/pages\/145"}],"wp:attachment":[{"href":"https:\/\/diretorias.ifbaiano.edu.br\/portal\/ead\/wp-json\/wp\/v2\/media?parent=139"}],"curies":[{"name":"wp","href":"https:\/\/api.w.org\/{rel}","templated":true}]}}