{"id":169,"date":"2013-07-17T16:37:24","date_gmt":"2013-07-17T16:37:24","guid":{"rendered":"http:\/\/diretorias.ifbaiano.edu.br\/portal\/ead\/?page_id=169"},"modified":"2015-10-22T12:15:16","modified_gmt":"2015-10-22T12:15:16","slug":"eventos","status":"publish","type":"page","link":"https:\/\/diretorias.ifbaiano.edu.br\/portal\/ead\/eventos\/","title":{"rendered":"T\u00e9cnico em Eventos"},"content":{"rendered":"<p>&nbsp;<\/p>\n<p><strong>Dura\u00e7\u00e3o:<\/strong> 2 anos<br \/>\n<strong>Grau:<\/strong> T\u00e9cnico<br \/>\n<strong>T\u00edtulo:<\/strong> T\u00e9cnico em Eventos<br \/>\n<strong>Turno:<\/strong> Noturno<br \/>\n<strong>Carga Hor\u00e1ria:<\/strong> 1.020 horas<br \/>\n<strong>Curso Finalizado<\/strong><\/p>\n<p><strong>P\u00fablico Alvo<\/strong><br \/>\nAlunos com Ensino M\u00e9dio conclu\u00eddo em quaisquer modalidades regulamentadas e reconhecidas pelas Secretarias de Estado e pelo MEC. Trabalhadores que necessitam de uma re-qualifica\u00e7\u00e3o profissional para retornar ao mercado de trabalho.<\/p>\n<p><strong>\u00c1rea de Atua\u00e7\u00e3o<\/strong><br \/>\nO profissional desempenhar\u00e1 fun\u00e7\u00f5es na \u00e1rea de gest\u00e3o e produ\u00e7\u00e3o, atendendo n\u00e3o s\u00f3 as tarefas rotineiras da organiza\u00e7\u00e3o de eventos ou atividades similares por meio de tarefas e perfis mais abrangentes, em diferentes \u00e1reas de atua\u00e7\u00e3o tais como: empresas privadas, esportes e lazer, turismo, entidades de classe, institui\u00e7\u00f5es p\u00fablicas e sem fins lucrativos.<br \/>\nAtuar\u00e1 na solu\u00e7\u00e3o de problemas ligados \u00e0s organiza\u00e7\u00f5es, construindo as seguintes compet\u00eancias:<br \/>\n\u2022 Compreender e se comunicar em idiomas estrangeiros bem como a l\u00edngua portuguesa e a comunica\u00e7\u00e3o empresarial.<br \/>\n\u2022 Conhecer a atua\u00e7\u00e3o do mestre de cerim\u00f4nias e a estrutura de funcionamento de um evento desde o seu planejamento at\u00e9 a sua operacionaliza\u00e7\u00e3o.<br \/>\n\u2022 Identificar e planejar as necessidades e uso dos recursos financeiros, materiais, f\u00edsicos e humanos para a realiza\u00e7\u00e3o de eventos.<br \/>\n\u2022 Valorizar e se apresentar de forma compat\u00edvel com a natureza de cada evento, sabendo trabalhar com a diversidade e particularidades compat\u00edveis com a natureza do mesmo.<br \/>\n\u2022 Entender e valorizar a leitura e a cultura, atuando de forma \u00e9tica e profissional com discri\u00e7\u00e3o, criatividade, inova\u00e7\u00e3o e coopera\u00e7\u00e3o.<\/p>\n<p>Atos Autorizativos <a href=\"https:\/\/diretorias.ifbaiano.edu.br\/portal\/ead\/files\/2015\/10\/Resolu\u00e7\u00e3o-36.pdf\">Clique aqui<\/a><\/p>\n","protected":false},"excerpt":{"rendered":"<p>&nbsp; Dura\u00e7\u00e3o: 2 anos Grau: T\u00e9cnico T\u00edtulo: T\u00e9cnico em Eventos Turno: Noturno Carga Hor\u00e1ria: 1.020 horas Curso Finalizado P\u00fablico Alvo Alunos com Ensino M\u00e9dio conclu\u00eddo em quaisquer modalidades regulamentadas e reconhecidas pelas Secretarias de Estado e pelo MEC. Trabalhadores que necessitam de uma re-qualifica\u00e7\u00e3o profissional para retornar ao mercado de trabalho. \u00c1rea de Atua\u00e7\u00e3o O [&hellip;]<\/p>\n","protected":false},"author":7,"featured_media":0,"parent":0,"menu_order":0,"comment_status":"open","ping_status":"open","template":"","meta":{"ngg_post_thumbnail":0},"_links":{"self":[{"href":"https:\/\/diretorias.ifbaiano.edu.br\/portal\/ead\/wp-json\/wp\/v2\/pages\/169"}],"collection":[{"href":"https:\/\/diretorias.ifbaiano.edu.br\/portal\/ead\/wp-json\/wp\/v2\/pages"}],"about":[{"href":"https:\/\/diretorias.ifbaiano.edu.br\/portal\/ead\/wp-json\/wp\/v2\/types\/page"}],"author":[{"embeddable":true,"href":"https:\/\/diretorias.ifbaiano.edu.br\/portal\/ead\/wp-json\/wp\/v2\/users\/7"}],"replies":[{"embeddable":true,"href":"https:\/\/diretorias.ifbaiano.edu.br\/portal\/ead\/wp-json\/wp\/v2\/comments?post=169"}],"version-history":[{"count":8,"href":"https:\/\/diretorias.ifbaiano.edu.br\/portal\/ead\/wp-json\/wp\/v2\/pages\/169\/revisions"}],"predecessor-version":[{"id":935,"href":"https:\/\/diretorias.ifbaiano.edu.br\/portal\/ead\/wp-json\/wp\/v2\/pages\/169\/revisions\/935"}],"wp:attachment":[{"href":"https:\/\/diretorias.ifbaiano.edu.br\/portal\/ead\/wp-json\/wp\/v2\/media?parent=169"}],"curies":[{"name":"wp","href":"https:\/\/api.w.org\/{rel}","templated":true}]}}