{"id":1848,"date":"2017-06-29T16:56:16","date_gmt":"2017-06-29T16:56:16","guid":{"rendered":"http:\/\/diretorias.ifbaiano.edu.br\/portal\/ead\/?page_id=1848"},"modified":"2017-06-29T18:50:45","modified_gmt":"2017-06-29T18:50:45","slug":"curso-de-vendas","status":"publish","type":"page","link":"https:\/\/diretorias.ifbaiano.edu.br\/portal\/ead\/curso-de-vendas\/","title":{"rendered":"Curso de Vendas"},"content":{"rendered":"<p>&nbsp;<\/p>\n<p><span style=\"color: #000000\">O Curso T\u00e9cnico em Vendas, do e<\/span><span style=\"color: #000000\">ixo\u00a0<\/span><span style=\"color: #000000\">t<\/span><span style=\"color: #000000\">ecnol\u00f3gico Gest\u00e3o e Neg\u00f3cios,\u00a0<\/span><span style=\"color: #000000\">na\u00a0<\/span><span style=\"color: #000000\">Modalidade Semipresencial, na forma subseq<\/span><span style=\"color: #000000\">u<\/span><span style=\"color: #000000\">ente,\u00a0<\/span><span style=\"color: #000000\">objetiva f<\/span>ormar profissionais com as habilidades e conhecimentos necess\u00e1rios para atua\u00e7\u00e3o no mundo do trabalho, dominando as compet\u00eancias para o exerc\u00edcio profissional de T\u00e9cnico em Vendas, com vistas a sustentabilidade dos empreendimentos, convergindo para o desenvolvimento socioecon\u00f4mico local e regional.\u00a0O curso possui\u00a0<span style=\"color: #000000\">carga hor\u00e1ria de 870 horas e tem como p<\/span><span style=\"color: #000000\">\u00fablico-alvo\u00a0<\/span><span style=\"color: #000000\">p<\/span><span style=\"color: #000000\">essoa que tenham conclu\u00eddo o ensino m\u00e9dio.<\/span><\/p>\n<p>&nbsp;<\/p>\n<p>Veja abaixo algumas fotos dos estudantes do Curso de Vendas nos encontros presenciais.<\/p>\n<p>&nbsp;<\/p>\n<p>&nbsp;<\/p>\n<p>&nbsp;<\/p>\n\n\t\t<style type=\"text\/css\">\n\t\t\t#gallery-1 {\n\t\t\t\tmargin: auto;\n\t\t\t}\n\t\t\t#gallery-1 .gallery-item {\n\t\t\t\tfloat: left;\n\t\t\t\tmargin-top: 10px;\n\t\t\t\ttext-align: center;\n\t\t\t\twidth: 25%;\n\t\t\t}\n\t\t\t#gallery-1 img {\n\t\t\t\tborder: 2px solid #cfcfcf;\n\t\t\t}\n\t\t\t#gallery-1 .gallery-caption {\n\t\t\t\tmargin-left: 0;\n\t\t\t}\n\t\t\t\/* see gallery_shortcode() in wp-includes\/media.php *\/\n\t\t<\/style>\n\t\t<div id='gallery-1' class='gallery galleryid-1848 gallery-columns-4 gallery-size-thumbnail'><dl class='gallery-item'>\n\t\t\t<dt class='gallery-icon landscape'>\n\t\t\t\t<a href='https:\/\/diretorias.ifbaiano.edu.br\/portal\/ead\/files\/2017\/06\/curso-vendas-26.jpeg'><img width=\"150\" height=\"150\" src=\"https:\/\/diretorias.ifbaiano.edu.br\/portal\/ead\/files\/2017\/06\/curso-vendas-26-150x150.jpeg\" class=\"attachment-thumbnail size-thumbnail\" alt=\"\" loading=\"lazy\" \/><\/a>\n\t\t\t<\/dt><\/dl><dl class='gallery-item'>\n\t\t\t<dt class='gallery-icon landscape'>\n\t\t\t\t<a href='https:\/\/diretorias.ifbaiano.edu.br\/portal\/ead\/files\/2017\/06\/curso-vendas-25.jpeg'><img width=\"150\" height=\"150\" src=\"https:\/\/diretorias.ifbaiano.edu.br\/portal\/ead\/files\/2017\/06\/curso-vendas-25-150x150.jpeg\" class=\"attachment-thumbnail size-thumbnail\" alt=\"\" loading=\"lazy\" \/><\/a>\n\t\t\t<\/dt><\/dl><dl class='gallery-item'>\n\t\t\t<dt class='gallery-icon landscape'>\n\t\t\t\t<a href='https:\/\/diretorias.ifbaiano.edu.br\/portal\/ead\/files\/2017\/06\/curso-vendas-24.jpeg'><img width=\"150\" height=\"150\" src=\"https:\/\/diretorias.ifbaiano.edu.br\/portal\/ead\/files\/2017\/06\/curso-vendas-24-150x150.jpeg\" class=\"attachment-thumbnail size-thumbnail\" alt=\"\" loading=\"lazy\" \/><\/a>\n\t\t\t<\/dt><\/dl><dl class='gallery-item'>\n\t\t\t<dt class='gallery-icon landscape'>\n\t\t\t\t<a href='https:\/\/diretorias.ifbaiano.edu.br\/portal\/ead\/files\/2017\/06\/curso-vendas-23.jpeg'><img width=\"150\" height=\"150\" src=\"https:\/\/diretorias.ifbaiano.edu.br\/portal\/ead\/files\/2017\/06\/curso-vendas-23-150x150.jpeg\" class=\"attachment-thumbnail size-thumbnail\" alt=\"\" loading=\"lazy\" \/><\/a>\n\t\t\t<\/dt><\/dl><br style=\"clear: both\" \/><dl class='gallery-item'>\n\t\t\t<dt class='gallery-icon landscape'>\n\t\t\t\t<a href='https:\/\/diretorias.ifbaiano.edu.br\/portal\/ead\/files\/2017\/06\/curso-vendas-22.jpeg'><img width=\"150\" height=\"150\" src=\"https:\/\/diretorias.ifbaiano.edu.br\/portal\/ead\/files\/2017\/06\/curso-vendas-22-150x150.jpeg\" class=\"attachment-thumbnail size-thumbnail\" alt=\"\" loading=\"lazy\" \/><\/a>\n\t\t\t<\/dt><\/dl><dl class='gallery-item'>\n\t\t\t<dt class='gallery-icon landscape'>\n\t\t\t\t<a href='https:\/\/diretorias.ifbaiano.edu.br\/portal\/ead\/files\/2017\/06\/curso-vendas-21.jpeg'><img width=\"150\" height=\"150\" src=\"https:\/\/diretorias.ifbaiano.edu.br\/portal\/ead\/files\/2017\/06\/curso-vendas-21-150x150.jpeg\" class=\"attachment-thumbnail size-thumbnail\" alt=\"\" loading=\"lazy\" \/><\/a>\n\t\t\t<\/dt><\/dl><dl class='gallery-item'>\n\t\t\t<dt class='gallery-icon landscape'>\n\t\t\t\t<a href='https:\/\/diretorias.ifbaiano.edu.br\/portal\/ead\/files\/2017\/06\/curso-vendas-20.jpeg'><img width=\"150\" height=\"150\" src=\"https:\/\/diretorias.ifbaiano.edu.br\/portal\/ead\/files\/2017\/06\/curso-vendas-20-150x150.jpeg\" class=\"attachment-thumbnail size-thumbnail\" alt=\"\" loading=\"lazy\" \/><\/a>\n\t\t\t<\/dt><\/dl><dl class='gallery-item'>\n\t\t\t<dt class='gallery-icon landscape'>\n\t\t\t\t<a href='https:\/\/diretorias.ifbaiano.edu.br\/portal\/ead\/files\/2017\/06\/curso-vendas-19.jpeg'><img width=\"150\" height=\"150\" src=\"https:\/\/diretorias.ifbaiano.edu.br\/portal\/ead\/files\/2017\/06\/curso-vendas-19-150x150.jpeg\" class=\"attachment-thumbnail size-thumbnail\" alt=\"\" loading=\"lazy\" \/><\/a>\n\t\t\t<\/dt><\/dl><br style=\"clear: both\" \/><dl class='gallery-item'>\n\t\t\t<dt class='gallery-icon landscape'>\n\t\t\t\t<a href='https:\/\/diretorias.ifbaiano.edu.br\/portal\/ead\/files\/2017\/06\/curso-vendas-18.jpeg'><img width=\"150\" height=\"150\" src=\"https:\/\/diretorias.ifbaiano.edu.br\/portal\/ead\/files\/2017\/06\/curso-vendas-18-150x150.jpeg\" class=\"attachment-thumbnail size-thumbnail\" alt=\"\" loading=\"lazy\" \/><\/a>\n\t\t\t<\/dt><\/dl><dl class='gallery-item'>\n\t\t\t<dt class='gallery-icon landscape'>\n\t\t\t\t<a href='https:\/\/diretorias.ifbaiano.edu.br\/portal\/ead\/files\/2017\/06\/curso-vendas-17.jpeg'><img width=\"150\" height=\"150\" src=\"https:\/\/diretorias.ifbaiano.edu.br\/portal\/ead\/files\/2017\/06\/curso-vendas-17-150x150.jpeg\" class=\"attachment-thumbnail size-thumbnail\" alt=\"\" loading=\"lazy\" \/><\/a>\n\t\t\t<\/dt><\/dl><dl class='gallery-item'>\n\t\t\t<dt class='gallery-icon landscape'>\n\t\t\t\t<a href='https:\/\/diretorias.ifbaiano.edu.br\/portal\/ead\/files\/2017\/06\/curso-vendas-16.jpeg'><img width=\"150\" height=\"150\" src=\"https:\/\/diretorias.ifbaiano.edu.br\/portal\/ead\/files\/2017\/06\/curso-vendas-16-150x150.jpeg\" class=\"attachment-thumbnail size-thumbnail\" alt=\"\" loading=\"lazy\" \/><\/a>\n\t\t\t<\/dt><\/dl><dl class='gallery-item'>\n\t\t\t<dt class='gallery-icon landscape'>\n\t\t\t\t<a href='https:\/\/diretorias.ifbaiano.edu.br\/portal\/ead\/files\/2017\/06\/curso-vendas-15.jpeg'><img width=\"150\" height=\"150\" src=\"https:\/\/diretorias.ifbaiano.edu.br\/portal\/ead\/files\/2017\/06\/curso-vendas-15-150x150.jpeg\" class=\"attachment-thumbnail size-thumbnail\" alt=\"\" loading=\"lazy\" \/><\/a>\n\t\t\t<\/dt><\/dl><br style=\"clear: both\" \/><dl class='gallery-item'>\n\t\t\t<dt class='gallery-icon landscape'>\n\t\t\t\t<a href='https:\/\/diretorias.ifbaiano.edu.br\/portal\/ead\/files\/2017\/06\/curso-vendas-14.jpeg'><img width=\"150\" height=\"150\" src=\"https:\/\/diretorias.ifbaiano.edu.br\/portal\/ead\/files\/2017\/06\/curso-vendas-14-150x150.jpeg\" class=\"attachment-thumbnail size-thumbnail\" alt=\"\" loading=\"lazy\" \/><\/a>\n\t\t\t<\/dt><\/dl><dl class='gallery-item'>\n\t\t\t<dt class='gallery-icon landscape'>\n\t\t\t\t<a href='https:\/\/diretorias.ifbaiano.edu.br\/portal\/ead\/files\/2017\/06\/curso-vendas-13.jpeg'><img width=\"150\" height=\"150\" src=\"https:\/\/diretorias.ifbaiano.edu.br\/portal\/ead\/files\/2017\/06\/curso-vendas-13-150x150.jpeg\" class=\"attachment-thumbnail size-thumbnail\" alt=\"\" loading=\"lazy\" \/><\/a>\n\t\t\t<\/dt><\/dl><dl class='gallery-item'>\n\t\t\t<dt class='gallery-icon landscape'>\n\t\t\t\t<a href='https:\/\/diretorias.ifbaiano.edu.br\/portal\/ead\/files\/2017\/06\/curso-vendas-12.jpeg'><img width=\"150\" height=\"150\" src=\"https:\/\/diretorias.ifbaiano.edu.br\/portal\/ead\/files\/2017\/06\/curso-vendas-12-150x150.jpeg\" class=\"attachment-thumbnail size-thumbnail\" alt=\"\" loading=\"lazy\" \/><\/a>\n\t\t\t<\/dt><\/dl><dl class='gallery-item'>\n\t\t\t<dt class='gallery-icon landscape'>\n\t\t\t\t<a href='https:\/\/diretorias.ifbaiano.edu.br\/portal\/ead\/files\/2017\/06\/curso-vendas-11.jpeg'><img width=\"150\" height=\"150\" src=\"https:\/\/diretorias.ifbaiano.edu.br\/portal\/ead\/files\/2017\/06\/curso-vendas-11-150x150.jpeg\" class=\"attachment-thumbnail size-thumbnail\" alt=\"\" loading=\"lazy\" \/><\/a>\n\t\t\t<\/dt><\/dl><br style=\"clear: both\" \/><dl class='gallery-item'>\n\t\t\t<dt class='gallery-icon landscape'>\n\t\t\t\t<a href='https:\/\/diretorias.ifbaiano.edu.br\/portal\/ead\/files\/2017\/06\/curso-vendas-10.jpeg'><img width=\"150\" height=\"150\" src=\"https:\/\/diretorias.ifbaiano.edu.br\/portal\/ead\/files\/2017\/06\/curso-vendas-10-150x150.jpeg\" class=\"attachment-thumbnail size-thumbnail\" alt=\"\" loading=\"lazy\" \/><\/a>\n\t\t\t<\/dt><\/dl><dl class='gallery-item'>\n\t\t\t<dt class='gallery-icon landscape'>\n\t\t\t\t<a href='https:\/\/diretorias.ifbaiano.edu.br\/portal\/ead\/files\/2017\/06\/curso-vendas-9.jpeg'><img width=\"150\" height=\"150\" src=\"https:\/\/diretorias.ifbaiano.edu.br\/portal\/ead\/files\/2017\/06\/curso-vendas-9-150x150.jpeg\" class=\"attachment-thumbnail size-thumbnail\" alt=\"\" loading=\"lazy\" \/><\/a>\n\t\t\t<\/dt><\/dl><dl class='gallery-item'>\n\t\t\t<dt class='gallery-icon landscape'>\n\t\t\t\t<a href='https:\/\/diretorias.ifbaiano.edu.br\/portal\/ead\/files\/2017\/06\/curso-vendas-8.jpeg'><img width=\"150\" height=\"150\" src=\"https:\/\/diretorias.ifbaiano.edu.br\/portal\/ead\/files\/2017\/06\/curso-vendas-8-150x150.jpeg\" class=\"attachment-thumbnail size-thumbnail\" alt=\"\" loading=\"lazy\" \/><\/a>\n\t\t\t<\/dt><\/dl><dl class='gallery-item'>\n\t\t\t<dt class='gallery-icon landscape'>\n\t\t\t\t<a href='https:\/\/diretorias.ifbaiano.edu.br\/portal\/ead\/files\/2017\/06\/curso-vendas-7.jpeg'><img width=\"150\" height=\"150\" src=\"https:\/\/diretorias.ifbaiano.edu.br\/portal\/ead\/files\/2017\/06\/curso-vendas-7-150x150.jpeg\" class=\"attachment-thumbnail size-thumbnail\" alt=\"\" loading=\"lazy\" \/><\/a>\n\t\t\t<\/dt><\/dl><br style=\"clear: both\" \/><dl class='gallery-item'>\n\t\t\t<dt class='gallery-icon landscape'>\n\t\t\t\t<a href='https:\/\/diretorias.ifbaiano.edu.br\/portal\/ead\/files\/2017\/06\/curso-vendas-6.jpeg'><img width=\"150\" height=\"150\" src=\"https:\/\/diretorias.ifbaiano.edu.br\/portal\/ead\/files\/2017\/06\/curso-vendas-6-150x150.jpeg\" class=\"attachment-thumbnail size-thumbnail\" alt=\"\" loading=\"lazy\" \/><\/a>\n\t\t\t<\/dt><\/dl><dl class='gallery-item'>\n\t\t\t<dt class='gallery-icon landscape'>\n\t\t\t\t<a href='https:\/\/diretorias.ifbaiano.edu.br\/portal\/ead\/files\/2017\/06\/curso-vendas-5.jpeg'><img width=\"150\" height=\"150\" src=\"https:\/\/diretorias.ifbaiano.edu.br\/portal\/ead\/files\/2017\/06\/curso-vendas-5-150x150.jpeg\" class=\"attachment-thumbnail size-thumbnail\" alt=\"\" loading=\"lazy\" \/><\/a>\n\t\t\t<\/dt><\/dl><dl class='gallery-item'>\n\t\t\t<dt class='gallery-icon landscape'>\n\t\t\t\t<a href='https:\/\/diretorias.ifbaiano.edu.br\/portal\/ead\/files\/2017\/06\/curso-vendas-4.jpeg'><img width=\"150\" height=\"150\" src=\"https:\/\/diretorias.ifbaiano.edu.br\/portal\/ead\/files\/2017\/06\/curso-vendas-4-150x150.jpeg\" class=\"attachment-thumbnail size-thumbnail\" alt=\"\" loading=\"lazy\" \/><\/a>\n\t\t\t<\/dt><\/dl><dl class='gallery-item'>\n\t\t\t<dt class='gallery-icon landscape'>\n\t\t\t\t<a href='https:\/\/diretorias.ifbaiano.edu.br\/portal\/ead\/files\/2017\/06\/curso-vendas-3.jpeg'><img width=\"150\" height=\"150\" src=\"https:\/\/diretorias.ifbaiano.edu.br\/portal\/ead\/files\/2017\/06\/curso-vendas-3-150x150.jpeg\" class=\"attachment-thumbnail size-thumbnail\" alt=\"\" loading=\"lazy\" \/><\/a>\n\t\t\t<\/dt><\/dl><br style=\"clear: both\" \/><dl class='gallery-item'>\n\t\t\t<dt class='gallery-icon landscape'>\n\t\t\t\t<a href='https:\/\/diretorias.ifbaiano.edu.br\/portal\/ead\/files\/2017\/06\/curso-vendas-2.jpeg'><img width=\"150\" height=\"150\" src=\"https:\/\/diretorias.ifbaiano.edu.br\/portal\/ead\/files\/2017\/06\/curso-vendas-2-150x150.jpeg\" class=\"attachment-thumbnail size-thumbnail\" alt=\"\" loading=\"lazy\" \/><\/a>\n\t\t\t<\/dt><\/dl><dl class='gallery-item'>\n\t\t\t<dt class='gallery-icon landscape'>\n\t\t\t\t<a href='https:\/\/diretorias.ifbaiano.edu.br\/portal\/ead\/files\/2017\/06\/curso-vendas-1.jpeg'><img width=\"150\" height=\"150\" src=\"https:\/\/diretorias.ifbaiano.edu.br\/portal\/ead\/files\/2017\/06\/curso-vendas-1-150x150.jpeg\" class=\"attachment-thumbnail size-thumbnail\" alt=\"\" loading=\"lazy\" \/><\/a>\n\t\t\t<\/dt><\/dl>\n\t\t\t<br style='clear: both' \/>\n\t\t<\/div>\n\n<p>&nbsp;<\/p>\n","protected":false},"excerpt":{"rendered":"<p>&nbsp; O Curso T\u00e9cnico em Vendas, do eixo\u00a0tecnol\u00f3gico Gest\u00e3o e Neg\u00f3cios,\u00a0na\u00a0Modalidade Semipresencial, na forma subsequente,\u00a0objetiva formar profissionais com as habilidades e conhecimentos necess\u00e1rios para atua\u00e7\u00e3o no mundo do trabalho, dominando as compet\u00eancias para o exerc\u00edcio profissional de T\u00e9cnico em Vendas, com vistas a sustentabilidade dos empreendimentos, convergindo para o desenvolvimento socioecon\u00f4mico local e regional.\u00a0O curso [&hellip;]<\/p>\n","protected":false},"author":1,"featured_media":0,"parent":0,"menu_order":0,"comment_status":"closed","ping_status":"closed","template":"","meta":{"ngg_post_thumbnail":0},"_links":{"self":[{"href":"https:\/\/diretorias.ifbaiano.edu.br\/portal\/ead\/wp-json\/wp\/v2\/pages\/1848"}],"collection":[{"href":"https:\/\/diretorias.ifbaiano.edu.br\/portal\/ead\/wp-json\/wp\/v2\/pages"}],"about":[{"href":"https:\/\/diretorias.ifbaiano.edu.br\/portal\/ead\/wp-json\/wp\/v2\/types\/page"}],"author":[{"embeddable":true,"href":"https:\/\/diretorias.ifbaiano.edu.br\/portal\/ead\/wp-json\/wp\/v2\/users\/1"}],"replies":[{"embeddable":true,"href":"https:\/\/diretorias.ifbaiano.edu.br\/portal\/ead\/wp-json\/wp\/v2\/comments?post=1848"}],"version-history":[{"count":3,"href":"https:\/\/diretorias.ifbaiano.edu.br\/portal\/ead\/wp-json\/wp\/v2\/pages\/1848\/revisions"}],"predecessor-version":[{"id":1886,"href":"https:\/\/diretorias.ifbaiano.edu.br\/portal\/ead\/wp-json\/wp\/v2\/pages\/1848\/revisions\/1886"}],"wp:attachment":[{"href":"https:\/\/diretorias.ifbaiano.edu.br\/portal\/ead\/wp-json\/wp\/v2\/media?parent=1848"}],"curies":[{"name":"wp","href":"https:\/\/api.w.org\/{rel}","templated":true}]}}