{"id":2,"date":"2013-06-12T12:30:07","date_gmt":"2013-06-12T12:30:07","guid":{"rendered":"http:\/\/diretorias.ifbaiano.edu.br\/portal\/ead\/?page_id=2"},"modified":"2026-02-26T19:55:12","modified_gmt":"2026-02-26T22:55:12","slug":"diretoria","status":"publish","type":"page","link":"https:\/\/diretorias.ifbaiano.edu.br\/portal\/ead\/diretoria\/","title":{"rendered":"Apresenta\u00e7\u00e3o"},"content":{"rendered":"<p align=\"justify\">A Diretoria de Educa\u00e7\u00e3o a Dist\u00e2ncia (DGRAED) comp\u00f5e a Pr\u00f3-Reitoria de Ensino (PROEN), sendo respons\u00e1vel pelas atividades relacionadas \u00e0 educa\u00e7\u00e3o a dist\u00e2ncia no \u00e2mbito do IF Baiano. A DGRAED, tem como finalidade realizar o planejamento, o acompanhamento, o desenvolvimento, a implementa\u00e7\u00e3o e a avalia\u00e7\u00e3o pedag\u00f3gica dos processos de educa\u00e7\u00e3o na modalidade a dist\u00e2ncia.<\/p>\n<p><strong>Miss\u00e3o<\/strong><br>Ampliar e diversificar as atividades de educa\u00e7\u00e3o no IF Baiano, em n\u00edveis m\u00e9dio, t\u00e9cnico, gradua\u00e7\u00e3o, de p\u00f3s-gradua\u00e7\u00e3o ou de extens\u00e3o, com a oferta regular de cursos a dist\u00e2ncia.<\/p>\n<p><strong>Objetivo<\/strong><br>Promover o desenvolvimento de cursos e atividades de Educa\u00e7\u00e3o a Dist\u00e2ncia (EAD), auxiliando assim o IF Baiano na sua miss\u00e3o \u201coferecer educa\u00e7\u00e3o profissional de qualidade, p\u00fablica e gratuita; em todos os n\u00edveis e modalidades, preparando pessoas para o pleno exerc\u00edcio da cidadania; contribuindo para o desenvolvimento social e econ\u00f4mico do pa\u00eds\u201d (PDI, 2013).<\/p>\n<p>&nbsp;<\/p>\n\n\n<p class=\"has-text-align-left\"><\/p>\n\n\n\n<p><strong>Para acessar o Moodle, clique no bot\u00e3o abaixo:<\/strong><\/p>\n\n\n\n<div class=\"wp-block-buttons\">\n<div class=\"wp-block-button has-custom-font-size has-small-font-size\"><a class=\"wp-block-button__link has-text-color has-background\" href=\"https:\/\/moodle.ifbaiano.edu.br\/moodle\/\" style=\"background-color:#085d28;color:#fcfcfc\" target=\"_blank\" rel=\"noreferrer noopener\">MOODLE IF BAIANO<\/a><\/div>\n<\/div>\n","protected":false},"excerpt":{"rendered":"<p>A Diretoria de Educa\u00e7\u00e3o a Dist\u00e2ncia (DGRAED) comp\u00f5e a Pr\u00f3-Reitoria de Ensino (PROEN), sendo respons\u00e1vel pelas atividades relacionadas \u00e0 educa\u00e7\u00e3o a dist\u00e2ncia no \u00e2mbito do IF Baiano. A DGRAED, tem como finalidade realizar o planejamento, o acompanhamento, o desenvolvimento, a implementa\u00e7\u00e3o e a avalia\u00e7\u00e3o pedag\u00f3gica dos processos de educa\u00e7\u00e3o na modalidade a dist\u00e2ncia. Miss\u00e3oAmpliar e [&hellip;]<\/p>\n","protected":false},"author":3,"featured_media":0,"parent":0,"menu_order":0,"comment_status":"open","ping_status":"open","template":"","meta":{"ngg_post_thumbnail":0},"_links":{"self":[{"href":"https:\/\/diretorias.ifbaiano.edu.br\/portal\/ead\/wp-json\/wp\/v2\/pages\/2"}],"collection":[{"href":"https:\/\/diretorias.ifbaiano.edu.br\/portal\/ead\/wp-json\/wp\/v2\/pages"}],"about":[{"href":"https:\/\/diretorias.ifbaiano.edu.br\/portal\/ead\/wp-json\/wp\/v2\/types\/page"}],"author":[{"embeddable":true,"href":"https:\/\/diretorias.ifbaiano.edu.br\/portal\/ead\/wp-json\/wp\/v2\/users\/3"}],"replies":[{"embeddable":true,"href":"https:\/\/diretorias.ifbaiano.edu.br\/portal\/ead\/wp-json\/wp\/v2\/comments?post=2"}],"version-history":[{"count":44,"href":"https:\/\/diretorias.ifbaiano.edu.br\/portal\/ead\/wp-json\/wp\/v2\/pages\/2\/revisions"}],"predecessor-version":[{"id":3005,"href":"https:\/\/diretorias.ifbaiano.edu.br\/portal\/ead\/wp-json\/wp\/v2\/pages\/2\/revisions\/3005"}],"wp:attachment":[{"href":"https:\/\/diretorias.ifbaiano.edu.br\/portal\/ead\/wp-json\/wp\/v2\/media?parent=2"}],"curies":[{"name":"wp","href":"https:\/\/api.w.org\/{rel}","templated":true}]}}