{"id":2112,"date":"2019-05-31T10:05:37","date_gmt":"2019-05-31T13:05:37","guid":{"rendered":"http:\/\/diretorias.ifbaiano.edu.br\/portal\/ead\/?page_id=2112"},"modified":"2026-02-26T21:37:53","modified_gmt":"2026-02-27T00:37:53","slug":"curso-tecnico-subsequente-em-multimeios-didaticos","status":"publish","type":"page","link":"https:\/\/diretorias.ifbaiano.edu.br\/portal\/ead\/curso-tecnico-subsequente-em-multimeios-didaticos\/","title":{"rendered":"Curso T\u00e9cnico em Multimeios Did\u00e1ticos Subsequente ao Ensino M\u00e9dio"},"content":{"rendered":"\n<p><strong>  <div id=\"TituloMenu\" class=\"dnone\"> Sobre o Curso <\/div> <\/strong><\/p>\n\n\n\n<p>O Curso T\u00e9cnico em Multimeios Did\u00e1ticos do IF Baiano \u00e9 ofertado na modalidade a dist\u00e2ncia, articulado de forma subsequente, com regime de matr\u00edcula semestral. Sua carga hor\u00e1ria total \u00e9 de 1.200 horas, distribu\u00eddas em 80% de estudos\/atividades virtuais e 20% de encontros presenciais, estes que ocorrem nos polos de EaD, conforme turnos e dias definidos por cada campus. <\/p>\n<p>Durante o per\u00edodo de distanciamento social imposto pela pandemia da Covid-19, os encontros presenciais est\u00e3o sendo substitu\u00eddos temporariamente por atividades pedag\u00f3gicas n\u00e3o presenciais que ocorrem prioritariamente na Plataforma Moodle.<\/p>\n\n\n\n<p class=\"has-text-align-left\">A EaD do IF Baiano \u00e9 chamada de h\u00edbrida, pois os cursos t\u00e9cnicos que s\u00e3o ofertados misturam atividades acad\u00eamicas realizadas em encontros presenciais, que ocorrem no ambiente f\u00edsico da sala de aula do seu campus\/polo, com atividades virtuais, que dever\u00e3o ser desenvolvidas no computador, no smartphone, no notebook ou no tablet, em Ambiente Virtual de Aprendizagem, tamb\u00e9m chamado de AVA. No IF Baiano, a ferramenta utilizada para a constru\u00e7\u00e3o do AVA \u00e9 o Modular Object-Oriented Dynamic Learning Environment (Moodle). Nele, est\u00e1 a sala de aula virtual que os(as) estudantes e os(as) professores(as) ir\u00e3o utilizar ao longo do curso.  <\/p>\n\n\n\n<p class=\"has-text-align-left\"><strong>Para acessar o Moodle, clique no bot\u00e3o abaixo:<\/strong> <\/p>\n\n\n\n<div class=\"wp-block-buttons\">\n<div class=\"wp-block-button has-custom-font-size has-small-font-size\"><a class=\"wp-block-button__link has-text-color has-background\" href=\"https:\/\/moodle.ifbaiano.edu.br\/moodle\/\" style=\"background-color:#085d28;color:#fcfcfc\" target=\"_blank\" rel=\"noreferrer noopener\">MOODLE IF BAIANO<\/a><\/div>\n<\/div>\n\n\n\n<p><br><strong> <div id=\"TituloMenu\" class=\"dnone\">   Objetivo <\/div> <\/strong><\/p>\n\n\n\n<p>Formar t\u00e9cnicos em Multimeios Did\u00e1ticos capazes de planejar, executar, controlar e avaliar a\u00e7\u00f5es que relacionem tecnologias, comunica\u00e7\u00e3o e aprendizagem no contexto educacional e de associar a infraestrutura tecnol\u00f3gica ao desenvolvimento da pr\u00e1tica educativa em cursos presenciais e a dist\u00e2ncia.<\/p>\n\n\n\n<p><br><strong> <div id=\"TituloMenu\" class=\"dnone\"> Perfil do Egresso <\/div> <\/strong><\/p>\n\n\n\n<p>O profissional do T\u00e9cnico em Multimeios Did\u00e1ticos deve demonstrar conhecimentos, saberes, valores e habilidades que o credenciam como educador dos espa\u00e7os e ambientes de comunica\u00e7\u00e3o e tecnologia na escola.<\/p>\n\n\n\n<p><br><strong><div id=\"TituloMenu\" class=\"dnone\"> \u00c1rea de atua\u00e7\u00e3o <\/div> <\/strong><\/p>\n\n\n\n<p>O t\u00e9cnico em Multimeios Did\u00e1ticos podem atuar em escolas e centros de forma\u00e7\u00e3o profissional, associa\u00e7\u00f5es comunit\u00e1rias, \u00f3rg\u00e3os de sistemas educacionais e redes de ensino para associar a infraestrutura tecnol\u00f3gica ao desenvolvimento da a\u00e7\u00e3o educativa em cursos presenciais e a dist\u00e2ncia.<\/p>\n\n\n\n<p><br><strong><div id=\"TituloMenu\" class=\"dnone\">P\u00fablico-alvo<\/div><\/strong> <\/p>\n\n\n\n<p>Egressos do ensino m\u00e9dio interessados em atuar ou que j\u00e1 atuem como funcion\u00e1rios de escolas ou em fun\u00e7\u00f5es correlatas da \u00e1rea educacional.<\/p>\n\n\n\n<p><br><strong><div id=\"TituloMenu\" class=\"dnone\"> Forma de ingresso<\/div><\/strong> <\/p>\n\n\n\n<p>Processo Seletivo Unificado ou Processo Seletivo Especial do IF Baiano.<\/p>\n\n\n\n<p><\/p>\n\n\n\n<p><strong> <div id=\"TituloMenu\" class=\"dnone\"> Dura\u00e7\u00e3o do Curso<\/div><\/strong> <\/p>\n\n\n\n<p>18 meses.<\/p>\n\n\n\n<p><strong><\/strong><\/p><div id=\"TituloMenu\" class=\"dnone\"><strong> Matriz Curricular e Carga hor\u00e1ria do curso<\/strong><\/div><p><\/p>\n\n\n\n<p> <\/p>\n\n\n\n<p class=\"has-text-align-center\"><strong>M\u00d3DULO I<\/strong><\/p>\n\n\n\n<table id=\"tablepress-18\" class=\"tablepress tablepress-id-18\">\n<thead>\n<tr class=\"row-1 odd\">\n\t<th class=\"column-1\">COMPONENTE CURRICULAR<\/th><th class=\"column-2\"><div align=\"center\">CARGA HOR\u00c1RIA TOTAL<\/div><\/th><th class=\"column-3\"><div align=\"center\">PROFESSOR(A) FORMADOR(A)<\/div><\/th>\n<\/tr>\n<\/thead>\n<tbody class=\"row-hover\">\n<tr class=\"row-2 even\">\n\t<td class=\"column-1\">Fundamentos e Pr\u00e1ticas em EaD<\/td><td class=\"column-2\"><div align=\"center\">40<\/div><\/td><td class=\"column-3\"><div align=\"center\">Tatiana Araujo Reis<\/div><\/td>\n<\/tr>\n<tr class=\"row-3 odd\">\n\t<td class=\"column-1\">Orienta\u00e7\u00f5es Gerais<\/td><td class=\"column-2\"><div align=\"center\">40<\/div><\/td><td class=\"column-3\"><div align=\"center\">Cristiane Brito Machado<\/div><\/td>\n<\/tr>\n<tr class=\"row-4 even\">\n\t<td class=\"column-1\">Orienta\u00e7\u00f5es da Pr\u00e1tica Profissional<\/td><td class=\"column-2\"><div align=\"center\">40<\/div><\/td><td class=\"column-3\"><div align=\"center\">Karina Nery Embirussu<\/div><\/td>\n<\/tr>\n<tr class=\"row-5 odd\">\n\t<td class=\"column-1\">Projeto Integrador I <\/td><td class=\"column-2\"><div align=\"center\">40<\/div><\/td><td class=\"column-3\"><div align=\"center\">An\u00edsia Gon\u00e7alves Dias Neta<\/div><\/td>\n<\/tr>\n<tr class=\"row-6 even\">\n\t<td class=\"column-1\">Inform\u00e1tica B\u00e1sica<\/td><td class=\"column-2\"><div align=\"center\">60<\/div><\/td><td class=\"column-3\"><div align=\"center\">Gilvan Martins Dur\u00e3es<\/div><\/td>\n<\/tr>\n<tr class=\"row-7 odd\">\n\t<td class=\"column-1\">Produ\u00e7\u00e3o Textual na Educa\u00e7\u00e3o Escolar<\/td><td class=\"column-2\"><div align=\"center\">60<\/div><\/td><td class=\"column-3\"><div align=\"center\">Ant\u00f4nio Carlos da Silva Costa de Souza<\/div><\/td>\n<\/tr>\n<tr class=\"row-8 even\">\n\t<td class=\"column-1\">Libras: No\u00e7\u00f5es Introdut\u00f3rias<\/td><td class=\"column-2\"><div align=\"center\">60<\/div><\/td><td class=\"column-3\"><div align=\"center\">Andr\u00e9ia R\u00eago da Silva Reis<\/div><\/td>\n<\/tr>\n<tr class=\"row-9 odd\">\n\t<td class=\"column-1\">Direito Administrativo e do Trabalho <\/td><td class=\"column-2\"><div align=\"center\">60<\/div><\/td><td class=\"column-3\"><div align=\"center\">Ant\u00f4nio Carlos da Silva Costa de Souza<\/div><\/td>\n<\/tr>\n<tr class=\"row-10 even\">\n\t<td class=\"column-1\"><strong> SUBTOTAL<\/strong><\/td><td class=\"column-2\"><div align=\"center\">400<\/div><\/td><td class=\"column-3\"><div align=\"center\">-<\/div><\/td>\n<\/tr>\n<\/tbody>\n<\/table>\n<!-- #tablepress-18 from cache -->\n\n\n\n<p class=\"has-text-align-center\"><strong>M\u00d3DULO II<\/strong><\/p>\n\n\n\n<table id=\"tablepress-19\" class=\"tablepress tablepress-id-19\">\n<thead>\n<tr class=\"row-1 odd\">\n\t<th class=\"column-1\">COMPONENTE CURRICULAR<\/th><th class=\"column-2\"><div align=\"center\">CARGA HOR\u00c1RIA TOTAL<\/div><\/th><th class=\"column-3\"><div align=\"center\">PROFESSOR(A) FORMADOR(A)<\/div><\/th>\n<\/tr>\n<\/thead>\n<tbody class=\"row-hover\">\n<tr class=\"row-2 even\">\n\t<td class=\"column-1\">Educadores e Educandos: tempos<br \/>\nhist\u00f3ricos <\/td><td class=\"column-2\"><div align=\"center\">60<\/div><\/td><td class=\"column-3\"><div align=\"center\">Est\u00e1cio Moreira da Silva<\/div><\/td>\n<\/tr>\n<tr class=\"row-3 odd\">\n\t<td class=\"column-1\">Gest\u00e3o da Educa\u00e7\u00e3o Escolar<\/td><td class=\"column-2\"><div align=\"center\">60<\/div><\/td><td class=\"column-3\"><div align=\"center\">Cristiane Brito Machado<\/div><\/td>\n<\/tr>\n<tr class=\"row-4 even\">\n\t<td class=\"column-1\">Homem, Pensamento e Cultura:<br \/>\nabordagens filos\u00f3fica e antropol\u00f3gica <\/td><td class=\"column-2\"><div align=\"center\">60<\/div><\/td><td class=\"column-3\"><div align=\"center\">An\u00edsia Gon\u00e7alves Dias Neta<\/div><\/td>\n<\/tr>\n<tr class=\"row-5 odd\">\n\t<td class=\"column-1\">Educa\u00e7\u00e3o, Sociedade e Trabalho:<br \/>\nabordagem sociol\u00f3gica da educa\u00e7\u00e3o<\/td><td class=\"column-2\"><div align=\"center\">60<\/div><\/td><td class=\"column-3\"><div align=\"center\">L\u00edvia Tavares Mendes Froes<\/div><\/td>\n<\/tr>\n<tr class=\"row-6 even\">\n\t<td class=\"column-1\">Rela\u00e7\u00f5es Interpessoais: abordagem<br \/>\npsicol\u00f3gica<\/td><td class=\"column-2\"><div align=\"center\">60<\/div><\/td><td class=\"column-3\"><div align=\"center\">Karina Nery Embirussu<\/div><\/td>\n<\/tr>\n<tr class=\"row-7 odd\">\n\t<td class=\"column-1\">Primeiros Socorros<\/td><td class=\"column-2\"><div align=\"center\">60<\/div><\/td><td class=\"column-3\"><div align=\"center\">Evelin Santiago Vasconcelos dos Santos<\/div><\/td>\n<\/tr>\n<tr class=\"row-8 even\">\n\t<td class=\"column-1\">Projeto Integrador II<\/td><td class=\"column-2\"><div align=\"center\">40<\/div><\/td><td class=\"column-3\"><div align=\"center\">Auda Ribeiro Silva<\/div><\/td>\n<\/tr>\n<tr class=\"row-9 odd\">\n\t<td class=\"column-1\"><strong> SUBTOTAL<\/strong><\/td><td class=\"column-2\"><div align=\"center\">400<\/div><\/td><td class=\"column-3\"><div align=\"center\">-<\/div><\/td>\n<\/tr>\n<\/tbody>\n<\/table>\n<!-- #tablepress-19 from cache -->\n\n\n\n<p class=\"has-text-align-center\"><strong>M\u00d3DULO III<\/strong><\/p>\n\n\n\n<table id=\"tablepress-6\" class=\"tablepress tablepress-id-6\">\n<thead>\n<tr class=\"row-1 odd\">\n\t<th class=\"column-1\">COMPONENTE CURRICULAR<\/th><th class=\"column-2\"><div align=\"center\">CARGA HOR\u00c1RIA TOTAL<\/div><\/th><th class=\"column-3\"><div align=\"center\">PROFESSOR(A) FORMADOR(A)<\/div><\/th>\n<\/tr>\n<\/thead>\n<tbody class=\"row-hover\">\n<tr class=\"row-2 even\">\n\t<td class=\"column-1\">Teorias da Comunica\u00e7\u00e3o<\/td><td class=\"column-2\"><div align=\"center\">40<\/div><\/td><td class=\"column-3\"><div align=\"center\">Aldenice de Jesus Cardoso de Almeida<\/div><\/td>\n<\/tr>\n<tr class=\"row-3 odd\">\n\t<td class=\"column-1\">Biblioteca Escolar<\/td><td class=\"column-2\"><div align=\"center\">60<\/div><\/td><td class=\"column-3\"><div align=\"center\">Karina Nery Embirussu<\/div><\/td>\n<\/tr>\n<tr class=\"row-4 even\">\n\t<td class=\"column-1\">Laborat\u00f3rios<\/td><td class=\"column-2\"><div align=\"center\">60<\/div><\/td><td class=\"column-3\"><div align=\"center\">Cec\u00edlia Nunes Silva<\/div><\/td>\n<\/tr>\n<tr class=\"row-5 odd\">\n\t<td class=\"column-1\">Inform\u00e1tica Aplicada \u00e0 Educa\u00e7\u00e3o<\/td><td class=\"column-2\"><div align=\"center\">40<\/div><\/td><td class=\"column-3\"><div align=\"center\">Roberta Mercia Rodrigues de Oliveira<\/div><\/td>\n<\/tr>\n<tr class=\"row-6 even\">\n\t<td class=\"column-1\">Oficinas Culturais<\/td><td class=\"column-2\"><div align=\"center\">40<\/div><\/td><td class=\"column-3\"><div align=\"center\">Marcos Cajaiba<\/div><\/td>\n<\/tr>\n<tr class=\"row-7 odd\">\n\t<td class=\"column-1\">Audiovisuais<\/td><td class=\"column-2\"><div align=\"center\">60<\/div><\/td><td class=\"column-3\"><div align=\"center\">Ac\u00e1cia Ang\u00e9lica Monteiro<\/div><\/td>\n<\/tr>\n<tr class=\"row-8 even\">\n\t<td class=\"column-1\">Inform\u00e1tica Aplicada \u00e0s Artes<\/td><td class=\"column-2\"><div align=\"center\">60<\/div><\/td><td class=\"column-3\"><div align=\"center\">Thiago Machado Sampaio<\/div><\/td>\n<\/tr>\n<tr class=\"row-9 odd\">\n\t<td class=\"column-1\">Projeto Integrador III<\/td><td class=\"column-2\"><div align=\"center\">40<\/div><\/td><td class=\"column-3\"><div align=\"center\">Jana\u00edna dos Reis Rosado<\/div><\/td>\n<\/tr>\n<tr class=\"row-10 even\">\n\t<td class=\"column-1\"><strong> SUBTOTAL<\/strong><\/td><td class=\"column-2\"><div align=\"center\">400<\/div><\/td><td class=\"column-3\"><div align=\"center\">-<\/div><\/td>\n<\/tr>\n<\/tbody>\n<\/table>\n<!-- #tablepress-6 from cache -->\n\n\n\n<p class=\"has-text-align-left\">CARGA HOR\u00c1RIA DO EIXO TECNOL\u00d3GICO: <strong>1200 horas<\/strong><\/p>\n\n\n\n<p><\/p>\n\n\n\n<p><br><strong><\/strong><\/p><div id=\"TituloMenu\" class=\"dnone\"><strong> Crit\u00e9rios de avalia\u00e7\u00e3o<\/strong><\/div><p><\/p>\n\n\n\n<p>\u00c9 considerado aprovado o(a) estudante que obtiver nota igual ou superior a 6,0 (seis) e possuir frequ\u00eancia igual ou superior a 75% (setenta e cinco por cento) do total de horas letivas, desenvolvidas em cada componente curricular.<\/p>\n\n\n\n<p><strong><div id=\"TituloMenu\" class=\"dnone\"> Per\u00edodo de integraliza\u00e7\u00e3o<\/div><\/strong> <\/p>\n\n\n\n<p>Per\u00edodo m\u00e1ximo de integraliza\u00e7\u00e3o de 36 meses.<\/p>\n\n\n\n<p><strong><div id=\"TituloMenu\" class=\"dnone\"> Corpo Docente<\/div><\/strong><\/p>\n\n\n\n<table id=\"tablepress-7\" class=\"tablepress tablepress-id-7\">\n<thead>\n<tr class=\"row-1 odd\">\n\t<th class=\"column-1\">Coordenadora do Curso T\u00e9cnico em Multimeios Did\u00e1ticos Subsequente ao Ensino M\u00e9dio<br \/>\nKarina Nery Embirussu<br \/>\ncurso.multimeios@ead.ifbaiano.edu.br <br \/>\n<\/th>\n<\/tr>\n<\/thead>\n<tbody class=\"row-hover\">\n<tr class=\"row-2 even\">\n\t<td class=\"column-1\"><strong>Alexandra Souza Carvalho<\/strong><br \/>\n<strong>Curr\u00edculo Lattes: <\/strong> <a href=\"http:\/\/lattes.cnpq.br\/3478114592554532\">http:\/\/lattes.cnpq.br\/3478114592554532<\/a><br \/>\n<strong>Contato:<\/strong> alexandra.carvalho@ifbaiano.edu.br<br \/>\n<strong>Disciplina Ministrada no Curso:<\/strong>  Laborat\u00f3rios<\/td>\n<\/tr>\n<tr class=\"row-3 odd\">\n\t<td class=\"column-1\"><strong>Am\u00f3s Oliveira<\/strong><br \/>\n<strong>Curr\u00edculo Lattes: <\/strong> <a href=\"http:\/\/lattes.cnpq.br\/6019288150270461\">http:\/\/lattes.cnpq.br\/6019288150270461<\/a><br \/>\n<strong>Contato:<\/strong> amos.oliveira@ifbaiano.edu.br<br \/>\n<strong>Disciplinas Ministradas no Curso:<\/strong> Oficinas Culturais  e Projeto Integrador <\/td>\n<\/tr>\n<tr class=\"row-4 even\">\n\t<td class=\"column-1\"><strong>Andr\u00e9ia R\u00eago da Silva Reis<\/strong><br \/>\n<strong>Curr\u00edculo Lattes: <\/strong> <a href=\"\/\/lattes.cnpq.br\/3753032454131722\">http:\/\/lattes.cnpq.br\/3753032454131722<\/a><br \/>\n<strong>Contato:<\/strong> andreia.reis@ifbaiano.edu.br<br \/>\n<strong>Disciplina Ministrada no Curso:<\/strong> Libras<\/td>\n<\/tr>\n<tr class=\"row-5 odd\">\n\t<td class=\"column-1\"><strong>An\u00edsia Gon\u00e7alves Dias Neta <\/strong><br \/>\n<strong>Curr\u00edculo Lattes: <\/strong> <a href=\"http:\/\/lattes.cnpq.br\/4449234119195798\">http:\/\/lattes.cnpq.br\/4449234119195798<\/a><br \/>\n<strong>Contato:<\/strong> anisia.dias@ifbaiano.edu.br<br \/>\n<strong>Disciplina Ministrada no Curso:<\/strong> Homem, Pensamento e Cultura: abordagens <\/td>\n<\/tr>\n<tr class=\"row-6 even\">\n\t<td class=\"column-1\"><strong>Ant\u00f4nio Carlos da Silva Costa de Souza<\/strong><br \/>\n<strong>Curr\u00edculo Lattes:<\/strong> <a href=\"http:\/\/lattes.cnpq.br\/4151027122048780\">http:\/\/lattes.cnpq.br\/4151027122048780<\/a><br \/>\n<strong>Contato:<\/strong> antonio.costa@ifbaiano.edu.br<br \/>\n<strong>Disciplinas Ministradas no Curso:<\/strong> Produ\u00e7\u00e3o Textual da Educa\u00e7\u00e3o Escolar  e  Direito Administrativo e do Trabalho <\/td>\n<\/tr>\n<tr class=\"row-7 odd\">\n\t<td class=\"column-1\"><strong>Caio Lincoln Santos Ara\u00fajo<\/strong><br \/>\n<strong>Curr\u00edculo Lattes:<\/strong> <a href=\"http:\/\/lattes.cnpq.br\/8187216144758613\">http:\/\/lattes.cnpq.br\/8187216144758613<\/a><br \/>\n<strong>Contato:<\/strong> caio.lincoln@ifbaiano.edu.br<br \/>\n<strong>Disciplina Ministrada no Curso:<\/strong> Audiovisuais<\/td>\n<\/tr>\n<tr class=\"row-8 even\">\n\t<td class=\"column-1\"><strong>Cristiane Brito Machado <\/strong><br \/>\n<strong>Curr\u00edculo Lattes:<\/strong> <a href=\"http:\/\/lattes.cnpq.br\/8900177927669355\">http:\/\/lattes.cnpq.br\/8900177927669355<\/a><br \/>\n<strong>Contato:<\/strong> cristiane.brito@ifbaiano.edu.br<br \/>\n<strong>Disciplinas Ministradas no Curso:<\/strong> Gest\u00e3o da Educa\u00e7\u00e3o Escolar  e Projeto Integrador II <\/td>\n<\/tr>\n<tr class=\"row-9 odd\">\n\t<td class=\"column-1\"><strong>Fernanda Caroline Cerqueira Palmeira <\/strong><br \/>\n<strong>Curr\u00edculo Lattes:<\/strong> <a href=\"http:\/\/lattes.cnpq.br\/2997684055661266\">http:\/\/lattes.cnpq.br\/2997684055661266<\/a><br \/>\n<strong>Contato:<\/strong> fernanda.cerqueira@ifbaiano.edu.br<br \/>\n<strong>Disciplina Ministrada no Curso:<\/strong> Primeiros Socorros <\/td>\n<\/tr>\n<tr class=\"row-10 even\">\n\t<td class=\"column-1\"><strong>Gabriela Oliveira Mota da Silva <\/strong><br \/>\n<strong>Curr\u00edculo Lattes:<\/strong> <a href=\"http:\/\/lattes.cnpq.br\/0571527285405113\">http:\/\/lattes.cnpq.br\/0571527285405113<\/a><br \/>\n<strong>Contato:<\/strong> gabriela.mota@ifbaiano.edu.br<br \/>\n<strong>Disciplina Ministrada no Curso:<\/strong> Inform\u00e1tica aplicada \u00e0s artes <\/td>\n<\/tr>\n<tr class=\"row-11 odd\">\n\t<td class=\"column-1\"><strong>Geusa da Purifica\u00e7\u00e3o Pereira  <\/strong><br \/>\n<strong>Curr\u00edculo Lattes:<\/strong> <a href=\"http:\/\/lattes.cnpq.br\/8700339472036347\">http:\/\/lattes.cnpq.br\/8700339472036347<\/a><br \/>\n<strong>Contato:<\/strong> geusa.pereira@ifbaiano.edu.br<br \/>\n<strong>Disciplina Ministrada no Curso:<\/strong> Teorias da Comunica\u00e7\u00e3o <\/td>\n<\/tr>\n<tr class=\"row-12 even\">\n\t<td class=\"column-1\"><strong>Gilvan Martins Dur\u00e3es <\/strong><br \/>\n<strong>Curr\u00edculo Lattes:<\/strong> <a href=\"http:\/\/lattes.cnpq.br\/2100862803602149\">http:\/\/lattes.cnpq.br\/2100862803602149<\/a><br \/>\n<strong>Contato:<\/strong> gilvan.duraes@ifbaiano.edu.br<br \/>\n<strong>Disciplina Ministrada no Curso:<\/strong> Inform\u00e1tica B\u00e1sica <\/td>\n<\/tr>\n<tr class=\"row-13 odd\">\n\t<td class=\"column-1\"><strong>Ilma da Silva Cabral<\/strong><br \/>\n<strong>Curr\u00edculo Lattes:<\/strong> <a href=\"http:\/\/lattes.cnpq.br\/5371764530531969\">http:\/\/lattes.cnpq.br\/5371764530531969<\/a><br \/>\n<strong>Contato:<\/strong> ilma.cabral@ifbaiano.edu.br<br \/>\n<strong>Disciplina Ministrada no Curso:<\/strong> Projeto Integrador I <\/td>\n<\/tr>\n<tr class=\"row-14 even\">\n\t<td class=\"column-1\"><strong>Jana\u00edna dos Reis Rosado<\/strong><br \/>\n<strong>Curr\u00edculo Lattes:<\/strong> <a href=\"http:\/\/lattes.cnpq.br\/9963453541925715\">http:\/\/lattes.cnpq.br\/9963453541925715<\/a><br \/>\n<strong>Contato:<\/strong> janaina.rosado@ifbaiano.edu.br<br \/>\n<strong>Disciplina Ministrada no Curso:<\/strong> Orienta\u00e7\u00f5es Gerais <\/td>\n<\/tr>\n<tr class=\"row-15 odd\">\n\t<td class=\"column-1\"><strong>Karina Nery Embirussu<\/strong><br \/>\n<strong>Curr\u00edculo Lattes:<\/strong> <a href=\"http:\/\/lattes.cnpq.br\/2296726503400909\">http:\/\/lattes.cnpq.br\/2296726503400909<\/a><br \/>\n<strong>Contato:<\/strong> curso.multimeios@ead.ifbaiano.edu.br <br \/>\n<strong>Disciplinas Ministradas no Curso:<\/strong> Orienta\u00e7\u00f5es da Pr\u00e1tica Profissional  e Rela\u00e7\u00f5es Interpessoais: abordagem psicol\u00f3gica <\/td>\n<\/tr>\n<tr class=\"row-16 even\">\n\t<td class=\"column-1\"><strong>L\u00edvia Tavares Mendes Froes <\/strong><br \/>\n<strong>Curr\u00edculo Lattes:<\/strong> <a href=\"http:\/\/lattes.cnpq.br\/2733656699839435\">http:\/\/lattes.cnpq.br\/2733656699839435<\/a><br \/>\n<strong>Contato:<\/strong> livia.froes@ifbaiano.edu.br<br \/>\n<strong>Disciplina Ministrada no Curso:<\/strong> Educa\u00e7\u00e3o, Sociedade e Trabalho: abordagem <\/td>\n<\/tr>\n<tr class=\"row-17 odd\">\n\t<td class=\"column-1\"><strong>Luciana de Oliveira Sampaio Castro <\/strong><br \/>\n<strong>Curr\u00edculo Lattes:<\/strong> <a href=\"http:\/\/lattes.cnpq.br\/4741373753599571\">http:\/\/lattes.cnpq.br\/4741373753599571<\/a><br \/>\n<strong>Contato:<\/strong> luciana.castro@ifbaiano.edu.br<br \/>\n<strong>Disciplina Ministrada no Curso:<\/strong> Fundamentos e Pr\u00e1ticas na EaD <\/td>\n<\/tr>\n<tr class=\"row-18 even\">\n\t<td class=\"column-1\"><strong>Roberta Mercia Rodrigues de Oliveira<\/strong><br \/>\n<strong>Curr\u00edculo Lattes:<\/strong> <a href=\"http:\/\/lattes.cnpq.br\/0032618052445855\">http:\/\/lattes.cnpq.br\/0032618052445855<\/a><br \/>\n<strong>Contato:<\/strong>  roberta.oliveira@ifbaiano.edu.br<br \/>\n<strong>Disciplina Ministrada no Curso:<\/strong> Inform\u00e1tica aplicada \u00e0 Educa\u00e7\u00e3o <\/td>\n<\/tr>\n<tr class=\"row-19 odd\">\n\t<td class=\"column-1\"><strong>Simone Varela <\/strong><br \/>\n<strong>Curr\u00edculo Lattes:<\/strong><a href=\"http:\/\/lattes.cnpq.br\/8249879413860593\">http:\/\/lattes.cnpq.br\/8249879413860593<\/a><br \/>\n<strong>Contato:<\/strong>simone.varela@ifbaiano.edu.br<br \/>\n<strong>Disciplina Ministrada no Curso:<\/strong> Educadores e Educandos: Tempos Hist\u00f3ricos <\/td>\n<\/tr>\n<\/tbody>\n<\/table>\n<!-- #tablepress-7 from cache -->\n\n\n\n<p><strong><div id=\"TituloMenu\" class=\"dnone\"> Informa\u00e7\u00f5es sobre t\u00edtulo e certificado<\/strong><\/div> <\/p>\n\n\n\n<p>Diploma de t\u00e9cnico em Multimeios Did\u00e1ticos emitido pelo Instituto Federal Baiano.<\/p>\n\n\n\n<p><strong><div id=\"TituloMenu\" class=\"dnone\"> Projeto Pedag\u00f3gico do Curso<\/strong><\/div><\/p>\n\n\n\n<p>O Projeto Pedag\u00f3gico do Curso (PPC) T\u00e9cnico em Multimeios Did\u00e1ticos Subsequente ao Ensino M\u00e9dio, na modalidade a dist\u00e2ncia, tem perspectiva de educa\u00e7\u00e3o interativa, significativa e flex\u00edvel, pertencente ao Eixo Tecnol\u00f3gico de Desenvolvimento Educacional e Social do Cat\u00e1logo Nacional de Cursos T\u00e9cnicos (CNCT).<\/p>\n\n\n\n<p><a rel=\"noreferrer noopener\" href=\"https:\/\/diretorias.ifbaiano.edu.br\/portal\/ead\/files\/2022\/04\/PPC-Multimeios-Didaticos_versao-final.pdf\" target=\"_blank\">Projeto Pedag\u00f3gico do Curso<\/a><\/p>\n\n\n\n<p><a rel=\"noreferrer noopener\" href=\"https:\/\/diretorias.ifbaiano.edu.br\/portal\/ead\/files\/2026\/02\/Resolucao-CONSUP-No-44-2019-Tecnico-em-Multimeios-Didaticos.pdf\" target=\"_blank\">Resolu\u00e7\u00e3o CONSUP\/ IF Baiano N\u00ba 44\/2019= T\u00e9cnico em Multimeios Did\u00e1ticos<\/a><\/p>\n\n\n\n<p><\/p>\n","protected":false},"excerpt":{"rendered":"<p>Sobre o Curso O Curso T\u00e9cnico em Multimeios Did\u00e1ticos do IF Baiano \u00e9 ofertado na modalidade a dist\u00e2ncia, articulado de forma subsequente, com regime de matr\u00edcula semestral. Sua carga hor\u00e1ria total \u00e9 de 1.200 horas, distribu\u00eddas em 80% de estudos\/atividades virtuais e 20% de encontros presenciais, estes que ocorrem nos polos de EaD, conforme turnos [&hellip;]<\/p>\n","protected":false},"author":24,"featured_media":0,"parent":0,"menu_order":0,"comment_status":"closed","ping_status":"closed","template":"","meta":{"ngg_post_thumbnail":0},"_links":{"self":[{"href":"https:\/\/diretorias.ifbaiano.edu.br\/portal\/ead\/wp-json\/wp\/v2\/pages\/2112"}],"collection":[{"href":"https:\/\/diretorias.ifbaiano.edu.br\/portal\/ead\/wp-json\/wp\/v2\/pages"}],"about":[{"href":"https:\/\/diretorias.ifbaiano.edu.br\/portal\/ead\/wp-json\/wp\/v2\/types\/page"}],"author":[{"embeddable":true,"href":"https:\/\/diretorias.ifbaiano.edu.br\/portal\/ead\/wp-json\/wp\/v2\/users\/24"}],"replies":[{"embeddable":true,"href":"https:\/\/diretorias.ifbaiano.edu.br\/portal\/ead\/wp-json\/wp\/v2\/comments?post=2112"}],"version-history":[{"count":68,"href":"https:\/\/diretorias.ifbaiano.edu.br\/portal\/ead\/wp-json\/wp\/v2\/pages\/2112\/revisions"}],"predecessor-version":[{"id":3037,"href":"https:\/\/diretorias.ifbaiano.edu.br\/portal\/ead\/wp-json\/wp\/v2\/pages\/2112\/revisions\/3037"}],"wp:attachment":[{"href":"https:\/\/diretorias.ifbaiano.edu.br\/portal\/ead\/wp-json\/wp\/v2\/media?parent=2112"}],"curies":[{"name":"wp","href":"https:\/\/api.w.org\/{rel}","templated":true}]}}