{"id":2114,"date":"2019-05-31T10:08:12","date_gmt":"2019-05-31T13:08:12","guid":{"rendered":"http:\/\/diretorias.ifbaiano.edu.br\/portal\/ead\/?page_id=2114"},"modified":"2026-02-27T09:09:37","modified_gmt":"2026-02-27T12:09:37","slug":"curso-tecnico-subsequente-em-secretaria-escolar","status":"publish","type":"page","link":"https:\/\/diretorias.ifbaiano.edu.br\/portal\/ead\/curso-tecnico-subsequente-em-secretaria-escolar\/","title":{"rendered":"Curso T\u00e9cnico em Secretaria Escolar Subsequente ao Ensino M\u00e9dio"},"content":{"rendered":"\n<p><strong> <\/strong><\/p>\n\n\n\n<p><\/p>\n\n\n\n<p><strong>  <div id=\"TituloMenu\" class=\"dnone\"> Sobre o Curso <\/div> <\/strong><\/p>\n\n\n\n<p>O Curso T\u00e9cnico em Secretaria Escolar do IF Baiano \u00e9 ofertado na modalidade a dist\u00e2ncia, articulado de forma subsequente, com regime de matr\u00edcula semestral. Sua carga hor\u00e1ria total \u00e9 de 1.200 horas, distribu\u00eddas em 80% de estudos\/atividades virtuais e 20% de encontros presenciais, estes que ocorrem nos polos de EaD, conforme turnos e dias definidos por cada campus. <\/p>\n\n<p>Durante o per\u00edodo de distanciamento social imposto pela pandemia da Covid-19, os encontros presenciais est\u00e3o sendo substitu\u00eddos temporariamente por atividades pedag\u00f3gicas n\u00e3o presenciais que ocorrem prioritariamente na Plataforma Moodle. <\/p>\n\n\n\n<p class=\"has-text-align-left\">A EaD do IF Baiano \u00e9 chamada de h\u00edbrida, pois os cursos t\u00e9cnicos que s\u00e3o ofertados misturam atividades acad\u00eamicas realizadas em encontros presenciais, que ocorrem no ambiente f\u00edsico da sala de aula do seu campus\/polo, com atividades virtuais, que dever\u00e3o ser desenvolvidas no computador, no smartphone, no notebook ou no tablet, em Ambiente Virtual de Aprendizagem, tamb\u00e9m chamado de AVA. No IF Baiano, a ferramenta utilizada para a constru\u00e7\u00e3o do AVA \u00e9 o Modular Object-Oriented Dynamic Learning Environment (Moodle). Nele, est\u00e1 a sala de aula virtual que os(as) estudantes e os(as) professores(as) ir\u00e3o utilizar ao longo do curso. <\/p>\n\n\n\n<p class=\"has-text-align-left\"><strong>Para acessar o Moodle, clique no bot\u00e3o abaixo:<\/strong><\/p>\n\n\n\n<div class=\"wp-block-buttons\">\n<div class=\"wp-block-button has-custom-font-size has-small-font-size\"><a class=\"wp-block-button__link has-text-color has-background\" href=\"https:\/\/moodle.ifbaiano.edu.br\/moodle\/\" style=\"background-color:#085d28;color:#fcfcfc\" target=\"_blank\" rel=\"noreferrer noopener\">MOODLE IF BAIANO<\/a><\/div>\n<\/div>\n\n\n\n<p><br><strong>  <div id=\"TituloMenu\" class=\"dnone\"> OBJETIVO <\/div> <\/strong><\/p>\n\n\n\n<p>Promover forma\u00e7\u00e3o profissional t\u00e9cnica para profissionais da educa\u00e7\u00e3o, que atuam em \u00e1reas de apoio \u00e0s atividades pedag\u00f3gicas e administrativas nas escolas p\u00fablicas de educa\u00e7\u00e3o b\u00e1sica, dando-lhes condi\u00e7\u00f5es para um entendimento da educa\u00e7\u00e3o e da escola como espa\u00e7os coletivos de forma\u00e7\u00e3o humana, de diversidade \u00e9tnico-cultural, bem como de desenvolvimento de compet\u00eancias para atuar numa habilita\u00e7\u00e3o espec\u00edfica, sem perder a no\u00e7\u00e3o da totalidade da fun\u00e7\u00e3o social da educa\u00e7\u00e3o.&nbsp;<\/p>\n\n\n\n<p><br><strong> <div id=\"TituloMenu\" class=\"dnone\"> Perfil do Egresso <\/div> <\/strong><\/p>\n\n\n\n<p>O profissional do T\u00e9cnico em Secretaria Escolar, na forma subsequente ser\u00e1 credenciado como educador e gestor escolar e dever\u00e1 realizar atividades de registro e controle escolar, organizar registros escolares, controlar os arquivos da vida acad\u00eamica dos alunos, elaborar o mapeamento de acad\u00eamicos para conclus\u00e3o de cursos e operacionalizar os processos de matr\u00edcula e transfer\u00eancia de alunos.&nbsp;<\/p>\n\n\n\n<p><br><strong><div id=\"TituloMenu\" class=\"dnone\"> \u00c1rea de atua\u00e7\u00e3o <\/div> <\/strong><\/p>\n\n\n\n<p>O T\u00e9cnico em Secretaria Escolar pode atuar em escolas e centros de forma\u00e7\u00e3o profissional, associa\u00e7\u00f5es comunit\u00e1rias, \u00f3rg\u00e3os de sistemas educacionais e redes de ensino.\u202f&nbsp;<\/p>\n\n\n\n<p><br><strong><div id=\"TituloMenu\" class=\"dnone\">P\u00fablico-alvo<\/div><\/strong> <\/p>\n\n\n\nEgressos do ensino m\u00e9dio interessados em atuar ou que j\u00e1 atuem como funcion\u00e1rios de escolas ou em fun\u00e7\u00f5es correlatas da \u00e1rea educacional.\n\n\n\n<p><br><strong><div id=\"TituloMenu\" class=\"dnone\"> Forma de ingresso<\/div><\/strong> <\/p>\n\n\n\n<p> Processo Seletivo Unificado ou Processo Seletivo Especial do IF Baiano. <\/p>\n\n\n\n<p><br><strong><div id=\"TituloMenu\" class=\"dnone\"> Dura\u00e7\u00e3o do curso <\/div> <\/strong><\/p>\n\n\n\n<p> 18 meses. <\/p>\n\n\n\n<p><strong><div id=\"TituloMenu\" class=\"dnone\"> Matriz Curricular e Carga hor\u00e1ria do curso<\/div><\/strong><\/p>\n\n\n\n<p class=\"has-text-align-center\"><strong>M\u00d3DULO I<\/strong><\/p>\n\n\n\n<table id=\"tablepress-18\" class=\"tablepress tablepress-id-18\">\n<thead>\n<tr class=\"row-1 odd\">\n\t<th class=\"column-1\">COMPONENTE CURRICULAR<\/th><th class=\"column-2\"><div align=\"center\">CARGA HOR\u00c1RIA TOTAL<\/div><\/th><th class=\"column-3\"><div align=\"center\">PROFESSOR(A) FORMADOR(A)<\/div><\/th>\n<\/tr>\n<\/thead>\n<tbody class=\"row-hover\">\n<tr class=\"row-2 even\">\n\t<td class=\"column-1\">Fundamentos e Pr\u00e1ticas em EaD<\/td><td class=\"column-2\"><div align=\"center\">40<\/div><\/td><td class=\"column-3\"><div align=\"center\">Tatiana Araujo Reis<\/div><\/td>\n<\/tr>\n<tr class=\"row-3 odd\">\n\t<td class=\"column-1\">Orienta\u00e7\u00f5es Gerais<\/td><td class=\"column-2\"><div align=\"center\">40<\/div><\/td><td class=\"column-3\"><div align=\"center\">Cristiane Brito Machado<\/div><\/td>\n<\/tr>\n<tr class=\"row-4 even\">\n\t<td class=\"column-1\">Orienta\u00e7\u00f5es da Pr\u00e1tica Profissional<\/td><td class=\"column-2\"><div align=\"center\">40<\/div><\/td><td class=\"column-3\"><div align=\"center\">Karina Nery Embirussu<\/div><\/td>\n<\/tr>\n<tr class=\"row-5 odd\">\n\t<td class=\"column-1\">Projeto Integrador I <\/td><td class=\"column-2\"><div align=\"center\">40<\/div><\/td><td class=\"column-3\"><div align=\"center\">An\u00edsia Gon\u00e7alves Dias Neta<\/div><\/td>\n<\/tr>\n<tr class=\"row-6 even\">\n\t<td class=\"column-1\">Inform\u00e1tica B\u00e1sica<\/td><td class=\"column-2\"><div align=\"center\">60<\/div><\/td><td class=\"column-3\"><div align=\"center\">Gilvan Martins Dur\u00e3es<\/div><\/td>\n<\/tr>\n<tr class=\"row-7 odd\">\n\t<td class=\"column-1\">Produ\u00e7\u00e3o Textual na Educa\u00e7\u00e3o Escolar<\/td><td class=\"column-2\"><div align=\"center\">60<\/div><\/td><td class=\"column-3\"><div align=\"center\">Ant\u00f4nio Carlos da Silva Costa de Souza<\/div><\/td>\n<\/tr>\n<tr class=\"row-8 even\">\n\t<td class=\"column-1\">Libras: No\u00e7\u00f5es Introdut\u00f3rias<\/td><td class=\"column-2\"><div align=\"center\">60<\/div><\/td><td class=\"column-3\"><div align=\"center\">Andr\u00e9ia R\u00eago da Silva Reis<\/div><\/td>\n<\/tr>\n<tr class=\"row-9 odd\">\n\t<td class=\"column-1\">Direito Administrativo e do Trabalho <\/td><td class=\"column-2\"><div align=\"center\">60<\/div><\/td><td class=\"column-3\"><div align=\"center\">Ant\u00f4nio Carlos da Silva Costa de Souza<\/div><\/td>\n<\/tr>\n<tr class=\"row-10 even\">\n\t<td class=\"column-1\"><strong> SUBTOTAL<\/strong><\/td><td class=\"column-2\"><div align=\"center\">400<\/div><\/td><td class=\"column-3\"><div align=\"center\">-<\/div><\/td>\n<\/tr>\n<\/tbody>\n<\/table>\n<!-- #tablepress-18 from cache -->\n\n\n\n<p class=\"has-text-align-center\"><strong>M\u00d3DULO II<\/strong><\/p>\n\n\n\n\n<table id=\"tablepress-19\" class=\"tablepress tablepress-id-19\">\n<thead>\n<tr class=\"row-1 odd\">\n\t<th class=\"column-1\">COMPONENTE CURRICULAR<\/th><th class=\"column-2\"><div align=\"center\">CARGA HOR\u00c1RIA TOTAL<\/div><\/th><th class=\"column-3\"><div align=\"center\">PROFESSOR(A) FORMADOR(A)<\/div><\/th>\n<\/tr>\n<\/thead>\n<tbody class=\"row-hover\">\n<tr class=\"row-2 even\">\n\t<td class=\"column-1\">Educadores e Educandos: tempos<br \/>\nhist\u00f3ricos <\/td><td class=\"column-2\"><div align=\"center\">60<\/div><\/td><td class=\"column-3\"><div align=\"center\">Est\u00e1cio Moreira da Silva<\/div><\/td>\n<\/tr>\n<tr class=\"row-3 odd\">\n\t<td class=\"column-1\">Gest\u00e3o da Educa\u00e7\u00e3o Escolar<\/td><td class=\"column-2\"><div align=\"center\">60<\/div><\/td><td class=\"column-3\"><div align=\"center\">Cristiane Brito Machado<\/div><\/td>\n<\/tr>\n<tr class=\"row-4 even\">\n\t<td class=\"column-1\">Homem, Pensamento e Cultura:<br \/>\nabordagens filos\u00f3fica e antropol\u00f3gica <\/td><td class=\"column-2\"><div align=\"center\">60<\/div><\/td><td class=\"column-3\"><div align=\"center\">An\u00edsia Gon\u00e7alves Dias Neta<\/div><\/td>\n<\/tr>\n<tr class=\"row-5 odd\">\n\t<td class=\"column-1\">Educa\u00e7\u00e3o, Sociedade e Trabalho:<br \/>\nabordagem sociol\u00f3gica da educa\u00e7\u00e3o<\/td><td class=\"column-2\"><div align=\"center\">60<\/div><\/td><td class=\"column-3\"><div align=\"center\">L\u00edvia Tavares Mendes Froes<\/div><\/td>\n<\/tr>\n<tr class=\"row-6 even\">\n\t<td class=\"column-1\">Rela\u00e7\u00f5es Interpessoais: abordagem<br \/>\npsicol\u00f3gica<\/td><td class=\"column-2\"><div align=\"center\">60<\/div><\/td><td class=\"column-3\"><div align=\"center\">Karina Nery Embirussu<\/div><\/td>\n<\/tr>\n<tr class=\"row-7 odd\">\n\t<td class=\"column-1\">Primeiros Socorros<\/td><td class=\"column-2\"><div align=\"center\">60<\/div><\/td><td class=\"column-3\"><div align=\"center\">Evelin Santiago Vasconcelos dos Santos<\/div><\/td>\n<\/tr>\n<tr class=\"row-8 even\">\n\t<td class=\"column-1\">Projeto Integrador II<\/td><td class=\"column-2\"><div align=\"center\">40<\/div><\/td><td class=\"column-3\"><div align=\"center\">Auda Ribeiro Silva<\/div><\/td>\n<\/tr>\n<tr class=\"row-9 odd\">\n\t<td class=\"column-1\"><strong> SUBTOTAL<\/strong><\/td><td class=\"column-2\"><div align=\"center\">400<\/div><\/td><td class=\"column-3\"><div align=\"center\">-<\/div><\/td>\n<\/tr>\n<\/tbody>\n<\/table>\n<!-- #tablepress-19 from cache -->\n\n\n\n<p class=\"has-text-align-center\"><strong>M\u00d3DULO III<\/strong><\/p>\n\n\n\n<table id=\"tablepress-11\" class=\"tablepress tablepress-id-11\">\n<thead>\n<tr class=\"row-1 odd\">\n\t<th class=\"column-1\">COMPONENTE CURRICULAR<\/th><th class=\"column-2\"><div align=\"center\">CARGA HOR\u00c1RIA TOTAL<\/div><\/th><th class=\"column-3\"><div align=\"center\">PROFESSOR(a) FORMADOR(A)<\/div><\/th>\n<\/tr>\n<\/thead>\n<tbody class=\"row-hover\">\n<tr class=\"row-2 even\">\n\t<td class=\"column-1\">Legisla\u00e7\u00e3o Escolar<\/td><td class=\"column-2\"><div align=\"center\">40<\/div><\/td><td class=\"column-3\"><div align=\"center\">Mar\u00edlia Dantas e Silva<\/div><\/td>\n<\/tr>\n<tr class=\"row-3 odd\">\n\t<td class=\"column-1\">Contabilidade na Escola<\/td><td class=\"column-2\"><div align=\"center\">60<\/div><\/td><td class=\"column-3\"><div align=\"center\">Est\u00e1cio Moreira da Silva<\/div><\/td>\n<\/tr>\n<tr class=\"row-4 even\">\n\t<td class=\"column-1\">T\u00e9cnica de Reda\u00e7\u00e3o e Arquivo<\/td><td class=\"column-2\"><div align=\"center\">60<\/div><\/td><td class=\"column-3\"><div align=\"center\">Aldenice de Jesus Cardoso de Almeida<\/div><\/td>\n<\/tr>\n<tr class=\"row-5 odd\">\n\t<td class=\"column-1\">Trabalho Escolar e Teorias Administrativas<\/td><td class=\"column-2\"><div align=\"center\">40<\/div><\/td><td class=\"column-3\"><div align=\"center\">Adailde do Carmo Santos<\/div><\/td>\n<\/tr>\n<tr class=\"row-6 even\">\n\t<td class=\"column-1\">Gest\u00e3o Democr\u00e1tica nos Sistemas e na Escola<\/td><td class=\"column-2\"><div align=\"center\">40<\/div><\/td><td class=\"column-3\"><div align=\"center\">An\u00edsia Gon\u00e7alves Dias Neta<\/div><\/td>\n<\/tr>\n<tr class=\"row-7 odd\">\n\t<td class=\"column-1\">Administra\u00e7\u00e3o de Materiais<\/td><td class=\"column-2\"><div align=\"center\">60<\/div><\/td><td class=\"column-3\"><div align=\"center\">Cristiane Brito Machado<\/div><\/td>\n<\/tr>\n<tr class=\"row-8 even\">\n\t<td class=\"column-1\">Estat\u00edstica aplicada \u00e0 Educa\u00e7\u00e3o<\/td><td class=\"column-2\"><div align=\"center\">60<\/div><\/td><td class=\"column-3\"><div align=\"center\">Evanildes Costa Santos<\/div><\/td>\n<\/tr>\n<tr class=\"row-9 odd\">\n\t<td class=\"column-1\">Projeto Integrador III<\/td><td class=\"column-2\"><div align=\"center\">40<\/div><\/td><td class=\"column-3\"><div align=\"center\">Karina Nery Embirussu<\/div><\/td>\n<\/tr>\n<tr class=\"row-10 even\">\n\t<td class=\"column-1\"><strong> SUBTOTAL<\/strong><\/td><td class=\"column-2\"><div align=\"center\">400<\/div><\/td><td class=\"column-3\"><div align=\"center\">-<\/div><\/td>\n<\/tr>\n<\/tbody>\n<\/table>\n<!-- #tablepress-11 from cache -->\n\n\n\n<p class=\"has-text-align-left\">CARGA HOR\u00c1RIA DO EIXO TECNOL\u00d3GICO: <strong>1200 horas<\/strong><\/p>\n\n\n\n<p><br><strong><div id=\"TituloMenu\" class=\"dnone\"> Crit\u00e9rios de avalia\u00e7\u00e3o<\/div><\/strong><\/p>\n\n\n\n<p> \u00c9 considerado aprovado o(a) estudante que obtiver nota igual ou superior a 6,0 (seis) e possuir frequ\u00eancia igual ou superior a 75% (setenta e cinco por cento) do total de horas letivas, desenvolvidas em cada componente curricular. <\/p>\n\n\n\n<p><strong><div id=\"TituloMenu\" class=\"dnone\"> Per\u00edodo de integraliza\u00e7\u00e3o<\/div><\/strong> <\/p>\n\n\n\n<p> Per\u00edodo m\u00e1ximo de integraliza\u00e7\u00e3o de 36 meses. <\/p>\n\n\n<div id=\"TituloMenu\" class=\"dnone\">Contato da Coordena\u00e7\u00e3o da cada Campus<\/div>\n<div>\n<h5><strong><em>Alagoinhas:<\/em><\/strong><br><strong><em>curso.secretaria.alg@ead.ifbaiano.edu.br<\/em><\/strong><\/h5>\n<h5><strong><em>Bom Jesus da Lapa:<\/em><\/strong><br><strong><em>curso.secretaria.bjl@ead.ifbaiano.edu.br<\/em><\/strong><\/h5>\n<h5><strong><em>Catu:<\/em><\/strong><br><strong><em>curso.secretaria.cat@ead.ifbaiano.edu.br<\/em><\/strong><\/h5>\n<h5><strong><em>Governador Mangabeira:<\/em><\/strong><br><strong><em>curso.secretaria.gmb@ead.ifbaiano.edu.br<\/em><\/strong><\/h5>\n<h5><strong><em>Guanambi:<\/em><\/strong><br><strong><em>curso.secretaria.gbi@ead.ifbaiano.edu.br<\/em><\/strong><\/h5>\n<h5><strong><em>Itaberaba:<\/em><\/strong><br><strong><em>curso.secretaria.itb@ead.ifbaiano.edu.br<\/em><\/strong><\/h5>\n<h5><strong><em>Itapetinga:<\/em><\/strong><br><strong><em>curso.secretaria.ita@ead.ifbaiano.edu.br<\/em><\/strong><\/h5>\n<h5><strong><em>Santa In\u00eas:<\/em><\/strong><br><strong><em>curso.secretaria.si@ead.ifbaiano.edu.br<\/em><\/strong><\/h5>\n<h5><strong><em>Senhor do Bonfim:<\/em><\/strong><br><strong><em>curso.secretaria.sbf@ead.ifbaiano.edu.br<\/em><\/strong><\/h5>\n<h5><strong><em>Serrinha:<\/em><\/strong><br><strong><em>curso.secretaria.ser@ead.ifbaiano.edu.br<\/em><\/strong><\/h5>\n<h5><strong><em>Teixeira de Freiras:<\/em><\/strong><br><strong><em>curso.secretaria.tdf@ead.ifbaiano.edu.br<\/em><\/strong><\/h5>\n<h5><strong><em>Uru\u00e7uca:<\/em><\/strong><br><strong><em>curso.secretaria.uru@ead.ifbaiano.edu.br<\/em><\/strong><\/h5>\n<h5><strong><em>Valen\u00e7a:<\/em><\/strong><br><strong><em>curso.secretaria.val@ead.ifbaiano.edu.br<\/em><\/strong><\/h5>\n<h5><strong><em>Xique-Xique:<\/em><\/strong><br><strong><em>curso.secretaria.xiq@ead.ifbaiano.edu.br<\/em><\/strong><\/h5>\n<\/div>\n\n\n<p><strong><div id=\"TituloMenu\" class=\"dnone\"> Informa\u00e7\u00f5es sobre t\u00edtulo e certificado<\/strong><\/div> <\/p>\n\n\n\n<p>Diploma de T\u00e9cnico em Secretaria Escolar emitido pelo Instituto Federal Baiano.<\/p>\n\n\n\n<p><strong><div id=\"TituloMenu\" class=\"dnone\"> Projeto Pedag\u00f3gico do Curso<\/strong><\/div><\/p>\n\n\n\n<p>O Projeto Pedag\u00f3gico do Curso (PPC)  T\u00e9cnico em Secretaria Escolar Subsequente ao Ensino M\u00e9dio, na modalidade a dist\u00e2ncia, tem perspectiva de educa\u00e7\u00e3o interativa, significativa e flex\u00edvel, pertencente ao Eixo Tecnol\u00f3gico de Desenvolvimento Educacional e Social do Cat\u00e1logo Nacional de Cursos T\u00e9cnicos (CNCT).<\/p>\n\n\n\n<p><a rel=\"noreferrer noopener\" href=\"https:\/\/diretorias.ifbaiano.edu.br\/portal\/ead\/files\/2022\/04\/PPC-Secretaria-Escolar-3.pdf\" target=\"_blank\">Projeto Pedag\u00f3gico do Curso<\/a><\/p>\n\n\n\n<p><a rel=\"noreferrer noopener\" href=\"https:\/\/diretorias.ifbaiano.edu.br\/portal\/ead\/files\/2026\/02\/Resolucao-CONSUP-No-42-2019-Tecnico-em-Secretaria-Escolar.pdf\" target=\"_blank\">Resolu\u00e7\u00e3o CONSUP\/ IF Baiano N\u00ba 42\/2019= T\u00e9cnico em Secretaria Escolar<br><\/a><\/p>\n\n\n\n<p><a rel=\"noreferrer noopener\" href=\"https:\/\/diretorias.ifbaiano.edu.br\/portal\/ead\/files\/2026\/02\/Resolucao-CONSUP-No-42-2019-Tecnico-em-Secretaria-Escolar.pdf\" target=\"_blank\">Resolu\u00e7\u00e3o CONSUP N\u00ba 30\/2015= T\u00e9cnico em Secretaria Escolar<\/a><\/p>\n\n\n\n<p><\/p>\n","protected":false},"excerpt":{"rendered":"<p>Sobre o Curso O Curso T\u00e9cnico em Secretaria Escolar do IF Baiano \u00e9 ofertado na modalidade a dist\u00e2ncia, articulado de forma subsequente, com regime de matr\u00edcula semestral. Sua carga hor\u00e1ria total \u00e9 de 1.200 horas, distribu\u00eddas em 80% de estudos\/atividades virtuais e 20% de encontros presenciais, estes que ocorrem nos polos de EaD, conforme turnos [&hellip;]<\/p>\n","protected":false},"author":22,"featured_media":0,"parent":0,"menu_order":0,"comment_status":"closed","ping_status":"closed","template":"","meta":{"ngg_post_thumbnail":0},"_links":{"self":[{"href":"https:\/\/diretorias.ifbaiano.edu.br\/portal\/ead\/wp-json\/wp\/v2\/pages\/2114"}],"collection":[{"href":"https:\/\/diretorias.ifbaiano.edu.br\/portal\/ead\/wp-json\/wp\/v2\/pages"}],"about":[{"href":"https:\/\/diretorias.ifbaiano.edu.br\/portal\/ead\/wp-json\/wp\/v2\/types\/page"}],"author":[{"embeddable":true,"href":"https:\/\/diretorias.ifbaiano.edu.br\/portal\/ead\/wp-json\/wp\/v2\/users\/22"}],"replies":[{"embeddable":true,"href":"https:\/\/diretorias.ifbaiano.edu.br\/portal\/ead\/wp-json\/wp\/v2\/comments?post=2114"}],"version-history":[{"count":62,"href":"https:\/\/diretorias.ifbaiano.edu.br\/portal\/ead\/wp-json\/wp\/v2\/pages\/2114\/revisions"}],"predecessor-version":[{"id":3040,"href":"https:\/\/diretorias.ifbaiano.edu.br\/portal\/ead\/wp-json\/wp\/v2\/pages\/2114\/revisions\/3040"}],"wp:attachment":[{"href":"https:\/\/diretorias.ifbaiano.edu.br\/portal\/ead\/wp-json\/wp\/v2\/media?parent=2114"}],"curies":[{"name":"wp","href":"https:\/\/api.w.org\/{rel}","templated":true}]}}