{"id":2119,"date":"2019-06-05T13:14:40","date_gmt":"2019-06-05T16:14:40","guid":{"rendered":"http:\/\/diretorias.ifbaiano.edu.br\/portal\/ead\/?page_id=2119"},"modified":"2025-04-09T15:18:31","modified_gmt":"2025-04-09T18:18:31","slug":"polos","status":"publish","type":"page","link":"https:\/\/diretorias.ifbaiano.edu.br\/portal\/ead\/polos\/","title":{"rendered":"Polos"},"content":{"rendered":"\n<figure class=\"wp-block-gallery columns-0 is-cropped\"><ul class=\"blocks-gallery-grid\"><\/ul><\/figure>\n\n\n\n<p><br><strong> <div id=\"TituloMenu\" class=\"dnone\"> Alagoinhas e Polos <\/div> <\/strong><\/p>\n\n\n\n<p class=\"has-small-font-size\">Polo: <strong>Alagoinhas<\/strong><\/p>\n\n\n\n<p class=\"has-small-font-size\">Endere\u00e7o:\nInstituto Federal de Educa\u00e7\u00e3o, Ci\u00eancia\ne Tecnologia Baiano \u2013 <em>Campus<\/em>\nAlagoinhas<\/p>\n\n\n\n<p class=\"has-small-font-size\">Rua\nManoel Rom\u00e3o, 150, Alagoinhas Velha &#8211; Alagoinhas\/BA. CEP: 48030-530<\/p>\n\n\n\n<p class=\"has-small-font-size\">Telefone:\n(75)\n3422-6122 \/ (75) 3421-4511<\/p>\n\n\n\n<p class=\"has-small-font-size\">E-mail: polo.alagoinhas@ead.ifbaiano.edu.br ou <a href=\"mailto:fabricio.faro@ifbaiano.edu.br\">cead.alg@ead.ifbaiano.edu.br<\/a><\/p>\n\n\n\n<table id=\"tablepress-21\" class=\"tablepress tablepress-id-21\">\n<thead>\n<tr class=\"row-1 odd\">\n\t<th class=\"column-1\">Polos do Campus Alagoinhas<\/th><th class=\"column-2\"><div align=\"center\">Coordenador(a)<\/div><\/th><th class=\"column-3\"><div align=\"center\">Contato<\/div><\/th><th class=\"column-4\"><div align=\"center\">Endere\u00e7o<\/div><\/th>\n<\/tr>\n<\/thead>\n<tbody class=\"row-hover\">\n<tr class=\"row-2 even\">\n\t<td class=\"column-1\">Alagoinhas<\/td><td class=\"column-2\"><\/td><td class=\"column-3\"><\/td><td class=\"column-4\">IF Baiano \u2013 Campus Alagoinhas.<br \/>\nRua Manoel Rom\u00e3o de Souza, 152\/166, Alagoinhas Velha \u2013 Alagoinhas\/BA. <br \/>\nCEP: 48007-656<\/td>\n<\/tr>\n<tr class=\"row-3 odd\">\n\t<td class=\"column-1\">Ara\u00e7\u00e1s<\/td><td class=\"column-2\"><\/td><td class=\"column-3\"><\/td><td class=\"column-4\">IF Baiano \u2013 Campus Alagoinhas.<br \/>\nRua Manoel Rom\u00e3o de Souza, 152\/166, Alagoinhas Velha \u2013 Alagoinhas\/BA. <br \/>\nCEP: 48007-656<\/td>\n<\/tr>\n<\/tbody>\n<\/table>\n<!-- #tablepress-21 from cache -->\n\n\n\n<p><br><strong> <div id=\"TituloMenu\" class=\"dnone\"> BOM JESUS DA LAPA E POLOS <\/div> <\/strong><\/p>\n\n\n\n<p class=\"has-small-font-size\">Polo: <strong>Bom Jesus da Lapa<\/strong><\/p>\n\n\n\n<p class=\"has-small-font-size\">Endere\u00e7o: Instituto Federal de Educa\u00e7\u00e3o, Ci\u00eancia e Tecnologia Baiano \u2013 Campus Bom Jesus da Lapa<br>BR 349, Km 14 \u2013 Zona Rural, Bom Jesus da Lapa \u2013 Bahia, CEP: 47600-000<\/p>\n\n\n\n<p class=\"has-small-font-size\">Telefone: (77) 3481-2521 \/ (77) 3481-4513<\/p>\n\n\n\n<p class=\"has-small-font-size\">E-mail: <a href=\"mailto:polo.lapa@ead.ifbaiano.edu.br\">polo.lapa@ead.ifbaiano.edu.br<\/a><\/p>\n\n\n\n<p class=\"has-small-font-size\">&nbsp;cead.bjl@ead.ifbaiano.edu.br<\/p>\n\n\n\n<p><br><strong> <div id=\"TituloMenu\" class=\"dnone\"> Catu e Polos <\/div> <\/strong><\/p>\n\n\n\n<p class=\"has-small-font-size\">Polo: <strong>Catu<\/strong><\/p>\n\n\n\n<p class=\"has-small-font-size\">Endere\u00e7o: Instituto Federal de Educa\u00e7\u00e3o, Ci\u00eancia e Tecnologia Baiano \u2013 <em>Campus<\/em> Catu<\/p>\n\n\n\n<p class=\"has-small-font-size\">Rua Bar\u00e3o de Cama\u00e7ari, 118, Centro \u2013 Catu\/BA. CEP 48110-000.<\/p>\n\n\n\n<p class=\"has-small-font-size\">Telefone: (71) 3641-7901 \/ (71) 3641-7909<\/p>\n\n\n\n<p class=\"has-small-font-size\">E-mail: <a href=\"mailto:polo.catu@ead.ifbaiano.edu.br\">polo.catu@ead.ifbaiano.edu.br<\/a>&nbsp;&nbsp;&nbsp;&nbsp;&nbsp;&nbsp;&nbsp;&nbsp;&nbsp;&nbsp;&nbsp;&nbsp;<\/p>\n\n\n\n<p class=\"has-small-font-size\">cead.cat@ead.ifbaiano.edu.br<\/p>\n\n\n\n<hr class=\"wp-block-separator\" \/>\n\n\n\n<p class=\"has-small-font-size\">Polo: <strong>Centro de Refer\u00eancia 2 de Julho<\/strong><\/p>\n\n\n\n<p class=\"has-small-font-size\">Endere\u00e7o: Instituto Federal de Educa\u00e7\u00e3o, Ci\u00eancia e Tecnologia Baiano \u2013 Centro de Refer\u00eancia 2 de Julho<\/p>\n\n\n\n<p class=\"has-small-font-size\">Pra\u00e7a Carneiro Ribeiro, s\/n, Nazar\u00e9 \u2013 Salvador\/BA. CEP: 41.215-785.<\/p>\n\n\n\n<p class=\"has-small-font-size\">Telefone: (71) 3641-7901 \/ (71) 3641-7909<\/p>\n\n\n\n<p class=\"has-small-font-size\">E-mail: cead.cat@ead.ifbaiano.edu.br<\/p>\n\n\n\n<table id=\"tablepress-20\" class=\"tablepress tablepress-id-20\">\n<thead>\n<tr class=\"row-1 odd\">\n\t<th class=\"column-1\">Polos do Campus Catu<\/th><th class=\"column-2\"><div align=\"center\">Coordenador(a)<\/div><\/th><th class=\"column-3\"><div align=\"center\">Contato<\/div><\/th><th class=\"column-4\"><div align=\"center\">Endere\u00e7o<\/div><\/th>\n<\/tr>\n<\/thead>\n<tbody class=\"row-hover\">\n<tr class=\"row-2 even\">\n\t<td class=\"column-1\">Catu<\/td><td class=\"column-2\"><\/td><td class=\"column-3\"><\/td><td class=\"column-4\">Endere\u00e7o: Instituto Federal de Educa\u00e7\u00e3o, Ci\u00eancia e Tecnologia Baiano \u2013 Campus Catu<br \/>\n<br \/>\nRua Bar\u00e3o de Cama\u00e7ari, 118, Centro \u2013 Catu\/BA. CEP 48110-000.<\/td>\n<\/tr>\n<\/tbody>\n<\/table>\n<!-- #tablepress-20 from cache -->\n","protected":false},"excerpt":{"rendered":"<p>Alagoinhas e Polos Polo: Alagoinhas Endere\u00e7o: Instituto Federal de Educa\u00e7\u00e3o, Ci\u00eancia e Tecnologia Baiano \u2013 Campus Alagoinhas Rua Manoel Rom\u00e3o, 150, Alagoinhas Velha &#8211; Alagoinhas\/BA. CEP: 48030-530 Telefone: (75) 3422-6122 \/ (75) 3421-4511 E-mail: polo.alagoinhas@ead.ifbaiano.edu.br ou cead.alg@ead.ifbaiano.edu.br BOM JESUS DA LAPA E POLOS Polo: Bom Jesus da Lapa Endere\u00e7o: Instituto Federal de Educa\u00e7\u00e3o, Ci\u00eancia e [&hellip;]<\/p>\n","protected":false},"author":22,"featured_media":0,"parent":0,"menu_order":0,"comment_status":"closed","ping_status":"closed","template":"","meta":{"ngg_post_thumbnail":0},"_links":{"self":[{"href":"https:\/\/diretorias.ifbaiano.edu.br\/portal\/ead\/wp-json\/wp\/v2\/pages\/2119"}],"collection":[{"href":"https:\/\/diretorias.ifbaiano.edu.br\/portal\/ead\/wp-json\/wp\/v2\/pages"}],"about":[{"href":"https:\/\/diretorias.ifbaiano.edu.br\/portal\/ead\/wp-json\/wp\/v2\/types\/page"}],"author":[{"embeddable":true,"href":"https:\/\/diretorias.ifbaiano.edu.br\/portal\/ead\/wp-json\/wp\/v2\/users\/22"}],"replies":[{"embeddable":true,"href":"https:\/\/diretorias.ifbaiano.edu.br\/portal\/ead\/wp-json\/wp\/v2\/comments?post=2119"}],"version-history":[{"count":50,"href":"https:\/\/diretorias.ifbaiano.edu.br\/portal\/ead\/wp-json\/wp\/v2\/pages\/2119\/revisions"}],"predecessor-version":[{"id":2796,"href":"https:\/\/diretorias.ifbaiano.edu.br\/portal\/ead\/wp-json\/wp\/v2\/pages\/2119\/revisions\/2796"}],"wp:attachment":[{"href":"https:\/\/diretorias.ifbaiano.edu.br\/portal\/ead\/wp-json\/wp\/v2\/media?parent=2119"}],"curies":[{"name":"wp","href":"https:\/\/api.w.org\/{rel}","templated":true}]}}