{"id":2528,"date":"2022-06-08T09:46:07","date_gmt":"2022-06-08T12:46:07","guid":{"rendered":"https:\/\/diretorias.ifbaiano.edu.br\/portal\/ead\/?page_id=2528"},"modified":"2026-01-07T17:25:40","modified_gmt":"2026-01-07T20:25:40","slug":"calendarios-academicos","status":"publish","type":"page","link":"https:\/\/diretorias.ifbaiano.edu.br\/portal\/ead\/calendarios-academicos\/","title":{"rendered":"Calend\u00e1rios Acad\u00eamicos da Educa\u00e7\u00e3o a Dist\u00e2ncia"},"content":{"rendered":"\n<p><br><strong>  <\/strong><\/p><div id=\"TituloMenu\" class=\"dnone\"><strong> Calend\u00e1rio Acad\u00eamico (Per\u00edodo letivo 2026)<\/strong><\/div><strong> <\/strong><p><\/p>\n\n\n\n<p><span style=\"color:#0071a1\" class=\"has-inline-color\"><a href=\"https:\/\/diretorias.ifbaiano.edu.br\/portal\/ead\/files\/2026\/01\/Calendario-2026-Modulo-I-e-II-_-turma-ingressantes-2026__h_.pdf\" data-type=\"URL\">Calend\u00e1rio Acad\u00eamico 2026 (Minuta). Turma ingressante 2026<\/a><\/span><\/p>\n\n\n\n<p><a href=\"https:\/\/diretorias.ifbaiano.edu.br\/portal\/ead\/files\/2025\/09\/MINUTA-Calendario-Academico-turma-2024-MOD-III__.pdf\" data-type=\"URL\" data-id=\"https:\/\/diretorias.ifbaiano.edu.br\/portal\/ead\/files\/2025\/09\/MINUTA-Calendario-Academico-turma-2024-MOD-III__.pdf\"><span style=\"color:#0071a1\" class=\"has-inline-color\"><\/span><\/a><a href=\"https:\/\/diretorias.ifbaiano.edu.br\/portal\/ead\/files\/2026\/01\/Calendario-2026-Modulo-III-_-turma-ingressantes-2025.___hr.pdf\">Calend\u00e1rio Acad\u00eamico 2026 (Minuta). Turma ingressante 2025<\/a><\/p>\n\n\n\n<p><\/p>\n\n\n\n<p><\/p>\n\n\n\n<p><br><strong>  <\/strong><\/p><div id=\"TituloMenu\" class=\"dnone\"><strong> Calend\u00e1rio Acad\u00eamico (Per\u00edodo letivo 2025) <\/strong><\/div><strong> <\/strong><p><\/p>\n\n\n\n<p><a href=\"https:\/\/diretorias.ifbaiano.edu.br\/portal\/ead\/files\/2025\/12\/Resolucao-446-2025-Calendario-Academico-EaD-2025.pdf\">Resolu\u00e7\u00e3o CONSUP \/ IF Baiano n\u00ba 446\/2025 &#8211; Aprova\u00e7\u00e3o do Calend\u00e1rio Acad\u00eamico EaD 2025<\/a> <\/p>\n\n\n\n<p><span class=\"has-inline-color has-black-color\"><a href=\"https:\/\/diretorias.ifbaiano.edu.br\/portal\/ead\/files\/2025\/12\/Calendario-Academico-2025-Turma-Ingressante-2025-CONSUP_.pdf\">Calend\u00e1rio Acad\u00eamico 2025 &#8211; Turma ingressante 2025<\/a><\/span><\/p>\n\n\n\n<p><a href=\"https:\/\/diretorias.ifbaiano.edu.br\/portal\/ead\/files\/2025\/12\/Calendario-Academico-2025-Turma-Ingressante-2024-CONSUP_.pdf\"><span class=\"has-inline-color has-black-color\"><\/span>Calend\u00e1rio Acad\u00eamico 2025 &#8211; Turma ingressante 2024 <\/a><\/p>\n\n\n\n<p><br><strong>  <\/strong><\/p><div id=\"TituloMenu\" class=\"dnone\"><strong> Calend\u00e1rio Acad\u00eamico (Per\u00edodo Letivo 2021) <\/strong><\/div><strong> <\/strong><p><\/p>\n\n\n\n<p><a href=\"https:\/\/diretorias.ifbaiano.edu.br\/portal\/ead\/files\/2022\/06\/Calendario-2021.pdf\">Calend\u00e1rio Acad\u00eamico da EaD 2020.2 &#8211; M\u00f3dulo III &#8211; Curso T\u00e9cnico em Secretaria Escolar e em Multimeios Did\u00e1ticos Subsequente ao Ensino M\u00e9dio<\/a><\/p>\n\n\n\n<p><br><strong>  <\/strong><\/p><div id=\"TituloMenu\" class=\"dnone\"><strong> Calend\u00e1rio Acad\u00eamico (Per\u00edodo Letivo 2020) <\/strong><\/div><strong> <\/strong><p><\/p>\n\n\n\n<p><a href=\"https:\/\/diretorias.ifbaiano.edu.br\/portal\/ead\/files\/2022\/06\/CALENDARIO-EaD-2020.pdf\">Calend\u00e1rio Acad\u00eamico Geral da EaD 2020 &#8211; Curso T\u00e9cnico em Vendas,  Secretaria Escolar e  Multimeios Did\u00e1ticos   Subsequente ao Ensino M\u00e9dio<\/a><\/p>\n\n\n\n<p><\/p>\n","protected":false},"excerpt":{"rendered":"<p>Calend\u00e1rio Acad\u00eamico (Per\u00edodo letivo 2026) Calend\u00e1rio Acad\u00eamico 2026 (Minuta). Turma ingressante 2026 Calend\u00e1rio Acad\u00eamico 2026 (Minuta). Turma ingressante 2025 Calend\u00e1rio Acad\u00eamico (Per\u00edodo letivo 2025) Resolu\u00e7\u00e3o CONSUP \/ IF Baiano n\u00ba 446\/2025 &#8211; Aprova\u00e7\u00e3o do Calend\u00e1rio Acad\u00eamico EaD 2025 Calend\u00e1rio Acad\u00eamico 2025 &#8211; Turma ingressante 2025 Calend\u00e1rio Acad\u00eamico 2025 &#8211; Turma ingressante 2024 Calend\u00e1rio Acad\u00eamico (Per\u00edodo [&hellip;]<\/p>\n","protected":false},"author":24,"featured_media":0,"parent":0,"menu_order":0,"comment_status":"closed","ping_status":"closed","template":"","meta":{"ngg_post_thumbnail":0},"_links":{"self":[{"href":"https:\/\/diretorias.ifbaiano.edu.br\/portal\/ead\/wp-json\/wp\/v2\/pages\/2528"}],"collection":[{"href":"https:\/\/diretorias.ifbaiano.edu.br\/portal\/ead\/wp-json\/wp\/v2\/pages"}],"about":[{"href":"https:\/\/diretorias.ifbaiano.edu.br\/portal\/ead\/wp-json\/wp\/v2\/types\/page"}],"author":[{"embeddable":true,"href":"https:\/\/diretorias.ifbaiano.edu.br\/portal\/ead\/wp-json\/wp\/v2\/users\/24"}],"replies":[{"embeddable":true,"href":"https:\/\/diretorias.ifbaiano.edu.br\/portal\/ead\/wp-json\/wp\/v2\/comments?post=2528"}],"version-history":[{"count":30,"href":"https:\/\/diretorias.ifbaiano.edu.br\/portal\/ead\/wp-json\/wp\/v2\/pages\/2528\/revisions"}],"predecessor-version":[{"id":2911,"href":"https:\/\/diretorias.ifbaiano.edu.br\/portal\/ead\/wp-json\/wp\/v2\/pages\/2528\/revisions\/2911"}],"wp:attachment":[{"href":"https:\/\/diretorias.ifbaiano.edu.br\/portal\/ead\/wp-json\/wp\/v2\/media?parent=2528"}],"curies":[{"name":"wp","href":"https:\/\/api.w.org\/{rel}","templated":true}]}}