{"id":2545,"date":"2022-06-08T16:05:53","date_gmt":"2022-06-08T19:05:53","guid":{"rendered":"https:\/\/diretorias.ifbaiano.edu.br\/portal\/ead\/?page_id=2545"},"modified":"2026-03-03T16:00:47","modified_gmt":"2026-03-03T19:00:47","slug":"guias-e-tutoriais","status":"publish","type":"page","link":"https:\/\/diretorias.ifbaiano.edu.br\/portal\/ead\/guias-e-tutoriais\/","title":{"rendered":"Guias e Tutoriais"},"content":{"rendered":"\n<figure class=\"wp-block-image size-full\"><a href=\"https:\/\/diretorias.ifbaiano.edu.br\/portal\/ead\/files\/2025\/01\/BANNER.GUIA_.TUTORIAL.png\"><img loading=\"lazy\" width=\"973\" height=\"175\" src=\"https:\/\/diretorias.ifbaiano.edu.br\/portal\/ead\/files\/2025\/01\/BANNER.GUIA_.TUTORIAL.png\" alt=\"\" class=\"wp-image-2756\" \/><\/a><\/figure>\n\n\n\n<p><\/p>\n\n\n\n<p><\/p>\n\n\n\n<p class=\"has-text-align-left\">A EaD do IF Baiano \u00e9 chamada de h\u00edbrida, pois os cursos t\u00e9cnicos que s\u00e3o ofertados misturam atividades acad\u00eamicas realizadas em encontros presenciais, que ocorrem no ambiente f\u00edsico da sala de aula do seu campus\/polo, com atividades virtuais, que dever\u00e3o ser desenvolvidas no computador, no smartphone, no notebook ou no tablet, em Ambiente Virtual de Aprendizagem, tamb\u00e9m chamado de AVA. No IF Baiano, a ferramenta utilizada para a constru\u00e7\u00e3o do AVA \u00e9 o Modular Object-Oriented Dynamic Learning Environment (Moodle). Nele, est\u00e1 a sala de aula virtual que os(as) estudantes e os(as) professores(as) ir\u00e3o utilizar ao longo do curso. <\/p>\n\n\n\n<p class=\"has-small-font-size\">Fonte: <a href=\"https:\/\/diretorias.ifbaiano.edu.br\/portal\/ead\/files\/2022\/06\/MANUAL-MOODLE_1a-versao.pdf\" data-type=\"URL\" data-id=\"https:\/\/diretorias.ifbaiano.edu.br\/portal\/ead\/files\/2022\/06\/MANUAL-MOODLE_1a-versao.pdf\" target=\"_blank\" rel=\"noreferrer noopener\">Manual do Moodle<\/a><\/p>\n\n\n\n<p class=\"has-text-align-left\"><strong>Para acessar o Moodle, clique no bot\u00e3o abaixo:<\/strong><\/p>\n\n\n\n<div class=\"wp-block-buttons\">\n<div class=\"wp-block-button has-custom-font-size has-small-font-size\"><a class=\"wp-block-button__link has-text-color has-background\" href=\"https:\/\/moodle.ifbaiano.edu.br\/moodle\/\" style=\"background-color:#085d28;color:#fcfcfc\" target=\"_blank\" rel=\"noreferrer noopener\">MOODLE IF BAIANO<\/a><\/div>\n<\/div>\n\n\n\n<p><a href=\"https:\/\/diretorias.ifbaiano.edu.br\/portal\/ead\/files\/2022\/06\/Guia-do-estudante-EaD_060222.pdf\">Guia do Estudante EaD<\/a><\/p>\n\n\n\n<p><a href=\"https:\/\/diretorias.ifbaiano.edu.br\/portal\/ead\/files\/2022\/06\/MANUAL-MOODLE_1a-versao.pdf\">Manual do Moodle<\/a><\/p>\n\n\n\n<p><a href=\"https:\/\/www.youtube.com\/watch?v=ghFEAhcxmIA\">Plano de Ensino EaD<\/a><\/p>\n\n\n\n<p><a href=\"https:\/\/diretorias.ifbaiano.edu.br\/portal\/ead\/files\/2025\/01\/Tutorial-acesso-a-biblioteca-virtual-Aluno.pdf\" data-type=\"URL\" data-id=\"https:\/\/diretorias.ifbaiano.edu.br\/portal\/ead\/files\/2025\/01\/Tutorial-acesso-a-biblioteca-virtual-Aluno.pdf\" target=\"_blank\" rel=\"noreferrer noopener\">Tutorial de acesso a Biblioteca Virtual<\/a><\/p>\n\n\n\n<p><a href=\"https:\/\/diretorias.ifbaiano.edu.br\/portal\/ead\/files\/2026\/02\/Atualizacao-da-Plataforma-Moodle-do-IFBaiano.pdf\" target=\"_blank\" rel=\"noreferrer noopener\">Atualiza\u00e7\u00e3o da Plataforma Moodle do IFBaiano<\/a><\/p>\n\n\n\n<p><a href=\"https:\/\/diretorias.ifbaiano.edu.br\/portal\/ead\/files\/2026\/03\/O__Guia_Primeiro_Acesso_Moodle_2026_1.pdf\" target=\"_blank\" rel=\"noreferrer noopener\">Guia Primerio_Acesso__Ingressantes_2026_1<\/a><\/p>\n\n\n\n<p><a rel=\"noreferrer noopener\" href=\"https:\/\/diretorias.ifbaiano.edu.br\/portal\/ead\/files\/2026\/03\/Guia_Rapido__apos__Primeiro_Acesso_Moodle_2026_1-1.pdf\" target=\"_blank\">Guia R\u00e1pido: Acesso ao Moodle_(P\u00f3s Primeiro<\/a><a rel=\"noreferrer noopener\" href=\"https:\/\/diretorias.ifbaiano.edu.br\/portal\/ead\/files\/2026\/03\/Guia_Rapido__apos__Primeiro_Acesso_Moodle_2026_1-1.pdf\" target=\"_blank\"> Acesso)<\/a><\/p>\n\n\n\n<p><\/p>\n","protected":false},"excerpt":{"rendered":"<p>A EaD do IF Baiano \u00e9 chamada de h\u00edbrida, pois os cursos t\u00e9cnicos que s\u00e3o ofertados misturam atividades acad\u00eamicas realizadas em encontros presenciais, que ocorrem no ambiente f\u00edsico da sala de aula do seu campus\/polo, com atividades virtuais, que dever\u00e3o ser desenvolvidas no computador, no smartphone, no notebook ou no tablet, em Ambiente Virtual de [&hellip;]<\/p>\n","protected":false},"author":24,"featured_media":0,"parent":0,"menu_order":0,"comment_status":"closed","ping_status":"closed","template":"","meta":{"ngg_post_thumbnail":0},"_links":{"self":[{"href":"https:\/\/diretorias.ifbaiano.edu.br\/portal\/ead\/wp-json\/wp\/v2\/pages\/2545"}],"collection":[{"href":"https:\/\/diretorias.ifbaiano.edu.br\/portal\/ead\/wp-json\/wp\/v2\/pages"}],"about":[{"href":"https:\/\/diretorias.ifbaiano.edu.br\/portal\/ead\/wp-json\/wp\/v2\/types\/page"}],"author":[{"embeddable":true,"href":"https:\/\/diretorias.ifbaiano.edu.br\/portal\/ead\/wp-json\/wp\/v2\/users\/24"}],"replies":[{"embeddable":true,"href":"https:\/\/diretorias.ifbaiano.edu.br\/portal\/ead\/wp-json\/wp\/v2\/comments?post=2545"}],"version-history":[{"count":16,"href":"https:\/\/diretorias.ifbaiano.edu.br\/portal\/ead\/wp-json\/wp\/v2\/pages\/2545\/revisions"}],"predecessor-version":[{"id":3128,"href":"https:\/\/diretorias.ifbaiano.edu.br\/portal\/ead\/wp-json\/wp\/v2\/pages\/2545\/revisions\/3128"}],"wp:attachment":[{"href":"https:\/\/diretorias.ifbaiano.edu.br\/portal\/ead\/wp-json\/wp\/v2\/media?parent=2545"}],"curies":[{"name":"wp","href":"https:\/\/api.w.org\/{rel}","templated":true}]}}