{"id":2560,"date":"2023-10-21T12:52:22","date_gmt":"2023-10-21T15:52:22","guid":{"rendered":"https:\/\/diretorias.ifbaiano.edu.br\/portal\/ead\/?page_id=2560"},"modified":"2026-03-03T12:33:50","modified_gmt":"2026-03-03T15:33:50","slug":"producao-e-eventos","status":"publish","type":"page","link":"https:\/\/diretorias.ifbaiano.edu.br\/portal\/ead\/producao-e-eventos\/","title":{"rendered":"Produ\u00e7\u00f5es e Eventos"},"content":{"rendered":"\n<p><br><strong>  <div id=\"TituloMenu\" class=\"dnone\"> PRODU\u00c7\u00d5ES <\/div> <\/strong><\/p>\n\n\n\n<p><a href=\"https:\/\/diretorias.ifbaiano.edu.br\/portal\/ead\/files\/2023\/10\/Ape\u0302ndice-C-Ebook-Diretrizes-teo\u0301ricas-e-pra\u0301ticas-para-a-produc\u0327a\u0303o-dos-materiais-dida\u0301ticos-escritos-da-EaD-do-IF-Baiano_1a-edic\u0327a\u0303o_2021.pdf\" data-type=\"URL\" data-id=\"https:\/\/diretorias.ifbaiano.edu.br\/portal\/ead\/files\/2023\/10\/Ape\u0302ndice-C-Ebook-Diretrizes-teo\u0301ricas-e-pra\u0301ticas-para-a-produc\u0327a\u0303o-dos-materiais-dida\u0301ticos-escritos-da-EaD-do-IF-Baiano_1a-edic\u0327a\u0303o_2021.pdf\" target=\"_blank\" rel=\"noreferrer noopener\">Diretrizes te\u00f3ricas e pr\u00e1ticas para a produ\u00e7\u00e3o dos materiais did\u00e1ticos escritos da EaD do IF Baiano<\/a><\/p>\n\n\n\n<p><\/p>\n\n\n\n<p><\/p>\n\n\n\n<p><\/p>\n\n\n\n<p><br><strong>  <div id=\"TituloMenu\" class=\"dnone\"> EVENTOS <\/div> <\/strong><\/p>\n\n\n\n<p><a href=\"https:\/\/ifbaiano.edu.br\/portal\/blog\/coordenadores-de-educacao-a-distancia-ceads-do-if-baiano-se-reunem-em-salvador-para-fortalecer-a-modalidade-ead\/\" target=\"_blank\" rel=\"noreferrer noopener\">Coordenadores de Educa\u00e7\u00e3o \u00e0 Dist\u00e2ncia (CEADs) do IF Baiano se re\u00fanem em Salvador para fortalecer a modalidade EaD<\/a><\/p>\n\n\n\n<figure class=\"wp-block-image size-full\"><a href=\"https:\/\/ifbaiano.edu.br\/portal\/blog\/coordenadores-de-educacao-a-distancia-ceads-do-if-baiano-se-reunem-em-salvador-para-fortalecer-a-modalidade-ead\/\" target=\"_blank\" rel=\"https:\/\/ifbaiano.edu.br\/portal\/blog\/coordenadores-de-educacao-a-distancia-ceads-do-if-baiano-se-reunem-em-salvador-para-fortalecer-a-modalidade-ead\/ noopener\"><img loading=\"lazy\" width=\"900\" height=\"247\" src=\"https:\/\/diretorias.ifbaiano.edu.br\/portal\/ead\/files\/2026\/02\/CEADS_completa_940X247.jpg\" alt=\"\" class=\"wp-image-2988\" \/><\/a><\/figure>\n\n\n\n<p><\/p>\n\n\n\n<p><\/p>\n\n\n\n<p><\/p>\n\n\n\n<p><a href=\"https:\/\/www.ifpb.edu.br\/ead\/noticias\/noticias-gerais\/ifs-sedia-6o-congresso-nordestino-de-educacao-a-distancia-2013-eaday-2025#:~:text=IFS%20sedia%206%C2%BA%20Congresso%20Nordestino%20de%20Educa%C3%A7%C3%A3o%20a%20Dist%C3%A2ncia%20%E2%80%93%20EADay%202025,-Evento%20online%20reunir%C3%A1&amp;text=O%20Instituto%20Federal%20de%20Sergipe,os%20Institutos%20Federais%20do%20Nordeste.\" target=\"_blank\" rel=\"noreferrer noopener\">6\u00ba Congresso Nordestino de Educa\u00e7\u00e3o a Dist\u00e2ncia &#8211; 2025<\/a><\/p>\n\n\n\n<figure class=\"wp-block-image size-full is-resized\"><img loading=\"lazy\" src=\"https:\/\/diretorias.ifbaiano.edu.br\/portal\/ead\/files\/2026\/03\/image0.width-500.jpg\" alt=\"\" class=\"wp-image-3105\" width=\"573\" height=\"346\" \/><figcaption>card de divulga\u00e7\u00e3o do evento<\/figcaption><\/figure>\n\n\n\n<p><a href=\"https:\/\/ifbaiano.edu.br\/portal\/blog\/vem-ai-mais-uma-edicao-do-congresso-nordestino-de-educacao-a-distancia\/\" data-type=\"URL\" data-id=\"https:\/\/ifbaiano.edu.br\/portal\/blog\/vem-ai-mais-uma-edicao-do-congresso-nordestino-de-educacao-a-distancia\/\" target=\"_blank\" rel=\"noreferrer noopener\">5\u00ba Congresso Nordestino de Educa\u00e7\u00e3o a Dist\u00e2ncia &#8211; 2024<\/a><\/p>\n\n\n\n<figure class=\"wp-block-image size-full is-resized\"><a href=\"https:\/\/www.5cnead.ead.ifpe.edu.br\/#inicio\"><img loading=\"lazy\" src=\"https:\/\/diretorias.ifbaiano.edu.br\/portal\/ead\/files\/2024\/08\/IFPE.jpg\" alt=\"\" class=\"wp-image-2720\" width=\"502\" height=\"500\" \/><\/a><figcaption>card de divulga\u00e7\u00e3o do evento<\/figcaption><\/figure>\n\n\n\n<p><a rel=\"noreferrer noopener\" href=\"https:\/\/eventos.ead.ifpb.edu.br\/4congressonordestino\/\" data-type=\"URL\" target=\"_blank\">4\u00ba Congresso Nordestino de Educa\u00e7\u00e3o a Dist\u00e2ncia &#8211; 2023<\/a><\/p>\n\n\n\n<figure class=\"wp-block-image size-full is-resized\"><img loading=\"lazy\" src=\"https:\/\/diretorias.ifbaiano.edu.br\/portal\/ead\/files\/2026\/03\/4-captura-de-tela.png\" alt=\"\" class=\"wp-image-3111\" width=\"521\" height=\"251\" \/><figcaption>card de divulga\u00e7\u00e3o do evento<\/figcaption><\/figure>\n\n\n\n<p><a rel=\"noreferrer noopener\" href=\"https:\/\/www.ifpb.edu.br\/ead\/noticias\/noticias-gerais\/inscricao-aberta-para-iii-congresso-nordestino-de-ead\" data-type=\"URL\" target=\"_blank\">3\u00ba Congresso Nordestino de Educa\u00e7\u00e3o a Dist\u00e2ncia &#8211; 2022<\/a><\/p>\n\n\n\n<figure class=\"wp-block-image size-full is-resized\"><img loading=\"lazy\" src=\"https:\/\/diretorias.ifbaiano.edu.br\/portal\/ead\/files\/2026\/03\/4-congresso-ne-ead.jpg\" alt=\"\" class=\"wp-image-3108\" width=\"531\" height=\"398\" \/><figcaption>card de divulga\u00e7\u00e3o do evento<\/figcaption><\/figure>\n\n\n\n<p><a rel=\"noreferrer noopener\" href=\"https:\/\/www.even3.com.br\/iicnead2021-152403\/\" data-type=\"URL\" target=\"_blank\">2\u00ba Congresso Nordestino de Educa\u00e7\u00e3o a Dist\u00e2ncia &#8211; 2021<\/a><\/p>\n\n\n\n<figure class=\"wp-block-image size-full is-resized\"><img loading=\"lazy\" src=\"https:\/\/diretorias.ifbaiano.edu.br\/portal\/ead\/files\/2026\/03\/segundo-congresso-1.png\" alt=\"\" class=\"wp-image-3117\" width=\"476\" height=\"426\" \/><figcaption>card de divulga\u00e7\u00e3o do evento<\/figcaption><\/figure>\n\n\n\n<p><a rel=\"noreferrer noopener\" href=\"https:\/\/www.even3.com.br\/iicnead2021-152403\/\" data-type=\"URL\" target=\"_blank\">1\u00ba Congresso Nordestino de Educa\u00e7\u00e3o a Dist\u00e2ncia &#8211; 2020<\/a><\/p>\n\n\n\n<figure class=\"wp-block-image size-full is-resized\"><img loading=\"lazy\" src=\"https:\/\/diretorias.ifbaiano.edu.br\/portal\/ead\/files\/2026\/03\/primeirocongresso.jpeg\" alt=\"\" class=\"wp-image-3119\" width=\"524\" height=\"393\" \/><figcaption>card de divulga\u00e7\u00e3o do evento<\/figcaption><\/figure>\n\n\n\n<p><\/p>\n\n\n\n<p class=\"has-medium-font-size\"><strong>Jornada Pedag\u00f3gica EAD &#8211; Edi\u00e7\u00e3o 2024<\/strong><\/p>\n\n\n\n<figure class=\"wp-block-image size-full is-resized\"><a href=\"https:\/\/diretorias.ifbaiano.edu.br\/portal\/ead\/files\/2024\/08\/JORNADA.PEDAGOGICA-2.jpg\"><img loading=\"lazy\" src=\"https:\/\/diretorias.ifbaiano.edu.br\/portal\/ead\/files\/2024\/08\/JORNADA.PEDAGOGICA-2.jpg\" alt=\"\" class=\"wp-image-2735\" width=\"502\" height=\"502\" \/><\/a><\/figure>\n\n\n\n<p><\/p>\n\n\n\n<p class=\"has-medium-font-size\"><strong>Semana de Acolhimento EAD &#8211; 2023<\/strong><\/p>\n\n\n\n<figure class=\"wp-block-image size-full is-resized\"><a href=\"https:\/\/diretorias.ifbaiano.edu.br\/portal\/ead\/files\/2024\/08\/SEMANA.ACOLHIMENTO.2023.jpg\"><img loading=\"lazy\" src=\"https:\/\/diretorias.ifbaiano.edu.br\/portal\/ead\/files\/2024\/08\/SEMANA.ACOLHIMENTO.2023.jpg\" alt=\"\" class=\"wp-image-2732\" width=\"508\" height=\"508\" \/><\/a><\/figure>\n\n\n\n<p><\/p>\n\n\n\n<p><\/p>\n\n\n\n<p class=\"has-medium-font-size\"><strong>1\u00ba dia da Jornada Pedag\u00f3gica 2021 &#8211; EaD<\/strong><\/p>\n\n\n\n<figure class=\"wp-block-embed is-type-video is-provider-youtube wp-block-embed-youtube wp-embed-aspect-16-9 wp-has-aspect-ratio\"><div class=\"wp-block-embed__wrapper\">\n<iframe loading=\"lazy\" title=\"1\u00ba dia da Jornada Pedag\u00f3gica 2021 - EaD -\" width=\"500\" height=\"281\" src=\"https:\/\/www.youtube.com\/embed\/1vgOSBkezvY?feature=oembed\" frameborder=\"0\" allow=\"accelerometer; autoplay; clipboard-write; encrypted-media; gyroscope; picture-in-picture; web-share\" referrerpolicy=\"strict-origin-when-cross-origin\" allowfullscreen><\/iframe>\n<\/div><\/figure>\n\n\n\n<p><\/p>\n\n\n\n<p><\/p>\n\n\n\n<p><\/p>\n\n\n\n<p><\/p>\n\n\n\n<p>0:20 \/ 1:37:39<\/p>\n\n\n\n<p>Libras em a\u00e7\u00e3o: aprender e praticar a l\u00edngua de sinais para se comunicar com os surdos<\/p>\n\n\n\n<figure class=\"wp-block-embed is-type-video is-provider-youtube wp-block-embed-youtube wp-embed-aspect-16-9 wp-has-aspect-ratio\"><div class=\"wp-block-embed__wrapper\">\n<iframe loading=\"lazy\" title=\"Libras em a\u00e7\u00e3o: aprender e praticar a l\u00edngua de sinais para se comunicar com os surdos\" width=\"500\" height=\"281\" src=\"https:\/\/www.youtube.com\/embed\/MaZQOkO6pWI?feature=oembed\" frameborder=\"0\" allow=\"accelerometer; autoplay; clipboard-write; encrypted-media; gyroscope; picture-in-picture; web-share\" referrerpolicy=\"strict-origin-when-cross-origin\" allowfullscreen><\/iframe>\n<\/div><\/figure>\n","protected":false},"excerpt":{"rendered":"<p>PRODU\u00c7\u00d5ES Diretrizes te\u00f3ricas e pr\u00e1ticas para a produ\u00e7\u00e3o dos materiais did\u00e1ticos escritos da EaD do IF Baiano EVENTOS Coordenadores de Educa\u00e7\u00e3o \u00e0 Dist\u00e2ncia (CEADs) do IF Baiano se re\u00fanem em Salvador para fortalecer a modalidade EaD 6\u00ba Congresso Nordestino de Educa\u00e7\u00e3o a Dist\u00e2ncia &#8211; 2025 5\u00ba Congresso Nordestino de Educa\u00e7\u00e3o a Dist\u00e2ncia &#8211; 2024 4\u00ba [&hellip;]<\/p>\n","protected":false},"author":27,"featured_media":0,"parent":0,"menu_order":0,"comment_status":"closed","ping_status":"closed","template":"","meta":{"ngg_post_thumbnail":0},"_links":{"self":[{"href":"https:\/\/diretorias.ifbaiano.edu.br\/portal\/ead\/wp-json\/wp\/v2\/pages\/2560"}],"collection":[{"href":"https:\/\/diretorias.ifbaiano.edu.br\/portal\/ead\/wp-json\/wp\/v2\/pages"}],"about":[{"href":"https:\/\/diretorias.ifbaiano.edu.br\/portal\/ead\/wp-json\/wp\/v2\/types\/page"}],"author":[{"embeddable":true,"href":"https:\/\/diretorias.ifbaiano.edu.br\/portal\/ead\/wp-json\/wp\/v2\/users\/27"}],"replies":[{"embeddable":true,"href":"https:\/\/diretorias.ifbaiano.edu.br\/portal\/ead\/wp-json\/wp\/v2\/comments?post=2560"}],"version-history":[{"count":37,"href":"https:\/\/diretorias.ifbaiano.edu.br\/portal\/ead\/wp-json\/wp\/v2\/pages\/2560\/revisions"}],"predecessor-version":[{"id":3122,"href":"https:\/\/diretorias.ifbaiano.edu.br\/portal\/ead\/wp-json\/wp\/v2\/pages\/2560\/revisions\/3122"}],"wp:attachment":[{"href":"https:\/\/diretorias.ifbaiano.edu.br\/portal\/ead\/wp-json\/wp\/v2\/media?parent=2560"}],"curies":[{"name":"wp","href":"https:\/\/api.w.org\/{rel}","templated":true}]}}