{"id":2609,"date":"2024-02-29T11:26:10","date_gmt":"2024-02-29T14:26:10","guid":{"rendered":"https:\/\/diretorias.ifbaiano.edu.br\/portal\/ead\/?page_id=2609"},"modified":"2026-02-26T21:27:37","modified_gmt":"2026-02-27T00:27:37","slug":"informatica","status":"publish","type":"page","link":"https:\/\/diretorias.ifbaiano.edu.br\/portal\/ead\/informatica\/","title":{"rendered":"T\u00e9cnico em Inform\u00e1tica"},"content":{"rendered":"\n<p><strong> <\/strong><\/p>\n\n\n\n<p><\/p>\n\n\n\n<p><strong>  <\/strong><\/p>\n\n\n\n<p>O Curso T\u00e9cnico em Inform\u00e1tica do IF Baiano \u00e9 ofertado na modalidade a dist\u00e2ncia, articulado de forma subsequente, com regime de matr\u00edcula semestral. Sua carga hor\u00e1ria total \u00e9 de 1.200 horas, distribu\u00eddas em 80% de estudos\/atividades virtuais e 20% de encontros presenciais, estes que ocorrem nos polos de EaD, conforme turnos e dias definidos por cada campus. \nO Curso T\u00e9cnico em Inform\u00e1tica Subsequente ao Ensino M\u00e9dio est\u00e1 alocado no Eixo Tecnol\u00f3gico de Informa\u00e7\u00e3o e Comunica\u00e7\u00e3o do Cat\u00e1logo Nacional de Cursos T\u00e9cnicos (CNCT) do Minist\u00e9rio da Educa\u00e7\u00e3o (MEC). <\/p>\n\n\n\n<p><br><strong>  <div id=\"TituloMenu\" class=\"dnone\"> OBJETIVO <\/div> <\/strong><\/p>\n\n\n\n<p>Formar t\u00e9cnicos em inform\u00e1tica com responsabilidade social, capazes de planejar e gerenciar projetos de sistemas de redes, fornecer suporte e manuten\u00e7\u00e3o de sistemas e de tecnologias de processamento e transmiss\u00e3o de dados e informa\u00e7\u00f5es, aptos a se adaptarem \u00e0s novas exig\u00eancias do mundo do trabalho.&nbsp;<\/p>\n\n\n\n<p><br><strong> <div id=\"TituloMenu\" class=\"dnone\"> Perfil do Egresso <\/div> <\/strong><\/p>\n\n\n\n<p>O profissional concluinte do Curso T\u00e9cnico em Inform\u00e1tica Subsequente ao Ensino M\u00e9dio poder\u00e1 atuar na especifica\u00e7\u00e3o de componentes ou equipamentos, suporte t\u00e9cnico, procedimentos de instala\u00e7\u00e3o e configura\u00e7\u00e3o, realiza\u00e7\u00e3o de testes e medi\u00e7\u00f5es, utiliza\u00e7\u00e3o de protocolos e arquitetura de redes, identifica\u00e7\u00e3o de meios f\u00edsicos e padr\u00f5es de comunica\u00e7\u00e3o.&nbsp;<\/p>\n\n\n\n<p><br><strong><div id=\"TituloMenu\" class=\"dnone\"> \u00c1rea de atua\u00e7\u00e3o <\/div> <\/strong><\/p>\n\n\n\n<p>Este profissional poder\u00e1 trabalhar em institui\u00e7\u00f5es p\u00fablicas, privadas e do terceiro setor que demandem sistemas computacionais, especialmente em atividades que envolvem programa\u00e7\u00e3o de computadores.&nbsp;<\/p>\n\n\n\n<p><br><strong><div id=\"TituloMenu\" class=\"dnone\">P\u00fablico-alvo<\/div><\/strong> <\/p>\n\n\n\nEstudantes egressos do ensino m\u00e9dio ou curso equivalente, que necessitem ampliar a sua forma\u00e7\u00e3o profissional.\n\n\n\n<p><br><strong><div id=\"TituloMenu\" class=\"dnone\"> Forma de ingresso<\/div><\/strong> <\/p>\n\n\n\n<p> O ingresso no Curso T\u00e9cnico em Inform\u00e1tica Subsequente ao Ensino M\u00e9dio ocorrer\u00e1 mediante Processo Seletivo Unificado do IF Baiano.<\/p>\n\n\n\n<p><br><strong><div id=\"TituloMenu\" class=\"dnone\"> Dura\u00e7\u00e3o do curso <\/div> <\/strong><\/p>\n\n\n\n<p>18 meses.<\/p>\n\n\n\n<p><strong><\/strong><\/p><div id=\"TituloMenu\" class=\"dnone\"><strong> Matriz Curricular e Carga hor\u00e1ria do curso<\/strong><\/div><p><\/p>\n\n\n\n<p class=\"has-text-align-center\"><strong>1\u00ba SEMESTRE<\/strong><\/p>\n\n\n\n<table id=\"tablepress-15\" class=\"tablepress tablepress-id-15\">\n<thead>\n<tr class=\"row-1\">\n\t<th class=\"column-1\">COMPONENTE CURRICULAR<\/th><th class=\"column-2\">CARGA HOR\u00c1RIA<\/th><th class=\"column-3\">PROFESSOR(A) FORMADOR(A)<\/th>\n<\/tr>\n<\/thead>\n<tbody class=\"row-hover\">\n<tr class=\"row-2\">\n\t<td class=\"column-1\">Ambienta\u00e7\u00e3o em Educa\u00e7\u00e3o a Dist\u00e2ncia<\/td><td class=\"column-2\">40<\/td><td class=\"column-3\">Adailde do Carmo Santos<\/td>\n<\/tr>\n<tr class=\"row-3\">\n\t<td class=\"column-1\">\u00c9tica Profissional<\/td><td class=\"column-2\">40<\/td><td class=\"column-3\">Marcos Cajaiba<\/td>\n<\/tr>\n<tr class=\"row-4\">\n\t<td class=\"column-1\">Ingl\u00eas para fins t\u00e9cnicos<\/td><td class=\"column-2\">80<\/td><td class=\"column-3\">Aldenice de Jesus Cardoso de Almeida<\/td>\n<\/tr>\n<tr class=\"row-5\">\n\t<td class=\"column-1\">Interface humano-computador<\/td><td class=\"column-2\">60<\/td><td class=\"column-3\">Eneida Alves Rios<\/td>\n<\/tr>\n<tr class=\"row-6\">\n\t<td class=\"column-1\">Fundamentos de L\u00f3gica Computacional<\/td><td class=\"column-2\">80<\/td><td class=\"column-3\">Allan Delon Barbosa Araujo<\/td>\n<\/tr>\n<tr class=\"row-7\">\n\t<td class=\"column-1\">Arquitetura e componentes de computadores<\/td><td class=\"column-2\">60<\/td><td class=\"column-3\">\u00c1rtus Bolzanni<\/td>\n<\/tr>\n<tr class=\"row-8\">\n\t<td class=\"column-1\">Sistemas operacionais<\/td><td class=\"column-2\">60<\/td><td class=\"column-3\">Andr\u00e9 Luiz Andrade Rezende<\/td>\n<\/tr>\n<tr class=\"row-9\">\n\t<td class=\"column-1\">SUBTOTAL<\/td><td class=\"column-2\">420<\/td><td class=\"column-3\">-<\/td>\n<\/tr>\n<\/tbody>\n<\/table>\n<!-- #tablepress-15 from cache -->\n\n\n\n<p class=\"has-text-align-center\"><strong>2\u00ba SEMESTRE<\/strong><\/p>\n\n\n\n\n<table id=\"tablepress-16\" class=\"tablepress tablepress-id-16\">\n<thead>\n<tr class=\"row-1\">\n\t<th class=\"column-1\">COMPONENTE CURRICULAR<\/th><th class=\"column-2\">CARGA HOR\u00c1RIA<\/th><th class=\"column-3\">PROFESSOR(A) FORMADOR(A)<\/th>\n<\/tr>\n<\/thead>\n<tbody class=\"row-hover\">\n<tr class=\"row-2\">\n\t<td class=\"column-1\">Fundamentos de engenharia de software<\/td><td class=\"column-2\">60<\/td><td class=\"column-3\">Eneida Alves Rios<\/td>\n<\/tr>\n<tr class=\"row-3\">\n\t<td class=\"column-1\">Banco de dados<\/td><td class=\"column-2\">60<\/td><td class=\"column-3\">Andr\u00e9 Luiz Andrade Rezende<\/td>\n<\/tr>\n<tr class=\"row-4\">\n\t<td class=\"column-1\">Programa\u00e7\u00e3o orientada a objetos<\/td><td class=\"column-2\">60<\/td><td class=\"column-3\">Lucas Sampaio Leite<\/td>\n<\/tr>\n<tr class=\"row-5\">\n\t<td class=\"column-1\">Testes de software<\/td><td class=\"column-2\">40<\/td><td class=\"column-3\">Eneida Alves Rios<\/td>\n<\/tr>\n<tr class=\"row-6\">\n\t<td class=\"column-1\">Fundamentos de an\u00e1lise e projetos de<br \/>\nsistemas de informa\u00e7\u00e3o<\/td><td class=\"column-2\">40<\/td><td class=\"column-3\">\u00c1rtus Bolzanni<\/td>\n<\/tr>\n<tr class=\"row-7\">\n\t<td class=\"column-1\">Programa\u00e7\u00e3o em ambientes web<\/td><td class=\"column-2\">80<\/td><td class=\"column-3\">Luciano Mesquita Silva<\/td>\n<\/tr>\n<tr class=\"row-8\">\n\t<td class=\"column-1\">Fundamentos de ger\u00eancia de projeto<\/td><td class=\"column-2\">40<\/td><td class=\"column-3\">Fabr\u00edcio Leonardo Rodrigues<\/td>\n<\/tr>\n<tr class=\"row-9\">\n\t<td class=\"column-1\">SUBTOTAL<\/td><td class=\"column-2\">380<\/td><td class=\"column-3\">-<\/td>\n<\/tr>\n<\/tbody>\n<\/table>\n<!-- #tablepress-16 from cache -->\n\n\n\n<p class=\"has-text-align-center\"><strong>3\u00ba SEMESTRE<\/strong><\/p>\n\n\n\n<table id=\"tablepress-17\" class=\"tablepress tablepress-id-17\">\n<thead>\n<tr class=\"row-1\">\n\t<th class=\"column-1\">COMPONENTE CURRICULAR<\/th><th class=\"column-2\">CARGA HOR\u00c1RIA<\/th><th class=\"column-3\">PROFESSOR(A) FORMADOR(A)<\/th>\n<\/tr>\n<\/thead>\n<tbody class=\"row-hover\">\n<tr class=\"row-2\">\n\t<td class=\"column-1\">Introdu\u00e7\u00e3o \u00e0 redes de computadores<\/td><td class=\"column-2\">60<\/td><td class=\"column-3\">\u00c1rtus Bolzani<\/td>\n<\/tr>\n<tr class=\"row-3\">\n\t<td class=\"column-1\">Introdu\u00e7\u00e3o \u00e0 programa\u00e7\u00e3o e opera\u00e7\u00e3o em<br \/>\ninfraestrutura de redes de computadores<\/td><td class=\"column-2\">60<\/td><td class=\"column-3\">\u00c1rtus Bolzani<\/td>\n<\/tr>\n<tr class=\"row-4\">\n\t<td class=\"column-1\">Introdu\u00e7\u00e3o \u00e0 virtualiza\u00e7\u00e3o e computa\u00e7\u00e3o em<br \/>\nnuvem<\/td><td class=\"column-2\">80<\/td><td class=\"column-3\">Filipe Garrido<\/td>\n<\/tr>\n<tr class=\"row-5\">\n\t<td class=\"column-1\">Introdu\u00e7\u00e3o \u00e0 seguran\u00e7a de redes de<br \/>\ncomputadores<\/td><td class=\"column-2\">60<\/td><td class=\"column-3\">\u00c1rtus Bolzani<\/td>\n<\/tr>\n<tr class=\"row-6\">\n\t<td class=\"column-1\">Introdu\u00e7\u00e3o a infraestrutura em ambiente IoT<\/td><td class=\"column-2\">60<\/td><td class=\"column-3\">Akila Luiz Fernandes<\/td>\n<\/tr>\n<tr class=\"row-7\">\n\t<td class=\"column-1\">Implanta\u00e7\u00e3o e administra\u00e7\u00e3o de servidores de<br \/>\nredes de computadores<\/td><td class=\"column-2\">80<\/td><td class=\"column-3\">Davi Caldas<\/td>\n<\/tr>\n<tr class=\"row-8\">\n\t<td class=\"column-1\">SUBTOTAL<\/td><td class=\"column-2\">400<\/td><td class=\"column-3\">-<\/td>\n<\/tr>\n<\/tbody>\n<\/table>\n<!-- #tablepress-17 from cache -->\n\n\n\n<p class=\"has-text-align-left\">CARGA HOR\u00c1RIA DO EIXO TECNOL\u00d3GICO: <strong>1200 horas<\/strong><\/p>\n\n\n\n<p><br><strong><\/strong><\/p><div id=\"TituloMenu\" class=\"dnone\"><strong> Crit\u00e9rios de avalia\u00e7\u00e3o<\/strong><\/div><p><\/p>\n\n\n\n<p> <\/p>\n\n\n\n<p>Ser\u00e1 considerado o desempenho acad\u00eamico do estudante, em todos os componentes curriculares, igual ou superior a 6,0 (seis pontos), e a frequ\u00eancia m\u00ednima de 75% (setenta e cinco por cento), considerando as atividades presenciais e online.<\/p>\n\n\n\n<p>As notas das atividades avaliativas ser\u00e3o atribu\u00eddas pelos professores mediadores a dist\u00e2ncia e presencial, conforme crit\u00e9rios definidos pelo professor formador da disciplina, em uma escala de 0,0 (zero) a 10,0 (dez), obedecendo o seguinte peso:<\/p>\n\n\n\n<p>I &#8211; avalia\u00e7\u00f5es online&nbsp;ter\u00e3o peso 80%, que constituir\u00e1 a M\u00e9dia a Dist\u00e2ncia (MD);<\/p>\n\n\n\n<p>II &#8211; avalia\u00e7\u00f5es presenciais&nbsp;ter\u00e3o peso 20%, que constituir\u00e1 a M\u00e9dia Presencial (MP).<\/p>\n\n\n\n<p> <\/p>\n\n\n\n<p><strong><\/strong><\/p>\n\n\n\n<p> Per\u00edodo m\u00e1ximo de integraliza\u00e7\u00e3o de 36 meses. <\/p>\n\n\n\n<p><strong><\/strong><\/p><div id=\"TituloMenu\" class=\"dnone\"><strong> CONTATO DA COORDENA\u00c7\u00c3O DE CADA CAMPUS<\/strong><\/div><p><\/p>\n\n\n\n<p>Alagoinhas:<br>curso.secretaria.alg@ead.ifbaiano.edu.br<\/p>\n\n\n\n<p>Bom Jesus da Lapa:<br>curso.secretaria.bjl@ead.ifbaiano.edu.br<\/p>\n\n\n\n<p>Catu:<br>curso.secretaria.cat@ead.ifbaiano.edu.br<\/p>\n\n\n\n<p>Governador Mangabeira:<br>curso.secretaria.gmb@ead.ifbaiano.edu.br<\/p>\n\n\n\n<p>Guanambi:<br>curso.secretaria.gbi@ead.ifbaiano.edu.br<\/p>\n\n\n\n<p>Itaberaba:<br>curso.secretaria.itb@ead.ifbaiano.edu.br<\/p>\n\n\n\n<p>Itapetinga:<br>curso.secretaria.ita@ead.ifbaiano.edu.br<\/p>\n\n\n\n<p>Santa In\u00eas:<br>curso.secretaria.si@ead.ifbaiano.edu.br<\/p>\n\n\n\n<p>Senhor do Bonfim:<br>curso.secretaria.sbf@ead.ifbaiano.edu.br<\/p>\n\n\n\n<p>Serrinha:<br>curso.secretaria.ser@ead.ifbaiano.edu.br<\/p>\n\n\n\n<p>Teixeira de Freiras:<br>curso.secretaria.tdf@ead.ifbaiano.edu.br<\/p>\n\n\n\n<p>Uru\u00e7uca:<br>curso.secretaria.uru@ead.ifbaiano.edu.br<\/p>\n\n\n\n<p>Valen\u00e7a:<br>curso.secretaria.val@ead.ifbaiano.edu.br<\/p>\n\n\n\n<p>Xique-Xique:<br>curso.secretaria.xiq@ead.ifbaiano.edu.br<\/p>\n\n\n\n<p><strong><\/strong><\/p><div id=\"TituloMenu\" class=\"dnone\"><strong> Informa\u00e7\u00f5es sobre t\u00edtulo e certificado<\/strong><\/div> <p><\/p>\n\n\n\n<p>Ao t\u00e9rmino de cada semestre, o estudante poder\u00e1 requerer o Certificado de Qualifica\u00e7\u00e3o Profissional (Certifica\u00e7\u00e3o Intermedi\u00e1ria), desde que tenha cumprido, com aprova\u00e7\u00e3o, as<\/p>\n\n\n\n<p>disciplinas requeridas para a respectiva certifica\u00e7\u00e3o, conforme apresentado nesta se\u00e7\u00e3o. Desse modo, ao longo do curso, haver\u00e1 tr\u00eas certifica\u00e7\u00f5es intermedi\u00e1rias, definidas de acordo com o CNCT (em sua 4a edi\u00e7\u00e3o de 27\/01\/2021): Operador de Computadores; Programador de Sistemas; e Instalador e Reparador de Redes de Computadores.<\/p>\n\n\n\n<p>Os certificados e diplomas do Curso T\u00e9cnico em Inform\u00e1tica Subsequente ao Ensino M\u00e9dio ser\u00e3o emitidos pelo campus onde o estudante estiver regularmente matriculado. &nbsp;<\/p>\n\n\n\n<p><strong><div id=\"TituloMenu\" class=\"dnone\"> Projeto Pedag\u00f3gico do Curso<\/strong><\/div><\/p>\n\n\n\n<p><a href=\"https:\/\/diretorias.ifbaiano.edu.br\/portal\/ead\/files\/2024\/03\/PPC-do-Curso-Te\u0301cnico-em-informa\u0301tica-Subsequente-EAD.pdf\" data-type=\"URL\" data-id=\"https:\/\/diretorias.ifbaiano.edu.br\/portal\/ead\/files\/2024\/03\/PPC-do-Curso-Te\u0301cnico-em-informa\u0301tica-Subsequente-EAD.pdf\" target=\"_blank\" rel=\"noreferrer noopener\">Clique aqui<\/a> para acessar o Projeto Pedag\u00f3gico do Curso.<\/p>\n\n\n\n<p><a href=\"https:\/\/diretorias.ifbaiano.edu.br\/portal\/ead\/files\/2026\/02\/Resolucao-CONSUP-No-336-2024-Tecnico-em-Informatica.pdf\" target=\"_blank\" rel=\"noreferrer noopener\">Resolu\u00e7\u00e3o CONSUP\/ IF Baiano N\u00ba 336\/2024= T\u00e9cnico em Inform\u00e1tica<\/a><\/p>\n","protected":false},"excerpt":{"rendered":"<p>O Curso T\u00e9cnico em Inform\u00e1tica do IF Baiano \u00e9 ofertado na modalidade a dist\u00e2ncia, articulado de forma subsequente, com regime de matr\u00edcula semestral. Sua carga hor\u00e1ria total \u00e9 de 1.200 horas, distribu\u00eddas em 80% de estudos\/atividades virtuais e 20% de encontros presenciais, estes que ocorrem nos polos de EaD, conforme turnos e dias definidos por [&hellip;]<\/p>\n","protected":false},"author":27,"featured_media":0,"parent":0,"menu_order":0,"comment_status":"closed","ping_status":"closed","template":"","meta":{"ngg_post_thumbnail":0},"_links":{"self":[{"href":"https:\/\/diretorias.ifbaiano.edu.br\/portal\/ead\/wp-json\/wp\/v2\/pages\/2609"}],"collection":[{"href":"https:\/\/diretorias.ifbaiano.edu.br\/portal\/ead\/wp-json\/wp\/v2\/pages"}],"about":[{"href":"https:\/\/diretorias.ifbaiano.edu.br\/portal\/ead\/wp-json\/wp\/v2\/types\/page"}],"author":[{"embeddable":true,"href":"https:\/\/diretorias.ifbaiano.edu.br\/portal\/ead\/wp-json\/wp\/v2\/users\/27"}],"replies":[{"embeddable":true,"href":"https:\/\/diretorias.ifbaiano.edu.br\/portal\/ead\/wp-json\/wp\/v2\/comments?post=2609"}],"version-history":[{"count":23,"href":"https:\/\/diretorias.ifbaiano.edu.br\/portal\/ead\/wp-json\/wp\/v2\/pages\/2609\/revisions"}],"predecessor-version":[{"id":3030,"href":"https:\/\/diretorias.ifbaiano.edu.br\/portal\/ead\/wp-json\/wp\/v2\/pages\/2609\/revisions\/3030"}],"wp:attachment":[{"href":"https:\/\/diretorias.ifbaiano.edu.br\/portal\/ead\/wp-json\/wp\/v2\/media?parent=2609"}],"curies":[{"name":"wp","href":"https:\/\/api.w.org\/{rel}","templated":true}]}}