{"id":2615,"date":"2024-02-29T11:31:04","date_gmt":"2024-02-29T14:31:04","guid":{"rendered":"https:\/\/diretorias.ifbaiano.edu.br\/portal\/ead\/?page_id=2615"},"modified":"2026-02-27T09:11:40","modified_gmt":"2026-02-27T12:11:40","slug":"tecnico-em-rede-de-computadores","status":"publish","type":"page","link":"https:\/\/diretorias.ifbaiano.edu.br\/portal\/ead\/tecnico-em-rede-de-computadores\/","title":{"rendered":"T\u00e9cnico em Rede de Computadores"},"content":{"rendered":"\n<p><strong> <\/strong><\/p>\n\n\n\n<p><\/p>\n\n\n\n<p><strong>  <div id=\"TituloMenu\" class=\"dnone\"> Sobre o Curso <\/div> <\/strong><\/p>\n\n\n\n<p>O Curso T\u00e9cnico em Redes de Computadores do IF Baiano \u00e9 ofertado na modalidade a dist\u00e2ncia, articulado de forma subsequente, com regime de matr\u00edcula semestral. Sua carga hor\u00e1ria total \u00e9 de 1.200 horas, distribu\u00eddas em 80% de estudos\/atividades virtuais e 20% de encontros presenciais, estes que ocorrem nos polos de EaD, conforme turnos e dias definidos por cada campus. <\/p>\n\n\n\n<p><br><strong>  <div id=\"TituloMenu\" class=\"dnone\"> OBJETIVO <\/div> <\/strong><\/p>\n\n\n\n<p>Formar t\u00e9cnicos em redes de computadores com responsabilidade social, aptos a se adaptarem \u00e0s novas exig\u00eancias do mundo do trabalho, capazes de planejar e gerenciar projetos de sistemas de redes, fornecer suporte e manuten\u00e7\u00e3o de sistemas e de tecnologias de processamento e transmiss\u00e3o de dados e informa\u00e7\u00f5es.&nbsp;<\/p>\n\n\n\n<p><br><strong> <div id=\"TituloMenu\" class=\"dnone\"> Perfil do Egresso <\/div> <\/strong><\/p>\n\n\n\n<p>O profissional concluinte do Curso T\u00e9cnico em Redes de Computadores Subsequente ao Ensino M\u00e9dio poder\u00e1 atuar na especifica\u00e7\u00e3o de componentes ou equipamentos, suporte t\u00e9cnico, procedimentos de instala\u00e7\u00e3o e configura\u00e7\u00e3o de rede de computadores f\u00edsica e l\u00f3gica, utiliza\u00e7\u00e3o de protocolos e arquitetura de redes, administra\u00e7\u00e3o de sistemas operacionais em redes de computadores.<\/p>\n\n\n\n<p><br><strong><div id=\"TituloMenu\" class=\"dnone\"> \u00c1rea de atua\u00e7\u00e3o <\/div> <\/strong><\/p>\n\n\n\n<p>Este profissional poder\u00e1 trabalhar em institui\u00e7\u00f5es p\u00fablicas, privadas e do terceiro setor que demandem sistemas computacionais, especialmente em atividades que envolvem instala\u00e7\u00e3o e gest\u00e3o de redes de computadores.&nbsp;<\/p>\n\n\n\n<p><br><strong><div id=\"TituloMenu\" class=\"dnone\">P\u00fablico-alvo<\/div><\/strong> <\/p>\n\n\n\nEstudantes egressos do ensino m\u00e9dio ou curso equivalente, que necessitem ampliar a sua forma\u00e7\u00e3o profissional.\n\n\n\n<p><br><strong><div id=\"TituloMenu\" class=\"dnone\"> Forma de ingresso<\/div><\/strong> <\/p>\n\n\n\n<p> O ingresso no Curso T\u00e9cnico em Redes de Computadores Subsequente ao Ensino M\u00e9dio ocorrer\u00e1 mediante Processo Seletivo Unificado do IF Baiano<\/p>\n\n\n\n<p><br><strong><div id=\"TituloMenu\" class=\"dnone\"> Dura\u00e7\u00e3o do curso <\/div> <\/strong><\/p>\n\n\n\n<p>18 meses.<\/p>\n\n\n\n<p><strong><div id=\"TituloMenu\" class=\"dnone\"> Matriz Curricular e Carga hor\u00e1ria do curso<\/div><\/strong><\/p>\n\n\n\n<p class=\"has-text-align-center\"><strong>1\u00ba SEMESTRE<\/strong><\/p>\n\n\n\n<table id=\"tablepress-4\" class=\"tablepress tablepress-id-4\">\n<thead>\n<tr class=\"row-1 odd\">\n\t<th class=\"column-1\">DISCIPLINAS<\/th><th class=\"column-2\"><div align=\"center\">CARGA HOR\u00c1RIA TOTAL<\/div><\/th><th class=\"column-3\">PROFESSOR(A) FORMADOR(A)<\/th>\n<\/tr>\n<\/thead>\n<tbody class=\"row-hover\">\n<tr class=\"row-2 even\">\n\t<td class=\"column-1\">Ambienta\u00e7\u00e3o em Educa\u00e7\u00e3o a Dist\u00e2ncia<\/td><td class=\"column-2\"><div align=\"center\">40<\/div><\/td><td class=\"column-3\">Adailde do Carmo Santos<\/td>\n<\/tr>\n<tr class=\"row-3 odd\">\n\t<td class=\"column-1\">\u00c9tica Profissional<\/td><td class=\"column-2\"><div align=\"center\">40<\/div><\/td><td class=\"column-3\">Marcos Cajaiba<\/td>\n<\/tr>\n<tr class=\"row-4 even\">\n\t<td class=\"column-1\">Ingl\u00eas para fins T\u00e9cnicos <br \/>\n<\/td><td class=\"column-2\"><div align=\"center\">80<\/div><\/td><td class=\"column-3\">Aldenice de Jesus Cardoso de Almeida<\/td>\n<\/tr>\n<tr class=\"row-5 odd\">\n\t<td class=\"column-1\">Princ\u00edpios de Redes de Computadores <\/td><td class=\"column-2\"><div align=\"center\">80<\/div><\/td><td class=\"column-3\">Andr\u00e9 Luiz Andrade Rezende<\/td>\n<\/tr>\n<tr class=\"row-6 even\">\n\t<td class=\"column-1\">Fundamentos de l\u00f3gica computacional <\/td><td class=\"column-2\"><div align=\"center\">80<\/div><\/td><td class=\"column-3\">Allan Delon Barbosa Araujo<\/td>\n<\/tr>\n<tr class=\"row-7 odd\">\n\t<td class=\"column-1\">Empreendedorismo<br \/>\n<\/td><td class=\"column-2\"><div align=\"center\">40<\/div><\/td><td class=\"column-3\">Jorge Alardo Freitas<\/td>\n<\/tr>\n<tr class=\"row-8 even\">\n\t<td class=\"column-1\">Projeto Integrador I<\/td><td class=\"column-2\"><div align=\"center\">40<\/div><\/td><td class=\"column-3\">Rosemeire Bara\u00fana Meira De Ara\u00fajo<\/td>\n<\/tr>\n<\/tbody>\n<tfoot>\n<tr class=\"row-9 odd\">\n\t<th class=\"column-1\"><strong> SUBTOTAL<\/strong><\/th><th class=\"column-2\"><div align=\"center\">400<\/div><\/th><th class=\"column-3\">-<\/th>\n<\/tr>\n<\/tfoot>\n<\/table>\n<!-- #tablepress-4 from cache -->\n\n\n\n<p class=\"has-text-align-center\"><strong>2\u00ba SEMESTRE<\/strong><\/p>\n\n\n\n\n<table id=\"tablepress-14\" class=\"tablepress tablepress-id-14\">\n<thead>\n<tr class=\"row-1 odd\">\n\t<th class=\"column-1\">COMPONENTE CURRICULAR<\/th><th class=\"column-2\">CARGA HOR\u00c1RIA TOTAL<\/th><th class=\"column-3\">PROFESSOR(A) FORMADOR(A)<\/th>\n<\/tr>\n<\/thead>\n<tbody class=\"row-hover\">\n<tr class=\"row-2 even\">\n\t<td class=\"column-1\">Redes sem Fio<\/td><td class=\"column-2\">80<\/td><td class=\"column-3\">T\u00e1rsio Ribeiro Cavalcante<\/td>\n<\/tr>\n<tr class=\"row-3 odd\">\n\t<td class=\"column-1\">Sistemas Operacionais de Redes <\/td><td class=\"column-2\">80<\/td><td class=\"column-3\">T\u00e1rsio Ribeiro Cavalcante<\/td>\n<\/tr>\n<tr class=\"row-4 even\">\n\t<td class=\"column-1\">Servi\u00e7os em Redes de Computadores<\/td><td class=\"column-2\">80<\/td><td class=\"column-3\">\u00c1rtus Bolzanni<\/td>\n<\/tr>\n<tr class=\"row-5 odd\">\n\t<td class=\"column-1\">Cabeamento Estruturado e Projeto de Redes de<br \/>\nComputadores<br \/>\n<\/td><td class=\"column-2\">80<\/td><td class=\"column-3\">T\u00e1rsio Ribeiro Cavalcante<\/td>\n<\/tr>\n<tr class=\"row-6 even\">\n\t<td class=\"column-1\">Projeto Integrador II<\/td><td class=\"column-2\">40<\/td><td class=\"column-3\"> <\/td>\n<\/tr>\n<\/tbody>\n<tfoot>\n<tr class=\"row-7 odd\">\n\t<th class=\"column-1\">SUBTOTAL<\/th><th class=\"column-2\">360<\/th><th class=\"column-3\">-<\/th>\n<\/tr>\n<\/tfoot>\n<\/table>\n<!-- #tablepress-14 from cache -->\n\n\n\n<p class=\"has-text-align-center\"><strong>3\u00ba SEMESTRE<\/strong><\/p>\n\n\n\n<table id=\"tablepress-13\" class=\"tablepress tablepress-id-13\">\n<thead>\n<tr class=\"row-1 odd\">\n\t<th class=\"column-1\">COMPONENTE CURRICULAR<\/th><th class=\"column-2\"><div align=\"center\">CARGA HOR\u00c1RIA TOTAL<\/div><\/th><th class=\"column-3\">PROFESSOR(A) FORMADOR(A)<\/th>\n<\/tr>\n<\/thead>\n<tbody class=\"row-hover\">\n<tr class=\"row-2 even\">\n\t<td class=\"column-1\">Automa\u00e7\u00e3o via script<\/td><td class=\"column-2\"><div align=\"center\">80<\/div><\/td><td class=\"column-3\">\u00c1rtus Bolzanni<\/td>\n<\/tr>\n<tr class=\"row-3 odd\">\n\t<td class=\"column-1\">Seguran\u00e7a em redes de computadores<\/td><td class=\"column-2\"><div align=\"center\">80<\/div><\/td><td class=\"column-3\">\u00c1rtus Bolzanni<\/td>\n<\/tr>\n<tr class=\"row-4 even\">\n\t<td class=\"column-1\">Gerenciamento de Redes de Computadores <\/td><td class=\"column-2\"><div align=\"center\">80<\/div><\/td><td class=\"column-3\">Alex de Oliveira Coelho<\/td>\n<\/tr>\n<tr class=\"row-5 odd\">\n\t<td class=\"column-1\">Computa\u00e7\u00e3o em Nuvem e Virtualiza\u00e7\u00e3o <\/td><td class=\"column-2\"><div align=\"center\">80<\/div><\/td><td class=\"column-3\">\u00c1rtus Bolzanni<\/td>\n<\/tr>\n<tr class=\"row-6 even\">\n\t<td class=\"column-1\">Projeto Integrador III<\/td><td class=\"column-2\"><div align=\"center\">40<\/div><\/td><td class=\"column-3\">Alex de Oliveira Coelho<\/td>\n<\/tr>\n<\/tbody>\n<tfoot>\n<tr class=\"row-7 odd\">\n\t<th class=\"column-1\">SUBTOTAL<\/th><th class=\"column-2\"><div align=\"center\">360<\/div><\/th><th class=\"column-3\">-<\/th>\n<\/tr>\n<\/tfoot>\n<\/table>\n<!-- #tablepress-13 from cache -->\n\n\n\n<p class=\"has-text-align-left\">CARGA HOR\u00c1RIA DO EIXO TECNOL\u00d3GICO: <strong>1120 horas<\/strong><\/p>\n\n\n\n<p><br><strong><div id=\"TituloMenu\" class=\"dnone\"> Crit\u00e9rios de avalia\u00e7\u00e3o<\/div><\/strong><\/p>\n\n\n\n<p> <\/p>\n\n\n\n<p>Ser\u00e1 considerado o desempenho acad\u00eamico do estudante, em todos os componentes curriculares, igual ou superior a 6,0 (seis pontos), e a frequ\u00eancia m\u00ednima de 75% (setenta e cinco por cento), considerando as atividades presenciais e online.<\/p>\n\n\n\n<p>As notas das atividades avaliativas ser\u00e3o atribu\u00eddas pelos professores mediadores a dist\u00e2ncia e presencial, conforme crit\u00e9rios definidos pelo professor formador da disciplina, em uma escala de 0,0 (zero) a 10,0 (dez), obedecendo o seguinte peso:<\/p>\n\n\n\n<p>I &#8211; avalia\u00e7\u00f5es online ter\u00e3o peso 80%, que constituir\u00e1 a M\u00e9dia a Dist\u00e2ncia (MD);<\/p>\n\n\n\n<p>II &#8211; avalia\u00e7\u00f5es presenciais ter\u00e3o peso 20%, que constituir\u00e1 a M\u00e9dia Presencial (MP).<\/p>\n\n\n\n<p> <\/p>\n\n\n\n<p><strong><div id=\"TituloMenu\" class=\"dnone\"> Per\u00edodo de integraliza\u00e7\u00e3o<\/div><\/strong> <\/p>\n\n\n\n<p> Per\u00edodo m\u00e1ximo de integraliza\u00e7\u00e3o de 36 meses. <\/p>\n\n\n\n<p><strong><div id=\"TituloMenu\" class=\"dnone\"> Contato da Coordena\u00e7\u00e3o de cada campus<\/div><\/strong><\/p>\n\n\n<p>Alagoinhas:<br \/>\ncurso.secretaria.alg@ead.ifbaiano.edu.br<\/p>\n<p>Bom Jesus da Lapa:<br \/>\ncurso.secretaria.bjl@ead.ifbaiano.edu.br<\/p>\n<p>Catu:<br \/>\ncurso.secretaria.cat@ead.ifbaiano.edu.br<\/p>\n<p>Governador Mangabeira:<br \/>\ncurso.secretaria.gmb@ead.ifbaiano.edu.br<\/p>\n<p>Guanambi:<br \/>\ncurso.secretaria.gbi@ead.ifbaiano.edu.br<\/p>\n<p>Itaberaba:<br \/>\ncurso.secretaria.itb@ead.ifbaiano.edu.br<\/p>\n<p>Itapetinga:<br \/>\ncurso.secretaria.ita@ead.ifbaiano.edu.br<\/p>\n<p>Santa In\u00eas:<br \/>\ncurso.secretaria.si@ead.ifbaiano.edu.br<\/p>\n<p>Senhor do Bonfim:<br \/>\ncurso.secretaria.sbf@ead.ifbaiano.edu.br<\/p>\n<p>Serrinha:<br \/>\ncurso.secretaria.ser@ead.ifbaiano.edu.br<\/p>\n<p>Teixeira de Freiras:<br \/>\ncurso.secretaria.tdf@ead.ifbaiano.edu.br<\/p>\n<p>Uru\u00e7uca:<br \/>\ncurso.secretaria.uru@ead.ifbaiano.edu.br<\/p>\n<p>Valen\u00e7a:<br \/>\ncurso.secretaria.val@ead.ifbaiano.edu.br<\/p>\n<p>Xique-Xique:<br \/>\ncurso.secretaria.xiq@ead.ifbaiano.edu.br<\/p>\n\n\n\n<p><strong><div id=\"TituloMenu\" class=\"dnone\"> Informa\u00e7\u00f5es sobre t\u00edtulo e certificado<\/strong><\/div> <\/p>\n\n\n\n<p>Diploma de T\u00e9cnico em Rede de Computaores emitido pelo Instituto Federal Baia<\/p>\n\n\n\n<p>Ao t\u00e9rmino de cada semestre, o estudante poder\u00e1 requerer o Certificado de Qualifica\u00e7\u00e3o Profissional (Certifica\u00e7\u00e3o Intermedi\u00e1ria), desde que tenha cumprido, com aprova\u00e7\u00e3o, as disciplinas requeridas para a respectiva certifica\u00e7\u00e3o, conforme apresentado nesta se\u00e7\u00e3o. Desse modo, ao longo do curso, haver\u00e1 tr\u00eas certifica\u00e7\u00f5es intermedi\u00e1rias, definidas de acordo com o CNCT (em sua 4a edi\u00e7\u00e3o de 27\/01\/2021): Operador de Computadores; Operador de Sistemas Computacionais em Rede; e Instalador e Reparador de Redes de Computadores.<\/p>\n\n\n\n<p>Os certificados e diplomas do Curso T\u00e9cnico em Redes de Computadores Subsequente ao Ensino M\u00e9dio ser\u00e3o emitidos pelo campus onde o estudante estiver regularmente matriculado<\/p>\n\n\n\n<p><strong><div id=\"TituloMenu\" class=\"dnone\"> Projeto Pedag\u00f3gico do Curso<\/strong><\/div><\/p>\n\n\n\n<p>O Projeto Pedag\u00f3gico do Curso (PPC)  Rede de Computadores Subsequente ao Ensino M\u00e9dio, na modalidade a dist\u00e2ncia, tem perspectiva de educa\u00e7\u00e3o interativa, significativa e flex\u00edvel, pertencente ao Eixo Tecnol\u00f3gico de Desenvolvimento Educacional e Social do Cat\u00e1logo Nacional de Cursos T\u00e9cnicos (CNCT).<\/p>\n\n\n\n<p><a rel=\"noreferrer noopener\" href=\"https:\/\/diretorias.ifbaiano.edu.br\/portal\/ead\/files\/2024\/03\/PPC-do-Curso-Te\u0301cnico-em-Redes-de-computadores-Subsequente-EAD-2.pdf\" target=\"_blank\">Clique aqui <\/a>para acessar o PPC do Curso de Rede de Computadores <\/p>\n\n\n\n<p><a rel=\"noreferrer noopener\" href=\"https:\/\/diretorias.ifbaiano.edu.br\/portal\/ead\/files\/2026\/02\/Resolucao-CONSUP-No-205-2022-Tecnico-em-Redes-de-Computadores.pdf\" target=\"_blank\">Resolu\u00e7\u00e3o CONSUP\/ IF Baiano N\u00ba 205\/2022= T\u00e9cnico em Redes de Computadores<\/a><\/p>\n\n\n\n<p><a rel=\"noreferrer noopener\" href=\"https:\/\/diretorias.ifbaiano.edu.br\/portal\/ead\/files\/2026\/02\/Resolucao-CONSUP-No-335-2024-Tecnico-em-Redes-de-Computadores.pdf\" target=\"_blank\">Resolu\u00e7\u00e3o CONSUP\/ IF Baiano N\u00ba 335\/2024= T\u00e9cnico em Redes de Computadores<\/a><\/p>\n\n\n\n<p><\/p>\n","protected":false},"excerpt":{"rendered":"<p>Sobre o Curso O Curso T\u00e9cnico em Redes de Computadores do IF Baiano \u00e9 ofertado na modalidade a dist\u00e2ncia, articulado de forma subsequente, com regime de matr\u00edcula semestral. Sua carga hor\u00e1ria total \u00e9 de 1.200 horas, distribu\u00eddas em 80% de estudos\/atividades virtuais e 20% de encontros presenciais, estes que ocorrem nos polos de EaD, conforme [&hellip;]<\/p>\n","protected":false},"author":27,"featured_media":0,"parent":0,"menu_order":0,"comment_status":"closed","ping_status":"closed","template":"","meta":{"ngg_post_thumbnail":0},"_links":{"self":[{"href":"https:\/\/diretorias.ifbaiano.edu.br\/portal\/ead\/wp-json\/wp\/v2\/pages\/2615"}],"collection":[{"href":"https:\/\/diretorias.ifbaiano.edu.br\/portal\/ead\/wp-json\/wp\/v2\/pages"}],"about":[{"href":"https:\/\/diretorias.ifbaiano.edu.br\/portal\/ead\/wp-json\/wp\/v2\/types\/page"}],"author":[{"embeddable":true,"href":"https:\/\/diretorias.ifbaiano.edu.br\/portal\/ead\/wp-json\/wp\/v2\/users\/27"}],"replies":[{"embeddable":true,"href":"https:\/\/diretorias.ifbaiano.edu.br\/portal\/ead\/wp-json\/wp\/v2\/comments?post=2615"}],"version-history":[{"count":19,"href":"https:\/\/diretorias.ifbaiano.edu.br\/portal\/ead\/wp-json\/wp\/v2\/pages\/2615\/revisions"}],"predecessor-version":[{"id":3042,"href":"https:\/\/diretorias.ifbaiano.edu.br\/portal\/ead\/wp-json\/wp\/v2\/pages\/2615\/revisions\/3042"}],"wp:attachment":[{"href":"https:\/\/diretorias.ifbaiano.edu.br\/portal\/ead\/wp-json\/wp\/v2\/media?parent=2615"}],"curies":[{"name":"wp","href":"https:\/\/api.w.org\/{rel}","templated":true}]}}