{"id":279,"date":"2013-08-23T20:53:05","date_gmt":"2013-08-23T20:53:05","guid":{"rendered":"http:\/\/diretorias.ifbaiano.edu.br\/portal\/ead\/?page_id=279"},"modified":"2024-04-02T09:58:19","modified_gmt":"2024-04-02T12:58:19","slug":"contatos","status":"publish","type":"page","link":"https:\/\/diretorias.ifbaiano.edu.br\/portal\/ead\/contatos\/","title":{"rendered":"Contatos"},"content":{"rendered":"<p><strong>Diretoria de Educa\u00e7\u00e3o a Dist\u00e2ncia<\/strong><\/p>\n<p>Av. Tancredo Neves, 2242 &#8211; Stiep, Salvador &#8211; BA, 41100-800<\/p>\n<p>Diretoria: dgraed@reitoria.ifbaiano.edu.br<\/p>\n<p>Equipe: dead@ead.ifbaiano.edu.br<\/p>\n<p>&nbsp;<\/p>\n<p>&nbsp;<\/p>\n","protected":false},"excerpt":{"rendered":"<p>Diretoria de Educa\u00e7\u00e3o a Dist\u00e2ncia Av. Tancredo Neves, 2242 &#8211; Stiep, Salvador &#8211; BA, 41100-800 Diretoria: dgraed@reitoria.ifbaiano.edu.br Equipe: dead@ead.ifbaiano.edu.br &nbsp; &nbsp;<\/p>\n","protected":false},"author":7,"featured_media":0,"parent":0,"menu_order":0,"comment_status":"open","ping_status":"open","template":"","meta":{"ngg_post_thumbnail":0},"_links":{"self":[{"href":"https:\/\/diretorias.ifbaiano.edu.br\/portal\/ead\/wp-json\/wp\/v2\/pages\/279"}],"collection":[{"href":"https:\/\/diretorias.ifbaiano.edu.br\/portal\/ead\/wp-json\/wp\/v2\/pages"}],"about":[{"href":"https:\/\/diretorias.ifbaiano.edu.br\/portal\/ead\/wp-json\/wp\/v2\/types\/page"}],"author":[{"embeddable":true,"href":"https:\/\/diretorias.ifbaiano.edu.br\/portal\/ead\/wp-json\/wp\/v2\/users\/7"}],"replies":[{"embeddable":true,"href":"https:\/\/diretorias.ifbaiano.edu.br\/portal\/ead\/wp-json\/wp\/v2\/comments?post=279"}],"version-history":[{"count":17,"href":"https:\/\/diretorias.ifbaiano.edu.br\/portal\/ead\/wp-json\/wp\/v2\/pages\/279\/revisions"}],"predecessor-version":[{"id":2692,"href":"https:\/\/diretorias.ifbaiano.edu.br\/portal\/ead\/wp-json\/wp\/v2\/pages\/279\/revisions\/2692"}],"wp:attachment":[{"href":"https:\/\/diretorias.ifbaiano.edu.br\/portal\/ead\/wp-json\/wp\/v2\/media?parent=279"}],"curies":[{"name":"wp","href":"https:\/\/api.w.org\/{rel}","templated":true}]}}