{"id":3006,"date":"2026-02-26T20:07:37","date_gmt":"2026-02-26T23:07:37","guid":{"rendered":"https:\/\/diretorias.ifbaiano.edu.br\/portal\/ead\/?page_id=3006"},"modified":"2026-03-02T15:38:39","modified_gmt":"2026-03-02T18:38:39","slug":"estudio","status":"publish","type":"page","link":"https:\/\/diretorias.ifbaiano.edu.br\/portal\/ead\/estudio\/","title":{"rendered":"Est\u00fadio EAD"},"content":{"rendered":"\n<div class=\"wp-block-image\"><figure class=\"aligncenter size-full is-resized\"><img loading=\"lazy\" src=\"https:\/\/diretorias.ifbaiano.edu.br\/portal\/ead\/files\/2026\/03\/Logos-EAD-IF-Oficial.png\" alt=\"\" class=\"wp-image-3050\" width=\"226\" height=\"94\" \/><\/figure><\/div>\n\n\n\n<div class=\"wp-block-image is-style-default\"><figure class=\"aligncenter size-full is-resized\"><img loading=\"lazy\" src=\"https:\/\/diretorias.ifbaiano.edu.br\/portal\/ead\/files\/2026\/03\/Logos-Alinhadas-2.jpg\" alt=\"\" class=\"wp-image-3101\" width=\"657\" height=\"94\" \/><\/figure><\/div>\n\n\n\n<p><br><strong>  <\/strong><\/p><div id=\"TituloMenu\" class=\"dnone\"><strong> APRESENTA\u00c7\u00c3O <\/strong><\/div><strong> <\/strong><p><\/p>\n\n\n\n<p>O Est\u00fadio EAD est\u00e1 em fase de amplia\u00e7\u00e3o e tem contribu\u00eddo para realiza\u00e7\u00e3o de diversos projetos. <\/p>\n\n\n\n<p><\/p>\n\n\n\n<p><br><strong>  <\/strong><\/p><div id=\"TituloMenu\" class=\"dnone\"><strong> ALGUMAS AMOSTRAS DE PRODU\u00c7\u00d5ES <\/strong><\/div><strong> <\/strong><p><\/p>\n\n\n\n<div class=\"wp-block-columns are-vertically-aligned-center\">\n<div class=\"wp-block-column is-vertically-aligned-center\" style=\"flex-basis:100%\">\n<div class=\"wp-block-columns\">\n<div class=\"wp-block-column\">\n<figure class=\"wp-block-image size-full is-resized\"><a href=\"https:\/\/diretorias.ifbaiano.edu.br\/portal\/ead\/files\/2026\/03\/studio-3.jpeg\" target=\"_blank\" rel=\"noopener\"><img loading=\"lazy\" src=\"https:\/\/diretorias.ifbaiano.edu.br\/portal\/ead\/files\/2026\/03\/studio-3.jpeg\" alt=\"\" class=\"wp-image-3051\" width=\"256\" height=\"138\" \/><\/a><\/figure>\n<\/div>\n\n\n\n<div class=\"wp-block-column\">\n<div class=\"wp-block-image\"><figure class=\"aligncenter size-full is-resized\"><a href=\"https:\/\/diretorias.ifbaiano.edu.br\/portal\/ead\/files\/2026\/03\/IMG-20250123-WA0003.jpg\" target=\"_blank\" rel=\"noopener\"><img loading=\"lazy\" src=\"https:\/\/diretorias.ifbaiano.edu.br\/portal\/ead\/files\/2026\/03\/IMG-20250123-WA0003.jpg\" alt=\"\" class=\"wp-image-3047\" width=\"212\" height=\"135\" \/><\/a><\/figure><\/div>\n<\/div>\n\n\n\n<div class=\"wp-block-column\">\n<div class=\"wp-block-image\"><figure class=\"aligncenter size-full is-resized\"><a href=\"https:\/\/diretorias.ifbaiano.edu.br\/portal\/ead\/files\/2026\/03\/Sturio_____-4-2.jpg\" target=\"_blank\" rel=\"noopener\"><img loading=\"lazy\" src=\"https:\/\/diretorias.ifbaiano.edu.br\/portal\/ead\/files\/2026\/03\/Sturio_____-4-2.jpg\" alt=\"\" class=\"wp-image-3094\" width=\"279\" height=\"140\" \/><\/a><\/figure><\/div>\n<\/div>\n<\/div>\n<\/div>\n<\/div>\n\n\n\n<div class=\"wp-block-columns\">\n<div class=\"wp-block-column\">\n<figure class=\"wp-block-image size-full is-resized\"><a href=\"https:\/\/diretorias.ifbaiano.edu.br\/portal\/ead\/files\/2026\/03\/editando__cursos_vendas.jpg\" target=\"_blank\" rel=\"noopener\"><img loading=\"lazy\" src=\"https:\/\/diretorias.ifbaiano.edu.br\/portal\/ead\/files\/2026\/03\/editando__cursos_vendas.jpg\" alt=\"\" class=\"wp-image-3045\" width=\"166\" height=\"295\" \/><\/a><\/figure>\n<\/div>\n\n\n\n<div class=\"wp-block-column\">\n<figure class=\"wp-block-image size-full is-resized\"><a href=\"https:\/\/diretorias.ifbaiano.edu.br\/portal\/ead\/files\/2026\/03\/editando__cursos_vendas-2.jpg\"><img loading=\"lazy\" src=\"https:\/\/diretorias.ifbaiano.edu.br\/portal\/ead\/files\/2026\/03\/editando__cursos_vendas-2.jpg\" alt=\"\" class=\"wp-image-3044\" width=\"166\" height=\"295\" \/><\/a><\/figure>\n<\/div>\n\n\n\n<div class=\"wp-block-column\">\n<figure class=\"wp-block-image size-full is-resized\"><a href=\"https:\/\/diretorias.ifbaiano.edu.br\/portal\/ead\/files\/2026\/03\/Letramento.jpg\"><img loading=\"lazy\" src=\"https:\/\/diretorias.ifbaiano.edu.br\/portal\/ead\/files\/2026\/03\/Letramento.jpg\" alt=\"\" class=\"wp-image-3048\" width=\"165\" height=\"294\" \/><\/a><\/figure>\n<\/div>\n<\/div>\n\n\n\n<div class=\"wp-block-columns\">\n<div class=\"wp-block-column\">\n<figure class=\"wp-block-image size-full is-resized\"><a href=\"https:\/\/diretorias.ifbaiano.edu.br\/portal\/ead\/files\/2026\/03\/volta-as-aulas-1.png\"><img loading=\"lazy\" src=\"https:\/\/diretorias.ifbaiano.edu.br\/portal\/ead\/files\/2026\/03\/volta-as-aulas-1.png\" alt=\"\" class=\"wp-image-3088\" width=\"161\" height=\"287\" \/><\/a><\/figure>\n<\/div>\n\n\n\n<div class=\"wp-block-column\">\n<figure class=\"wp-block-image size-full is-resized\"><a href=\"https:\/\/diretorias.ifbaiano.edu.br\/portal\/ead\/files\/2026\/03\/volta-as-aulas-2.png\"><img loading=\"lazy\" src=\"https:\/\/diretorias.ifbaiano.edu.br\/portal\/ead\/files\/2026\/03\/volta-as-aulas-2.png\" alt=\"\" class=\"wp-image-3089\" width=\"158\" height=\"281\" \/><\/a><\/figure>\n<\/div>\n\n\n\n<div class=\"wp-block-column\">\n<figure class=\"wp-block-image size-full is-resized\"><a href=\"https:\/\/diretorias.ifbaiano.edu.br\/portal\/ead\/files\/2026\/03\/Video-Dia-do-EAD.jpg\"><img loading=\"lazy\" src=\"https:\/\/diretorias.ifbaiano.edu.br\/portal\/ead\/files\/2026\/03\/Video-Dia-do-EAD.jpg\" alt=\"\" class=\"wp-image-3087\" width=\"166\" height=\"282\" \/><\/a><\/figure>\n<\/div>\n<\/div>\n\n\n\n<div class=\"wp-block-columns\">\n<div class=\"wp-block-column\">\n<div class=\"wp-block-image\"><figure class=\"aligncenter size-full is-resized\"><a href=\"https:\/\/diretorias.ifbaiano.edu.br\/portal\/ead\/files\/2026\/03\/ifbaiano3d-1.jpg\"><img loading=\"lazy\" src=\"https:\/\/diretorias.ifbaiano.edu.br\/portal\/ead\/files\/2026\/03\/ifbaiano3d-1.jpg\" alt=\"\" class=\"wp-image-3091\" width=\"304\" height=\"171\" \/><\/a><\/figure><\/div>\n<\/div>\n\n\n\n<div class=\"wp-block-column\">\n<figure class=\"wp-block-image size-full is-resized\"><a href=\"https:\/\/diretorias.ifbaiano.edu.br\/portal\/ead\/files\/2026\/03\/CamisaEAD-1.jpg\"><img loading=\"lazy\" src=\"https:\/\/diretorias.ifbaiano.edu.br\/portal\/ead\/files\/2026\/03\/CamisaEAD-1.jpg\" alt=\"\" class=\"wp-image-3054\" width=\"201\" height=\"189\" \/><\/a><\/figure>\n<\/div>\n<\/div>\n","protected":false},"excerpt":{"rendered":"<p>APRESENTA\u00c7\u00c3O O Est\u00fadio EAD est\u00e1 em fase de amplia\u00e7\u00e3o e tem contribu\u00eddo para realiza\u00e7\u00e3o de diversos projetos. ALGUMAS AMOSTRAS DE PRODU\u00c7\u00d5ES<\/p>\n","protected":false},"author":28,"featured_media":0,"parent":0,"menu_order":0,"comment_status":"closed","ping_status":"closed","template":"","meta":{"ngg_post_thumbnail":0},"_links":{"self":[{"href":"https:\/\/diretorias.ifbaiano.edu.br\/portal\/ead\/wp-json\/wp\/v2\/pages\/3006"}],"collection":[{"href":"https:\/\/diretorias.ifbaiano.edu.br\/portal\/ead\/wp-json\/wp\/v2\/pages"}],"about":[{"href":"https:\/\/diretorias.ifbaiano.edu.br\/portal\/ead\/wp-json\/wp\/v2\/types\/page"}],"author":[{"embeddable":true,"href":"https:\/\/diretorias.ifbaiano.edu.br\/portal\/ead\/wp-json\/wp\/v2\/users\/28"}],"replies":[{"embeddable":true,"href":"https:\/\/diretorias.ifbaiano.edu.br\/portal\/ead\/wp-json\/wp\/v2\/comments?post=3006"}],"version-history":[{"count":18,"href":"https:\/\/diretorias.ifbaiano.edu.br\/portal\/ead\/wp-json\/wp\/v2\/pages\/3006\/revisions"}],"predecessor-version":[{"id":3104,"href":"https:\/\/diretorias.ifbaiano.edu.br\/portal\/ead\/wp-json\/wp\/v2\/pages\/3006\/revisions\/3104"}],"wp:attachment":[{"href":"https:\/\/diretorias.ifbaiano.edu.br\/portal\/ead\/wp-json\/wp\/v2\/media?parent=3006"}],"curies":[{"name":"wp","href":"https:\/\/api.w.org\/{rel}","templated":true}]}}