{"id":3131,"date":"2026-03-26T14:09:35","date_gmt":"2026-03-26T17:09:35","guid":{"rendered":"https:\/\/diretorias.ifbaiano.edu.br\/portal\/ead\/?page_id=3131"},"modified":"2026-03-26T14:55:33","modified_gmt":"2026-03-26T17:55:33","slug":"tutoriais-e-manuais","status":"publish","type":"page","link":"https:\/\/diretorias.ifbaiano.edu.br\/portal\/ead\/tutoriais-e-manuais\/","title":{"rendered":"Tutoriais e Manuais"},"content":{"rendered":"\n<h2><\/h2>\n\n\n\n<p> <a href=\"https:\/\/diretorias.ifbaiano.edu.br\/portal\/ead\/files\/2026\/02\/Integracao-Moodle-SRA.pdf\" data-type=\"URL\" target=\"_blank\" rel=\"noreferrer noopener\">Integra\u00e7\u00e3o MOODLE &#8211; SRA<\/a> <\/p>\n\n\n\n<p> <a href=\"https:\/\/diretorias.ifbaiano.edu.br\/portal\/ead\/files\/2026\/02\/Gruia__Integracao__.png\">Guia R\u00e1pido: Integra\u00e7\u00e3o e Migra\u00e7\u00e3o. MOODLE 2026<\/a> <\/p>\n\n\n\n<p> <a href=\"https:\/\/diretorias.ifbaiano.edu.br\/portal\/ead\/files\/2026\/02\/Gruia__Pratico-Integracao_SUAP_SAGA_MOODLE_.png\">Guia Pr\u00e1tico: Integra\u00e7\u00e3o SUAP &#8211; SAGA &#8211; MOODLE<\/a> <\/p>\n\n\n\n<p> <a href=\"https:\/\/eduplay.rnp.br\/app\/video\/392083\" target=\"_blank\" rel=\"noreferrer noopener\">Reuni\u00e3o de Apresenta\u00e7\u00e3o do Novo M\u00f3dulo de Sincroniza\u00e7\u00e3o SUAP &#8211; MOODLE <\/a><\/p>\n","protected":false},"excerpt":{"rendered":"<p>Integra\u00e7\u00e3o MOODLE &#8211; SRA Guia R\u00e1pido: Integra\u00e7\u00e3o e Migra\u00e7\u00e3o. MOODLE 2026 Guia Pr\u00e1tico: Integra\u00e7\u00e3o SUAP &#8211; SAGA &#8211; MOODLE Reuni\u00e3o de Apresenta\u00e7\u00e3o do Novo M\u00f3dulo de Sincroniza\u00e7\u00e3o SUAP &#8211; MOODLE<\/p>\n","protected":false},"author":28,"featured_media":0,"parent":0,"menu_order":0,"comment_status":"closed","ping_status":"closed","template":"","meta":{"ngg_post_thumbnail":0},"_links":{"self":[{"href":"https:\/\/diretorias.ifbaiano.edu.br\/portal\/ead\/wp-json\/wp\/v2\/pages\/3131"}],"collection":[{"href":"https:\/\/diretorias.ifbaiano.edu.br\/portal\/ead\/wp-json\/wp\/v2\/pages"}],"about":[{"href":"https:\/\/diretorias.ifbaiano.edu.br\/portal\/ead\/wp-json\/wp\/v2\/types\/page"}],"author":[{"embeddable":true,"href":"https:\/\/diretorias.ifbaiano.edu.br\/portal\/ead\/wp-json\/wp\/v2\/users\/28"}],"replies":[{"embeddable":true,"href":"https:\/\/diretorias.ifbaiano.edu.br\/portal\/ead\/wp-json\/wp\/v2\/comments?post=3131"}],"version-history":[{"count":2,"href":"https:\/\/diretorias.ifbaiano.edu.br\/portal\/ead\/wp-json\/wp\/v2\/pages\/3131\/revisions"}],"predecessor-version":[{"id":3146,"href":"https:\/\/diretorias.ifbaiano.edu.br\/portal\/ead\/wp-json\/wp\/v2\/pages\/3131\/revisions\/3146"}],"wp:attachment":[{"href":"https:\/\/diretorias.ifbaiano.edu.br\/portal\/ead\/wp-json\/wp\/v2\/media?parent=3131"}],"curies":[{"name":"wp","href":"https:\/\/api.w.org\/{rel}","templated":true}]}}