{"id":3141,"date":"2026-03-26T14:40:49","date_gmt":"2026-03-26T17:40:49","guid":{"rendered":"https:\/\/diretorias.ifbaiano.edu.br\/portal\/ead\/?page_id=3141"},"modified":"2026-03-27T12:27:38","modified_gmt":"2026-03-27T15:27:38","slug":"modelos-templantes","status":"publish","type":"page","link":"https:\/\/diretorias.ifbaiano.edu.br\/portal\/ead\/modelos-templantes\/","title":{"rendered":"Modelos (Templates)"},"content":{"rendered":"\n<p><a href=\"https:\/\/diretorias.ifbaiano.edu.br\/portal\/ead\/files\/2026\/03\/Template_Plano-de-Ensino-Cursos-EaD.docx\" target=\"_blank\" rel=\"noreferrer noopener\">Plano de Ensino<\/a><\/p>\n\n\n\n<p><a href=\"https:\/\/diretorias.ifbaiano.edu.br\/portal\/ead\/files\/2026\/03\/Template_Plano-de-Acao_Cursos-tecnicos.docx\" target=\"_blank\" rel=\"noreferrer noopener\">Plano de A\u00e7\u00e3o<\/a><\/p>\n\n\n\n<p><a rel=\"noreferrer noopener\" href=\"http:\/\/Cadernos_e_books\" target=\"_blank\">Cadernos (E-Book)<\/a> Em breve.<\/p>\n\n\n\n<p><a rel=\"noreferrer noopener\" href=\"http:\/\/Apresenta\u00e7\u00f5es\" target=\"_blank\">Apresenta\u00e7\u00f5es de Slides<\/a>  Em breve. <\/p>\n\n\n\n<p><a rel=\"noreferrer noopener\" href=\"http:\/\/Elementos para Video\" target=\"_blank\">Elementos para Video<\/a>  Em breve. <\/p>\n","protected":false},"excerpt":{"rendered":"<p>Plano de Ensino Plano de A\u00e7\u00e3o Cadernos (E-Book) Em breve. Apresenta\u00e7\u00f5es de Slides Em breve. Elementos para Video Em breve.<\/p>\n","protected":false},"author":28,"featured_media":0,"parent":0,"menu_order":0,"comment_status":"closed","ping_status":"closed","template":"","meta":{"ngg_post_thumbnail":0},"_links":{"self":[{"href":"https:\/\/diretorias.ifbaiano.edu.br\/portal\/ead\/wp-json\/wp\/v2\/pages\/3141"}],"collection":[{"href":"https:\/\/diretorias.ifbaiano.edu.br\/portal\/ead\/wp-json\/wp\/v2\/pages"}],"about":[{"href":"https:\/\/diretorias.ifbaiano.edu.br\/portal\/ead\/wp-json\/wp\/v2\/types\/page"}],"author":[{"embeddable":true,"href":"https:\/\/diretorias.ifbaiano.edu.br\/portal\/ead\/wp-json\/wp\/v2\/users\/28"}],"replies":[{"embeddable":true,"href":"https:\/\/diretorias.ifbaiano.edu.br\/portal\/ead\/wp-json\/wp\/v2\/comments?post=3141"}],"version-history":[{"count":5,"href":"https:\/\/diretorias.ifbaiano.edu.br\/portal\/ead\/wp-json\/wp\/v2\/pages\/3141\/revisions"}],"predecessor-version":[{"id":3182,"href":"https:\/\/diretorias.ifbaiano.edu.br\/portal\/ead\/wp-json\/wp\/v2\/pages\/3141\/revisions\/3182"}],"wp:attachment":[{"href":"https:\/\/diretorias.ifbaiano.edu.br\/portal\/ead\/wp-json\/wp\/v2\/media?parent=3141"}],"curies":[{"name":"wp","href":"https:\/\/api.w.org\/{rel}","templated":true}]}}