{"id":495,"date":"2014-09-18T14:03:44","date_gmt":"2014-09-18T14:03:44","guid":{"rendered":"http:\/\/diretorias.ifbaiano.edu.br\/portal\/ead\/?page_id=495"},"modified":"2017-07-20T13:31:37","modified_gmt":"2017-07-20T13:31:37","slug":"polo-campo-formoso","status":"publish","type":"page","link":"https:\/\/diretorias.ifbaiano.edu.br\/portal\/ead\/polo-campo-formoso\/","title":{"rendered":"P\u00f3lo Campo Formoso"},"content":{"rendered":"<p>O Instituto Federal Baiano tem sua reitoria localizada em\u00a0Salvador, e 11 campi espalhados pelo Estado: Bom Jesus da Lapa; Catu; Governador Mangabeira; Guanambi; Itapetinga; Santa In\u00eas; Senhor do Bonfim; Serrinha; Teixeira de Freitas; Uru\u00e7uca e Valen\u00e7a.<\/p>\n<p>Al\u00e9m dos 11 campi, o IF Baiano conta tamb\u00e9m com os polos de apoio presencial que s\u00e3o compostos pelos seus campi e mais 16 munic\u00edpios conveniados: Alagoinhas, Campo Formoso, Concei\u00e7\u00e3o da Feira, Ibipitanga, Itacar\u00e9, Itoror\u00f3, Jaguarari, Miguel Calmon, Mucuri, Mundo Novo, Nazar\u00e9, Pintadas, Remanso, Salvador, Santa Terezinha, Santo Est\u00eav\u00e3o. Desta maneira, o IF Baiano totaliza 27 (vinte e sete) polos de apoio presenciais dispostos em 18 (dezoito) dos 27 (vinte e sete) territ\u00f3rios de identidade do estado da Bahia.<\/p>\n<p>&nbsp;<\/p>\n<p><b>Polo<\/b>: Campo Formoso<\/p>\n<p><b>Endere\u00e7o<\/b>: Rua Coronel Arc\u00eanio Alves, S\/N &#8211; Centro &#8211; Campo Formoso &#8211; Bahia<\/p>\n<p><b>Contato<\/b>: (74) 9117-8848 \/ 3645-1016<\/p>\n<p><b>Coordenadora respons\u00e1vel<\/b>: Patr\u00edcia Soares<\/p>\n<p><b>Caracter\u00edsticas da regi\u00e3o:<\/b><\/p>\n<p>Campo Formoso tamb\u00e9m \u00e9 conhecido como &#8220;cidade das esmeraldas&#8221;, por existir no povoado de Tu\u00edutiba um garimpo com esmeraldas distinguidas como de melhor qualidade, em compara\u00e7\u00e3o com outros garimpos de esmeraldas do Brasil. A cidade tamb\u00e9m recebe esse t\u00edtulo pela comercializa\u00e7\u00e3o dessas pedras no centro da cidade &#8211; &#8220;feira do rato&#8221; &#8211; onde se comercializam as pedras do munic\u00edpio e das cidades vizinhas, e que \u00e9 o conhecido &#8220;rolo&#8221;, troca de pedras por televisores, celulares, casas, entre outros. A &#8220;feira do rato&#8221; surgiu com a descoberta das minas em Carna\u00edba, a 42 Km de Campo Formoso. Os garimpeiros costumavam se encontrar nesse local porque era de f\u00e1cil acesso para os compradores e por l\u00e1 existir bares e restaurantes.<\/p>\n<p>Dentro do munic\u00edpio de Campo Formoso h\u00e1 diversas comunidades quilombolas reconhecidas pela Funda\u00e7\u00e3o Cultural Palmares, sendo a maior delas, a <a title=\"Lage dos Negros\" href=\"http:\/\/pt.wikipedia.org\/wiki\/Lage_dos_Negros\" target=\"_blank\">Lage dos Negros<\/a> que tem mais de 15.000 habitantes e distante quase 100 Km da sede do munic\u00edpio. Outra comunidade quilombola de destaque \u00e9 o povoado de S\u00e3o Tom\u00e9.<\/p>\n<p><b>Cursos ofertados: <\/b>Agente Comunit\u00e1rio de Sa\u00fade e Eventos (J\u00e1 conclu\u00eddo)<b><\/b><\/p>\n<p>Quantidade de estudantes: 16<\/p>\n<p>Eventos (J\u00e1 conclu\u00eddo): 01<\/p>\n","protected":false},"excerpt":{"rendered":"<p>O Instituto Federal Baiano tem sua reitoria localizada em\u00a0Salvador, e 11 campi espalhados pelo Estado: Bom Jesus da Lapa; Catu; Governador Mangabeira; Guanambi; Itapetinga; Santa In\u00eas; Senhor do Bonfim; Serrinha; Teixeira de Freitas; Uru\u00e7uca e Valen\u00e7a. Al\u00e9m dos 11 campi, o IF Baiano conta tamb\u00e9m com os polos de apoio presencial que s\u00e3o compostos pelos [&hellip;]<\/p>\n","protected":false},"author":1,"featured_media":0,"parent":0,"menu_order":0,"comment_status":"open","ping_status":"open","template":"","meta":{"ngg_post_thumbnail":0},"_links":{"self":[{"href":"https:\/\/diretorias.ifbaiano.edu.br\/portal\/ead\/wp-json\/wp\/v2\/pages\/495"}],"collection":[{"href":"https:\/\/diretorias.ifbaiano.edu.br\/portal\/ead\/wp-json\/wp\/v2\/pages"}],"about":[{"href":"https:\/\/diretorias.ifbaiano.edu.br\/portal\/ead\/wp-json\/wp\/v2\/types\/page"}],"author":[{"embeddable":true,"href":"https:\/\/diretorias.ifbaiano.edu.br\/portal\/ead\/wp-json\/wp\/v2\/users\/1"}],"replies":[{"embeddable":true,"href":"https:\/\/diretorias.ifbaiano.edu.br\/portal\/ead\/wp-json\/wp\/v2\/comments?post=495"}],"version-history":[{"count":6,"href":"https:\/\/diretorias.ifbaiano.edu.br\/portal\/ead\/wp-json\/wp\/v2\/pages\/495\/revisions"}],"predecessor-version":[{"id":1918,"href":"https:\/\/diretorias.ifbaiano.edu.br\/portal\/ead\/wp-json\/wp\/v2\/pages\/495\/revisions\/1918"}],"wp:attachment":[{"href":"https:\/\/diretorias.ifbaiano.edu.br\/portal\/ead\/wp-json\/wp\/v2\/media?parent=495"}],"curies":[{"name":"wp","href":"https:\/\/api.w.org\/{rel}","templated":true}]}}