{"id":497,"date":"2014-09-18T14:04:23","date_gmt":"2014-09-18T14:04:23","guid":{"rendered":"http:\/\/diretorias.ifbaiano.edu.br\/portal\/ead\/?page_id=497"},"modified":"2017-07-20T13:32:02","modified_gmt":"2017-07-20T13:32:02","slug":"polo-conceicao-de-feira","status":"publish","type":"page","link":"https:\/\/diretorias.ifbaiano.edu.br\/portal\/ead\/polo-conceicao-de-feira\/","title":{"rendered":"P\u00f3lo Concei\u00e7\u00e3o de Feira"},"content":{"rendered":"<p>O Instituto Federal Baiano tem sua reitoria localizada em\u00a0Salvador, e 11 campi espalhados pelo Estado: Bom Jesus da Lapa; Catu; Governador Mangabeira; Guanambi; Itapetinga; Santa In\u00eas; Senhor do Bonfim; Serrinha; Teixeira de Freitas; Uru\u00e7uca e Valen\u00e7a.<\/p>\n<p>Al\u00e9m dos 11 campi, o IF Baiano conta tamb\u00e9m com os polos de apoio presencial que s\u00e3o compostos pelos seus campi e mais 16 munic\u00edpios conveniados: Alagoinhas, Campo Formoso, Concei\u00e7\u00e3o da Feira, Ibipitanga, Itacar\u00e9, Itoror\u00f3, Jaguarari, Miguel Calmon, Mucuri, Mundo Novo, Nazar\u00e9, Pintadas, Remanso, Salvador, Santa Terezinha, Santo Est\u00eav\u00e3o. Desta maneira, o IF Baiano totaliza 27 (vinte e sete) polos de apoio presenciais dispostos em 18 (dezoito) dos 27 (vinte e sete) territ\u00f3rios de identidade do estado da Bahia.<\/p>\n<p><strong><span style=\"font-family: 'Times New Roman', serif\"><span style=\"font-size: medium\">P\u00f3lo<\/span><\/span><span style=\"font-family: 'Times New Roman', serif\"><span style=\"font-size: medium\">: Concei\u00e7\u00e3o da Feira<\/span><\/span><\/strong><\/p>\n<p><span style=\"font-family: 'Times New Roman', serif\"><span style=\"font-size: medium\"><b>Endere\u00e7o do P\u00f3lo:<\/b><\/span><\/span><span style=\"font-family: 'Times New Roman', serif\"><span style=\"font-size: medium\"> Escola Hermilo Cardoso,\u00a0<\/span><\/span><span style=\"font-family: 'Times New Roman', serif\"><span style=\"font-size: medium\">Rua Miguel Calmon, n\u00ba202. Centro &#8211;\u00a0<\/span><\/span><span style=\"font-family: 'Times New Roman', serif\"><span style=\"font-size: medium\">CEP:44320-000<\/span><\/span><\/p>\n<p><span style=\"font-family: 'Times New Roman', serif\"><span style=\"font-size: medium\"><b>Contato<\/b><\/span><\/span><span style=\"font-family: 'Times New Roman', serif\"><span style=\"font-size: medium\"> <a href=\"mailto:margaret.gomes@bol.com.br\">margaret.gomes@bol.com.br<\/a>,\u00a0<\/span><\/span><span style=\"font-family: 'Times New Roman', serif\"><span style=\"font-size: medium\">Fone: (75)8103-6812<\/span><\/span><\/p>\n<p><span style=\"font-family: 'Times New Roman', serif\"><span style=\"font-size: medium\"><b>Coordenador(a) respons\u00e1vel: <\/b><\/span><\/span><span style=\"font-family: 'Times New Roman', serif\"><span style=\"font-size: medium\">Margaret T\u00f4rres Sampaio Gomes<\/span><\/span><\/p>\n<p><span style=\"font-family: 'Times New Roman', serif\"><span style=\"font-size: medium\"><b>Caracter\u00edsticas da regi\u00e3o<\/b><\/span><\/span><span style=\"font-family: 'Times New Roman', serif\"><span style=\"font-size: medium\">: Cidade conhecida por ser o maior p\u00f3lo av\u00edcola da regi\u00e3o,\u00a0<\/span><\/span><span style=\"font-family: 'Times New Roman', serif\"><span style=\"font-size: medium\">possui 20.888 habitantes, temos como ponto tur\u00edstico a Serra da Putuma. Local de pr\u00e1tica de voo livre.<\/span><\/span><\/p>\n<p><span style=\"font-family: 'Times New Roman', serif\"><span style=\"font-size: medium\"><b>Cursos ofertados: <\/b><\/span><\/span><span style=\"font-family: 'Times New Roman', serif\"><span style=\"font-size: medium\">Foi ofertado o Curso T\u00e9cnico em Servi\u00e7os P\u00fablicos (finalizado)<\/span><\/span><\/p>\n<p>&nbsp;<\/p>\n<div id=\"attachment_542\" style=\"width: 556px\" class=\"wp-caption aligncenter\"><a href=\"https:\/\/diretorias.ifbaiano.edu.br\/portal\/ead\/files\/2014\/09\/c-feira.jpg\"><img aria-describedby=\"caption-attachment-542\" loading=\"lazy\" class=\"size-full wp-image-542\" src=\"https:\/\/diretorias.ifbaiano.edu.br\/portal\/ead\/files\/2014\/09\/c-feira.jpg\" alt=\"c feira\" width=\"546\" height=\"408\" srcset=\"https:\/\/diretorias.ifbaiano.edu.br\/portal\/ead\/files\/2014\/09\/c-feira.jpg 546w, https:\/\/diretorias.ifbaiano.edu.br\/portal\/ead\/files\/2014\/09\/c-feira-300x225.jpg 300w, https:\/\/diretorias.ifbaiano.edu.br\/portal\/ead\/files\/2014\/09\/c-feira-400x298.jpg 400w\" sizes=\"(max-width: 546px) 100vw, 546px\" \/><\/a><p id=\"caption-attachment-542\" class=\"wp-caption-text\">Cidade Concei\u00e7\u00e3o de Feira<br \/>Fonte: Internet<\/p><\/div>\n","protected":false},"excerpt":{"rendered":"<p>O Instituto Federal Baiano tem sua reitoria localizada em\u00a0Salvador, e 11 campi espalhados pelo Estado: Bom Jesus da Lapa; Catu; Governador Mangabeira; Guanambi; Itapetinga; Santa In\u00eas; Senhor do Bonfim; Serrinha; Teixeira de Freitas; Uru\u00e7uca e Valen\u00e7a. Al\u00e9m dos 11 campi, o IF Baiano conta tamb\u00e9m com os polos de apoio presencial que s\u00e3o compostos pelos [&hellip;]<\/p>\n","protected":false},"author":1,"featured_media":0,"parent":0,"menu_order":0,"comment_status":"open","ping_status":"open","template":"","meta":{"ngg_post_thumbnail":0},"_links":{"self":[{"href":"https:\/\/diretorias.ifbaiano.edu.br\/portal\/ead\/wp-json\/wp\/v2\/pages\/497"}],"collection":[{"href":"https:\/\/diretorias.ifbaiano.edu.br\/portal\/ead\/wp-json\/wp\/v2\/pages"}],"about":[{"href":"https:\/\/diretorias.ifbaiano.edu.br\/portal\/ead\/wp-json\/wp\/v2\/types\/page"}],"author":[{"embeddable":true,"href":"https:\/\/diretorias.ifbaiano.edu.br\/portal\/ead\/wp-json\/wp\/v2\/users\/1"}],"replies":[{"embeddable":true,"href":"https:\/\/diretorias.ifbaiano.edu.br\/portal\/ead\/wp-json\/wp\/v2\/comments?post=497"}],"version-history":[{"count":8,"href":"https:\/\/diretorias.ifbaiano.edu.br\/portal\/ead\/wp-json\/wp\/v2\/pages\/497\/revisions"}],"predecessor-version":[{"id":1920,"href":"https:\/\/diretorias.ifbaiano.edu.br\/portal\/ead\/wp-json\/wp\/v2\/pages\/497\/revisions\/1920"}],"wp:attachment":[{"href":"https:\/\/diretorias.ifbaiano.edu.br\/portal\/ead\/wp-json\/wp\/v2\/media?parent=497"}],"curies":[{"name":"wp","href":"https:\/\/api.w.org\/{rel}","templated":true}]}}