{"id":507,"date":"2014-09-18T14:09:12","date_gmt":"2014-09-18T14:09:12","guid":{"rendered":"http:\/\/diretorias.ifbaiano.edu.br\/portal\/ead\/?page_id=507"},"modified":"2017-07-20T13:37:33","modified_gmt":"2017-07-20T13:37:33","slug":"polo-mundo-novo","status":"publish","type":"page","link":"https:\/\/diretorias.ifbaiano.edu.br\/portal\/ead\/polo-mundo-novo\/","title":{"rendered":"P\u00f3lo Mundo Novo"},"content":{"rendered":"<div>\n<p>O Instituto Federal Baiano tem sua reitoria localizada em\u00a0Salvador, e 11 campi espalhados pelo Estado: Bom Jesus da Lapa; Catu; Governador Mangabeira; Guanambi; Itapetinga; Santa In\u00eas; Senhor do Bonfim; Serrinha; Teixeira de Freitas; Uru\u00e7uca e Valen\u00e7a.<\/p>\n<p>Al\u00e9m dos 11 campi, o IF Baiano conta tamb\u00e9m com os polos de apoio presencial que s\u00e3o compostos pelos seus campi e mais 16 munic\u00edpios conveniados: Alagoinhas, Campo Formoso, Concei\u00e7\u00e3o da Feira, Ibipitanga, Itacar\u00e9, Itoror\u00f3, Jaguarari, Miguel Calmon, Mucuri, Mundo Novo, Nazar\u00e9, Pintadas, Remanso, Salvador, Santa Terezinha, Santo Est\u00eav\u00e3o. Desta maneira, o IF Baiano totaliza 27 (vinte e sete) polos de apoio presenciais dispostos em 18 (dezoito) dos 27 (vinte e sete) territ\u00f3rios de identidade do estado da Bahia.<\/p>\n<\/div>\n<div><\/div>\n<div><strong>P\u00f3lo: Mundo Novo<br \/>\n<\/strong><\/div>\n<div><\/div>\n<div><strong>Endere\u00e7o: <\/strong>Rua Jos\u00e9 Carlos da Mota, S\/N, Centro, CEP 44.800-000<strong><br \/>\n<\/strong><\/div>\n<div><\/div>\n<div><strong>Contato:\u00a0<a href=\"mailto:polo.mundonovo@ifbaino.edu.br\" target=\"_blank\">polo.mundonovo@ifbaino.edu.br<\/a>\u00a0<\/strong>Telefone:\u00a0<a href=\"(74) 3626-3012\">(74) 3626-3012<\/a>\u00a0Celular:\u00a0<a href=\"(74) 9996-4234\">(74) 9996-4234<\/a><\/div>\n<div><\/div>\n<div><strong>Coordenador respons\u00e1vel: <\/strong>Arl\u00eanio Fernandes Batista<strong><br \/>\n<\/strong><\/div>\n<div><\/div>\n<div><strong>Cursos ofertados: <\/strong>Administra\u00e7\u00e3o , Agente Comunit\u00e1rio de Sa\u00fade, Secretaria Escolar e vendas<\/div>\n<div><\/div>\n<div><strong><br \/>\n<\/strong><\/div>\n<div><\/div>\n<div>\n<p><strong>Caracter\u00edsticas da regi\u00e3o<\/strong>:<\/p>\n<p>O Polo\u00a0e-Tec\u00a0IF Baiano de Mundo Novo, funciona compartilhado com a Universidade Aberta do Brasil, com salas de aula amplas e climatizadas,\u00a0wi-fi\u00a0em todos os ambientes e um conceito de excel\u00eancia dentre as melhores estruturas do Estado da Bahia, investimentos significativos pelo Governo Municipal, fazem de Mundo Novo um\u00a0polo\u00a0estudantil em todos os n\u00edveis de grande relev\u00e2ncia.<\/p>\n<p>Atendemos\u00a0\u00a0\u00a0\u00a0\u00a0\u00a0 alunos\u00a0\u00a0\u00a0\u00a0\u00a0\u00a0 dos munic\u00edpios\u00a0\u00a0 da\u00a0\u00a0\u00a0\u00a0 Micro-Regi\u00e3o\u00a0 das cidades de\u00a0\u00a0 Mundo Novo, Piritiba,\u00a0\u00a0\u00a0\u00a0\u00a0\u00a0 Baixa Grande\u00a0\u00a0\u00a0\u00a0 e\u00a0\u00a0Tapiramut\u00e1.<\/p>\n<p>O acesso pelas BA-052 (Estrada do Feij\u00e3o) e BA-131 situa o Polo numa converg\u00eancia estrat\u00e9gica para os alunos da regi\u00e3o, portanto aqui temos um espa\u00e7o privilegiado, em que as atividades acad\u00eamicas em\u00a0Ead\u00a0(Educa\u00e7\u00e3o a Dist\u00e2ncia) se desenvolvem com mais qualidade, onde os alunos, tutores, coordenadores e equipe de apoio de fato reconhecem sua import\u00e2ncia para o desenvolvimento regional.<\/p>\n<div id=\"attachment_623\" style=\"width: 586px\" class=\"wp-caption aligncenter\"><a href=\"https:\/\/diretorias.ifbaiano.edu.br\/portal\/ead\/files\/2014\/09\/Polo-e-Tec-Mundo-Novo.jpg\"><img aria-describedby=\"caption-attachment-623\" loading=\"lazy\" class=\" wp-image-623\" src=\"https:\/\/diretorias.ifbaiano.edu.br\/portal\/ead\/files\/2014\/09\/Polo-e-Tec-Mundo-Novo.jpg\" alt=\"Polo e-Tec Mundo Novo\" width=\"576\" height=\"432\" srcset=\"https:\/\/diretorias.ifbaiano.edu.br\/portal\/ead\/files\/2014\/09\/Polo-e-Tec-Mundo-Novo.jpg 960w, https:\/\/diretorias.ifbaiano.edu.br\/portal\/ead\/files\/2014\/09\/Polo-e-Tec-Mundo-Novo-300x225.jpg 300w, https:\/\/diretorias.ifbaiano.edu.br\/portal\/ead\/files\/2014\/09\/Polo-e-Tec-Mundo-Novo-400x300.jpg 400w\" sizes=\"(max-width: 576px) 100vw, 576px\" \/><\/a><p id=\"caption-attachment-623\" class=\"wp-caption-text\">P\u00f3lo Mundo Novo<\/p><\/div>\n<\/div>\n","protected":false},"excerpt":{"rendered":"<p>O Instituto Federal Baiano tem sua reitoria localizada em\u00a0Salvador, e 11 campi espalhados pelo Estado: Bom Jesus da Lapa; Catu; Governador Mangabeira; Guanambi; Itapetinga; Santa In\u00eas; Senhor do Bonfim; Serrinha; Teixeira de Freitas; Uru\u00e7uca e Valen\u00e7a. Al\u00e9m dos 11 campi, o IF Baiano conta tamb\u00e9m com os polos de apoio presencial que s\u00e3o compostos pelos [&hellip;]<\/p>\n","protected":false},"author":1,"featured_media":0,"parent":0,"menu_order":0,"comment_status":"open","ping_status":"open","template":"","meta":{"ngg_post_thumbnail":0},"_links":{"self":[{"href":"https:\/\/diretorias.ifbaiano.edu.br\/portal\/ead\/wp-json\/wp\/v2\/pages\/507"}],"collection":[{"href":"https:\/\/diretorias.ifbaiano.edu.br\/portal\/ead\/wp-json\/wp\/v2\/pages"}],"about":[{"href":"https:\/\/diretorias.ifbaiano.edu.br\/portal\/ead\/wp-json\/wp\/v2\/types\/page"}],"author":[{"embeddable":true,"href":"https:\/\/diretorias.ifbaiano.edu.br\/portal\/ead\/wp-json\/wp\/v2\/users\/1"}],"replies":[{"embeddable":true,"href":"https:\/\/diretorias.ifbaiano.edu.br\/portal\/ead\/wp-json\/wp\/v2\/comments?post=507"}],"version-history":[{"count":8,"href":"https:\/\/diretorias.ifbaiano.edu.br\/portal\/ead\/wp-json\/wp\/v2\/pages\/507\/revisions"}],"predecessor-version":[{"id":1941,"href":"https:\/\/diretorias.ifbaiano.edu.br\/portal\/ead\/wp-json\/wp\/v2\/pages\/507\/revisions\/1941"}],"wp:attachment":[{"href":"https:\/\/diretorias.ifbaiano.edu.br\/portal\/ead\/wp-json\/wp\/v2\/media?parent=507"}],"curies":[{"name":"wp","href":"https:\/\/api.w.org\/{rel}","templated":true}]}}