{"id":508,"date":"2014-09-18T14:09:31","date_gmt":"2014-09-18T14:09:31","guid":{"rendered":"http:\/\/diretorias.ifbaiano.edu.br\/portal\/ead\/?page_id=508"},"modified":"2017-07-20T13:39:18","modified_gmt":"2017-07-20T13:39:18","slug":"polos-pintadas","status":"publish","type":"page","link":"https:\/\/diretorias.ifbaiano.edu.br\/portal\/ead\/polos-pintadas\/","title":{"rendered":"P\u00f3los Pintadas"},"content":{"rendered":"<p>&nbsp;<\/p>\n<p>O Instituto Federal Baiano tem sua reitoria localizada em\u00a0Salvador, e 11 campi espalhados pelo Estado: Bom Jesus da Lapa; Catu; Governador Mangabeira; Guanambi; Itapetinga; Santa In\u00eas; Senhor do Bonfim; Serrinha; Teixeira de Freitas; Uru\u00e7uca e Valen\u00e7a.<\/p>\n<p>Al\u00e9m dos 11 campi, o IF Baiano conta tamb\u00e9m com os polos de apoio presencial que s\u00e3o compostos pelos seus campi e mais 16 munic\u00edpios conveniados: Alagoinhas, Campo Formoso, Concei\u00e7\u00e3o da Feira, Ibipitanga, Itacar\u00e9, Itoror\u00f3, Jaguarari, Miguel Calmon, Mucuri, Mundo Novo, Nazar\u00e9, Pintadas, Remanso, Salvador, Santa Terezinha, Santo Est\u00eav\u00e3o. Desta maneira, o IF Baiano totaliza 27 (vinte e sete) polos de apoio presenciais dispostos em 18 (dezoito) dos 27 (vinte e sete) territ\u00f3rios de identidade do estado da Bahia.<\/p>\n<p>&nbsp;<\/p>\n<p><strong>P\u00f3lo: <\/strong><strong>Pintadas<\/strong><\/p>\n<p><strong>Endere\u00e7o:<\/strong> Rua Dom Mathias Shimit, s\/n<\/p>\n<p><strong>Contato<\/strong>:<a href=\"mailto:polo.pintadas@ifbaiano.edu.br\">polo.pintadas@ifbaiano.edu.br<\/a>\/\u00a075 \u2013 36932146 81401099<\/p>\n<p><strong>Coordenador(a) respons\u00e1vel:\u00a0<\/strong>Julieta Trindade de Almeida Gon\u00e7alves<\/p>\n<p><strong>Caracter\u00edsticas:\u00a0<\/strong>O munic\u00edpio de Pintadas, integrante do Territ\u00f3rio de Identidade da Bacia do Jacu\u00edpe, cravado no semi\u00e1rido baiano, na regi\u00e3o do Pol\u00edgono das Secas, distante cerca de 250 km da capital, Salvador, possui uma popula\u00e7\u00e3o de 10.342 habitantes, dos quais 56,47% residem na sede do munic\u00edpio (zona urbana) e 43,53% nas \u00e1reas de expans\u00e3o e fazendas (zona rural). Sua extens\u00e3o territorial \u00e9 de 529,211 km\u00b2.\u00a0Pintadas caracteriza-se por ser um munic\u00edpio de perfil econ\u00f4mico, primordialmente voltado para a agropecu\u00e1ria, sendo que na pecu\u00e1ria se destacam a bovinocultura e a ovinocultura como as atividades mais importantes. Grande parte de seus habitantes vive da cria\u00e7\u00e3o de animais e da agricultura de subsist\u00eancia.<\/p>\n<p><strong>Cursos ofertados: <\/strong>Meio Ambiente, Eventos, Servi\u00e7os P\u00fablico ( j\u00e1 conclu\u00eddo)Agente Comunit\u00e1rio de Sa\u00fade ( vai iniciar)<\/p>\n<p><strong>Quantidade de estudantes:\u00a0<\/strong>Meio Ambiente:23\/\u00a0Eventos:24\/\u00a0Servi\u00e7os P\u00fablico:20\/\u00a0Agente C. de Sa\u00fade: 34<\/p>\n<p>&nbsp;<\/p>\n<div id=\"attachment_614\" style=\"width: 510px\" class=\"wp-caption aligncenter\"><a href=\"https:\/\/diretorias.ifbaiano.edu.br\/portal\/ead\/files\/2014\/09\/pintadas.jpg\"><img aria-describedby=\"caption-attachment-614\" loading=\"lazy\" class=\"size-full wp-image-614\" src=\"https:\/\/diretorias.ifbaiano.edu.br\/portal\/ead\/files\/2014\/09\/pintadas.jpg\" alt=\"pintadas\" width=\"500\" height=\"375\" srcset=\"https:\/\/diretorias.ifbaiano.edu.br\/portal\/ead\/files\/2014\/09\/pintadas.jpg 500w, https:\/\/diretorias.ifbaiano.edu.br\/portal\/ead\/files\/2014\/09\/pintadas-300x225.jpg 300w, https:\/\/diretorias.ifbaiano.edu.br\/portal\/ead\/files\/2014\/09\/pintadas-400x300.jpg 400w\" sizes=\"(max-width: 500px) 100vw, 500px\" \/><\/a><p id=\"caption-attachment-614\" class=\"wp-caption-text\">Munic\u00edpio de Pintadas<br \/>Foto: Internet<\/p><\/div>\n<p>&nbsp;<\/p>\n<p style=\"text-align: left\" align=\"CENTER\">\n","protected":false},"excerpt":{"rendered":"<p>&nbsp; O Instituto Federal Baiano tem sua reitoria localizada em\u00a0Salvador, e 11 campi espalhados pelo Estado: Bom Jesus da Lapa; Catu; Governador Mangabeira; Guanambi; Itapetinga; Santa In\u00eas; Senhor do Bonfim; Serrinha; Teixeira de Freitas; Uru\u00e7uca e Valen\u00e7a. Al\u00e9m dos 11 campi, o IF Baiano conta tamb\u00e9m com os polos de apoio presencial que s\u00e3o compostos [&hellip;]<\/p>\n","protected":false},"author":1,"featured_media":0,"parent":0,"menu_order":0,"comment_status":"open","ping_status":"open","template":"","meta":{"ngg_post_thumbnail":0},"_links":{"self":[{"href":"https:\/\/diretorias.ifbaiano.edu.br\/portal\/ead\/wp-json\/wp\/v2\/pages\/508"}],"collection":[{"href":"https:\/\/diretorias.ifbaiano.edu.br\/portal\/ead\/wp-json\/wp\/v2\/pages"}],"about":[{"href":"https:\/\/diretorias.ifbaiano.edu.br\/portal\/ead\/wp-json\/wp\/v2\/types\/page"}],"author":[{"embeddable":true,"href":"https:\/\/diretorias.ifbaiano.edu.br\/portal\/ead\/wp-json\/wp\/v2\/users\/1"}],"replies":[{"embeddable":true,"href":"https:\/\/diretorias.ifbaiano.edu.br\/portal\/ead\/wp-json\/wp\/v2\/comments?post=508"}],"version-history":[{"count":6,"href":"https:\/\/diretorias.ifbaiano.edu.br\/portal\/ead\/wp-json\/wp\/v2\/pages\/508\/revisions"}],"predecessor-version":[{"id":1948,"href":"https:\/\/diretorias.ifbaiano.edu.br\/portal\/ead\/wp-json\/wp\/v2\/pages\/508\/revisions\/1948"}],"wp:attachment":[{"href":"https:\/\/diretorias.ifbaiano.edu.br\/portal\/ead\/wp-json\/wp\/v2\/media?parent=508"}],"curies":[{"name":"wp","href":"https:\/\/api.w.org\/{rel}","templated":true}]}}