{"id":510,"date":"2014-09-18T14:11:27","date_gmt":"2014-09-18T14:11:27","guid":{"rendered":"http:\/\/diretorias.ifbaiano.edu.br\/portal\/ead\/?page_id=510"},"modified":"2017-07-20T13:41:28","modified_gmt":"2017-07-20T13:41:28","slug":"polo-santa-terezinha","status":"publish","type":"page","link":"https:\/\/diretorias.ifbaiano.edu.br\/portal\/ead\/polo-santa-terezinha\/","title":{"rendered":"P\u00f3lo Santa Terezinha"},"content":{"rendered":"<p>O Instituto Federal Baiano tem sua reitoria localizada em\u00a0Salvador, e 11 campi espalhados pelo Estado: Bom Jesus da Lapa; Catu; Governador Mangabeira; Guanambi; Itapetinga; Santa In\u00eas; Senhor do Bonfim; Serrinha; Teixeira de Freitas; Uru\u00e7uca e Valen\u00e7a.<\/p>\n<p>Al\u00e9m dos 11 campi, o IF Baiano conta tamb\u00e9m com os polos de apoio presencial que s\u00e3o compostos pelos seus campi e mais 16 munic\u00edpios conveniados: Alagoinhas, Campo Formoso, Concei\u00e7\u00e3o da Feira, Ibipitanga, Itacar\u00e9, Itoror\u00f3, Jaguarari, Miguel Calmon, Mucuri, Mundo Novo, Nazar\u00e9, Pintadas, Remanso, Salvador, Santa Terezinha, Santo Est\u00eav\u00e3o. Desta maneira, o IF Baiano totaliza 27 (vinte e sete) polos de apoio presenciais dispostos em 18 (dezoito) dos 27 (vinte e sete) territ\u00f3rios de identidade do estado da Bahia.<\/p>\n<p>&nbsp;<\/p>\n<div><strong>P\u00f3lo: SANTA \u00a0TEREZINHA<\/strong><\/div>\n<div><\/div>\n<div><strong>Endere\u00e7o:<\/strong>\u00a0Col\u00e9gio Municipal Luis Eduardo Magalh\u00e3es &#8211; pra\u00e7a \u00e1pio Medrado, s\/n, centro &#8211; Santa Teresinhas- Ba<\/div>\n<div><\/div>\n<div><strong>Contato:<\/strong>\u00a0<a href=\"mailto:polo.terezinha@ifbaiano.edu.br\" target=\"_blank\">polo.terezinha@ifbaiano.edu.br<\/a>\u00a0\/\u00a0<a href=\"mailto:mf.zart@hotmail.com\" target=\"_blank\">mf.zart@hotmail.com<\/a>\u00a0 \u00a0tel;\u00a0<a href=\"(75) 3639-1122\">(75) 3639-1122<\/a>\u00a0\/ (75)99318568\/92005405<\/div>\n<div><\/div>\n<div><strong>Coordenador(a) respons\u00e1vel: <\/strong>MARIA DE F\u00c1TIMA FRAN\u00c7A SUZART<\/div>\n<div><\/div>\n<div><strong>Caracter\u00edsticas da regi\u00e3o<\/strong>: Est\u00e1 localizado na Mesorregi\u00e3o Centro Norte Baiano , Microrregi\u00e3o de Feira de Santana, 9.658 habitantes, artesanato em palha da comunidade\u00a0Quilombola do Campo Grande ,Vinho de uva feito artesanalmente no distrito de Pedra Branca.<\/div>\n<div><\/div>\n<div><strong>Cursos ofertados: <\/strong>T\u00e9cnico em Administra\u00e7\u00e3o<\/div>\n<div><\/div>\n<div><strong>\u00a0<\/strong><\/div>\n<div><\/div>\n<div><a href=\"https:\/\/diretorias.ifbaiano.edu.br\/portal\/ead\/files\/2014\/09\/santa-teresinha.jpg\"><img loading=\"lazy\" class=\"size-full wp-image-601\" src=\"https:\/\/diretorias.ifbaiano.edu.br\/portal\/ead\/files\/2014\/09\/santa-teresinha.jpg\" alt=\"santa teresinha\" width=\"560\" height=\"360\" srcset=\"https:\/\/diretorias.ifbaiano.edu.br\/portal\/ead\/files\/2014\/09\/santa-teresinha.jpg 560w, https:\/\/diretorias.ifbaiano.edu.br\/portal\/ead\/files\/2014\/09\/santa-teresinha-300x192.jpg 300w, https:\/\/diretorias.ifbaiano.edu.br\/portal\/ead\/files\/2014\/09\/santa-teresinha-400x257.jpg 400w\" sizes=\"(max-width: 560px) 100vw, 560px\" \/><\/a><\/div>\n<div><\/div>\n<div><\/div>\n","protected":false},"excerpt":{"rendered":"<p>O Instituto Federal Baiano tem sua reitoria localizada em\u00a0Salvador, e 11 campi espalhados pelo Estado: Bom Jesus da Lapa; Catu; Governador Mangabeira; Guanambi; Itapetinga; Santa In\u00eas; Senhor do Bonfim; Serrinha; Teixeira de Freitas; Uru\u00e7uca e Valen\u00e7a. Al\u00e9m dos 11 campi, o IF Baiano conta tamb\u00e9m com os polos de apoio presencial que s\u00e3o compostos pelos [&hellip;]<\/p>\n","protected":false},"author":1,"featured_media":0,"parent":0,"menu_order":0,"comment_status":"open","ping_status":"open","template":"","meta":{"ngg_post_thumbnail":0},"_links":{"self":[{"href":"https:\/\/diretorias.ifbaiano.edu.br\/portal\/ead\/wp-json\/wp\/v2\/pages\/510"}],"collection":[{"href":"https:\/\/diretorias.ifbaiano.edu.br\/portal\/ead\/wp-json\/wp\/v2\/pages"}],"about":[{"href":"https:\/\/diretorias.ifbaiano.edu.br\/portal\/ead\/wp-json\/wp\/v2\/types\/page"}],"author":[{"embeddable":true,"href":"https:\/\/diretorias.ifbaiano.edu.br\/portal\/ead\/wp-json\/wp\/v2\/users\/1"}],"replies":[{"embeddable":true,"href":"https:\/\/diretorias.ifbaiano.edu.br\/portal\/ead\/wp-json\/wp\/v2\/comments?post=510"}],"version-history":[{"count":8,"href":"https:\/\/diretorias.ifbaiano.edu.br\/portal\/ead\/wp-json\/wp\/v2\/pages\/510\/revisions"}],"predecessor-version":[{"id":1959,"href":"https:\/\/diretorias.ifbaiano.edu.br\/portal\/ead\/wp-json\/wp\/v2\/pages\/510\/revisions\/1959"}],"wp:attachment":[{"href":"https:\/\/diretorias.ifbaiano.edu.br\/portal\/ead\/wp-json\/wp\/v2\/media?parent=510"}],"curies":[{"name":"wp","href":"https:\/\/api.w.org\/{rel}","templated":true}]}}