{"id":868,"date":"2015-10-21T14:06:47","date_gmt":"2015-10-21T14:06:47","guid":{"rendered":"http:\/\/diretorias.ifbaiano.edu.br\/portal\/ead\/?page_id=868"},"modified":"2015-10-22T12:21:47","modified_gmt":"2015-10-22T12:21:47","slug":"meio-ambiente","status":"publish","type":"page","link":"https:\/\/diretorias.ifbaiano.edu.br\/portal\/ead\/meio-ambiente\/","title":{"rendered":"T\u00e9cnico em Meio Ambiente"},"content":{"rendered":"<p><strong><\/strong><strong>Dura\u00e7\u00e3o:<\/strong> 2 anos<br \/>\n<strong>Grau:<\/strong> T\u00e9cnico<br \/>\n<strong>T\u00edtulo:<\/strong> T\u00e9cnico em Alimenta\u00e7\u00e3o Escolar<br \/>\n<strong>Turno:<\/strong> Diurno<br \/>\n<strong>Carga Hor\u00e1ria:<\/strong> 960 horas<\/p>\n<p>Curso finalizado<br \/>\n<strong>P\u00fablico Alvo<\/strong><br \/>\nAlunos com Ensino M\u00e9dio conclu\u00eddo em quaisquer modalidades regulamentadas e reconhecidas pelas Secretarias de Estado e pelo MEC.<\/p>\n<p><strong>\u00c1rea de Atua\u00e7\u00e3o<\/strong><br \/>\nO profissional desempenhar\u00e1 fun\u00e7\u00f5es em empresas privadas, \u00f3rg\u00e3os governamentais ou n\u00e3o governamentais voltados para o planejamento e a gest\u00e3o ambiental, contribuindo para a promo\u00e7\u00e3o da educa\u00e7\u00e3o ambiental e a consolida\u00e7\u00e3o do desenvolvimento sustent\u00e1vel local e, consequentemente, global.<br \/>\nAtuar\u00e1 na solu\u00e7\u00e3o de problemas ligados \u00e0s organiza\u00e7\u00f5es, construindo as seguintes compet\u00eancias:<br \/>\n\u2022 Colaborar na implementa\u00e7\u00e3o de a\u00e7\u00f5es de gest\u00e3o ambiental, avaliando a amplitude dos impactos ambientais.<br \/>\n\u2022 Definir e aplicar medidas corretivas em atendimento \u00e0 legisla\u00e7\u00e3o ambiental, analisando seus resultados e propondo medidas preventivas.<br \/>\n\u2022 Desenvolver atividades relacionadas \u00e0 coleta e interpreta\u00e7\u00e3o de dados, informa\u00e7\u00f5es e documenta\u00e7\u00f5es ambientais, participando da elabora\u00e7\u00e3o de laudos, relat\u00f3rios e estudos ambientais.<br \/>\n\u2022 Planejar, organizar e atura em programas de educa\u00e7\u00e3o ambiental, de conserva\u00e7\u00e3o e preserva\u00e7\u00e3o dos recursos naturais, de redu\u00e7\u00e3o, reuso e reciclagem, aplicando t\u00e9cnicas de preserva\u00e7\u00e3o e recupera\u00e7\u00e3o dos ecossistemas.<br \/>\n\u2022 Identificar os efeitos da polui\u00e7\u00e3o sobre a sa\u00fade.<br \/>\n\u2022 Monitorar a seguran\u00e7a no trabalho, fornecer subs\u00eddios para a elabora\u00e7\u00e3o de mapas de risco, interpret\u00e1-los, controlar o uso de equipamentos de prote\u00e7\u00e3o, cumprir e fornece informa\u00e7\u00f5es sobre os procedimentos de emerg\u00eancia e informa os trabalhadores sobrer as precau\u00e7\u00f5es com produtos ou res\u00edduos gerados durante o processo produtivo.<\/p>\n<p>Projeto Pedag\u00f3gico de Curso \u00a0<a href=\"https:\/\/diretorias.ifbaiano.edu.br\/portal\/ead\/files\/2015\/10\/PPC-Meio-Ambiente-IFPR.pdf\">Clique aqui<\/a><a href=\"https:\/\/diretorias.ifbaiano.edu.br\/portal\/ead\/files\/2015\/10\/PPC-Meio-Ambiente-IFPR.pdf\"><br \/>\n<\/a><\/p>\n<p>Ato autorizativo <a href=\"https:\/\/diretorias.ifbaiano.edu.br\/portal\/ead\/files\/2015\/10\/Consup_Resolucao-10_20121_profuncionario.pdf\">Clique aqui<\/a><\/p>\n","protected":false},"excerpt":{"rendered":"<p>Dura\u00e7\u00e3o: 2 anos Grau: T\u00e9cnico T\u00edtulo: T\u00e9cnico em Alimenta\u00e7\u00e3o Escolar Turno: Diurno Carga Hor\u00e1ria: 960 horas Curso finalizado P\u00fablico Alvo Alunos com Ensino M\u00e9dio conclu\u00eddo em quaisquer modalidades regulamentadas e reconhecidas pelas Secretarias de Estado e pelo MEC. \u00c1rea de Atua\u00e7\u00e3o O profissional desempenhar\u00e1 fun\u00e7\u00f5es em empresas privadas, \u00f3rg\u00e3os governamentais ou n\u00e3o governamentais voltados para [&hellip;]<\/p>\n","protected":false},"author":1,"featured_media":0,"parent":0,"menu_order":0,"comment_status":"open","ping_status":"open","template":"","meta":{"ngg_post_thumbnail":0},"_links":{"self":[{"href":"https:\/\/diretorias.ifbaiano.edu.br\/portal\/ead\/wp-json\/wp\/v2\/pages\/868"}],"collection":[{"href":"https:\/\/diretorias.ifbaiano.edu.br\/portal\/ead\/wp-json\/wp\/v2\/pages"}],"about":[{"href":"https:\/\/diretorias.ifbaiano.edu.br\/portal\/ead\/wp-json\/wp\/v2\/types\/page"}],"author":[{"embeddable":true,"href":"https:\/\/diretorias.ifbaiano.edu.br\/portal\/ead\/wp-json\/wp\/v2\/users\/1"}],"replies":[{"embeddable":true,"href":"https:\/\/diretorias.ifbaiano.edu.br\/portal\/ead\/wp-json\/wp\/v2\/comments?post=868"}],"version-history":[{"count":8,"href":"https:\/\/diretorias.ifbaiano.edu.br\/portal\/ead\/wp-json\/wp\/v2\/pages\/868\/revisions"}],"predecessor-version":[{"id":1019,"href":"https:\/\/diretorias.ifbaiano.edu.br\/portal\/ead\/wp-json\/wp\/v2\/pages\/868\/revisions\/1019"}],"wp:attachment":[{"href":"https:\/\/diretorias.ifbaiano.edu.br\/portal\/ead\/wp-json\/wp\/v2\/media?parent=868"}],"curies":[{"name":"wp","href":"https:\/\/api.w.org\/{rel}","templated":true}]}}