{"id":870,"date":"2015-10-21T14:10:09","date_gmt":"2015-10-21T14:10:09","guid":{"rendered":"http:\/\/diretorias.ifbaiano.edu.br\/portal\/ead\/?page_id=870"},"modified":"2015-10-22T12:20:08","modified_gmt":"2015-10-22T12:20:08","slug":"logistica","status":"publish","type":"page","link":"https:\/\/diretorias.ifbaiano.edu.br\/portal\/ead\/logistica\/","title":{"rendered":"T\u00e9cnico em Log\u00edstica"},"content":{"rendered":"<p><strong><\/strong><strong>Dura\u00e7\u00e3o:<\/strong> 2 anos<br \/>\n<strong>Grau:<\/strong> T\u00e9cnico<br \/>\n<strong>T\u00edtulo:<\/strong> T\u00e9cnico em Log\u00edstica<br \/>\n<strong>Turno:<\/strong>\u00a0Noturno<br \/>\n<strong>Carga Hor\u00e1ria:<\/strong> 960 horas<br \/>\n<strong>Curso Finalizado<\/strong><\/p>\n<p><strong>P\u00fablico Alvo<\/strong><br \/>\nPessoas interessadas em atuar no setor de log\u00edstica, na ind\u00fastria, com\u00e9rcio e servi\u00e7os, que tenham conclu\u00eddo o ensino m\u00e9dio.<\/p>\n<p><strong>\u00c1rea de Atua\u00e7\u00e3o<\/strong><br \/>\nO profissional desempenhar\u00e1 fun\u00e7\u00f5es na \u00e1rea de gest\u00e3o e neg\u00f3cios, desenvolvendo e aplicando as diversas tarefas relacionadas \u00e0 log\u00edstica nas organiza\u00e7\u00f5es dos setores: industrial, comercial e de servi\u00e7os. Aplica os principais procedimentos de transporte, armazenamento e gest\u00e3o.<br \/>\nAtuar\u00e1 na solu\u00e7\u00e3o de problemas ligados \u00e0s organiza\u00e7\u00f5es, construindo as seguintes compet\u00eancias:<br \/>\n\u2022 Agendar e executar programa de manuten\u00e7\u00e3o de m\u00e1quinas e equipamentos.<br \/>\n\u2022 Comprar e controlar datas de recebimento e estoque quanto \u00e0 movimenta\u00e7\u00e3o, expedi\u00e7\u00e3o e distribui\u00e7\u00e3o de materiais e produtos.<br \/>\n\u2022 Prestar atendimento aos clientes a fim de aperfei\u00e7oar a gera\u00e7\u00e3o de valor da cadeia log\u00edstica, buscando alternativas dispon\u00edveis para gerenciar o fluxo de produtos at\u00e9 os clientes finais.<br \/>\n\u2022 Programar os procedimentos de qualidade, seguran\u00e7a e higiene do trabalho no sistema log\u00edstico.<br \/>\n\u2022 Analisar os componentes de custos, distribui\u00e7\u00e3o e estoque, criando habilidades e compet\u00eancias que permitam a minimiza\u00e7\u00e3o dos custos operacionais.<\/p>\n<p>Projeto Pedag\u00f3gico de Curso \u00a0<a href=\"https:\/\/diretorias.ifbaiano.edu.br\/portal\/ead\/files\/2015\/10\/PPC-Log\u00edstica-IFPR.pdf\">Clique aqui<\/a><\/p>\n<p>Ato autorizativo <a href=\"https:\/\/diretorias.ifbaiano.edu.br\/portal\/ead\/files\/2015\/10\/Consup_Resolucao-10_20121_profuncionario.pdf\">Clique aqui<\/a><\/p>\n","protected":false},"excerpt":{"rendered":"<p>Dura\u00e7\u00e3o: 2 anos Grau: T\u00e9cnico T\u00edtulo: T\u00e9cnico em Log\u00edstica Turno:\u00a0Noturno Carga Hor\u00e1ria: 960 horas Curso Finalizado P\u00fablico Alvo Pessoas interessadas em atuar no setor de log\u00edstica, na ind\u00fastria, com\u00e9rcio e servi\u00e7os, que tenham conclu\u00eddo o ensino m\u00e9dio. \u00c1rea de Atua\u00e7\u00e3o O profissional desempenhar\u00e1 fun\u00e7\u00f5es na \u00e1rea de gest\u00e3o e neg\u00f3cios, desenvolvendo e aplicando as diversas [&hellip;]<\/p>\n","protected":false},"author":1,"featured_media":0,"parent":0,"menu_order":0,"comment_status":"open","ping_status":"open","template":"","meta":{"ngg_post_thumbnail":0},"_links":{"self":[{"href":"https:\/\/diretorias.ifbaiano.edu.br\/portal\/ead\/wp-json\/wp\/v2\/pages\/870"}],"collection":[{"href":"https:\/\/diretorias.ifbaiano.edu.br\/portal\/ead\/wp-json\/wp\/v2\/pages"}],"about":[{"href":"https:\/\/diretorias.ifbaiano.edu.br\/portal\/ead\/wp-json\/wp\/v2\/types\/page"}],"author":[{"embeddable":true,"href":"https:\/\/diretorias.ifbaiano.edu.br\/portal\/ead\/wp-json\/wp\/v2\/users\/1"}],"replies":[{"embeddable":true,"href":"https:\/\/diretorias.ifbaiano.edu.br\/portal\/ead\/wp-json\/wp\/v2\/comments?post=870"}],"version-history":[{"count":7,"href":"https:\/\/diretorias.ifbaiano.edu.br\/portal\/ead\/wp-json\/wp\/v2\/pages\/870\/revisions"}],"predecessor-version":[{"id":940,"href":"https:\/\/diretorias.ifbaiano.edu.br\/portal\/ead\/wp-json\/wp\/v2\/pages\/870\/revisions\/940"}],"wp:attachment":[{"href":"https:\/\/diretorias.ifbaiano.edu.br\/portal\/ead\/wp-json\/wp\/v2\/media?parent=870"}],"curies":[{"name":"wp","href":"https:\/\/api.w.org\/{rel}","templated":true}]}}