{"id":871,"date":"2015-10-21T14:10:31","date_gmt":"2015-10-21T14:10:31","guid":{"rendered":"http:\/\/diretorias.ifbaiano.edu.br\/portal\/ead\/?page_id=871"},"modified":"2015-10-22T13:15:47","modified_gmt":"2015-10-22T13:15:47","slug":"seguranca-do-trabalho","status":"publish","type":"page","link":"https:\/\/diretorias.ifbaiano.edu.br\/portal\/ead\/seguranca-do-trabalho\/","title":{"rendered":"T\u00e9cnico em Seguran\u00e7a do Trabalho"},"content":{"rendered":"<p><strong>Dura\u00e7\u00e3o:<\/strong> 2 anos<br \/>\n<strong>Grau:<\/strong> T\u00e9cnico<br \/>\n<strong>T\u00edtulo:<\/strong> T\u00e9cnico em Seguran\u00e7a do Trabalho<br \/>\n<strong>Turno:<\/strong> Noturno<br \/>\n<strong>Carga Hor\u00e1ria:<\/strong> 1.260 horas<br \/>\n<strong>Curso Finalizado<\/strong><\/p>\n<p><strong>P\u00fablico Alvo<\/strong><br \/>\nAlunos com Ensino M\u00e9dio conclu\u00eddo em quaisquer modalidades regulamentadas e reconhecidas pelas Secretarias de Estado e pelo MEC.<\/p>\n<p><strong>\u00c1rea de Atua\u00e7\u00e3o<\/strong><br \/>\nO profissional desempenhar\u00e1 fun\u00e7\u00f5es na \u00e1rea de ambiente, sa\u00fade e seguran\u00e7a, executando a\u00e7\u00f5es prevencionistas nos processos produtivos com aux\u00edlio de m\u00e9todos e t\u00e9cnicas de identifica\u00e7\u00e3o, avalia\u00e7\u00e3o e medidas de controle de riscos ambientais de acordo com normas regulamentadoras e princ\u00edpios de higiene e sa\u00fade do trabalho.<br \/>\nAtuar\u00e1 na solu\u00e7\u00e3o de problemas ligados \u00e0s organiza\u00e7\u00f5es, construindo as seguintes compet\u00eancias:<br \/>\n\u2022 Desenvolver a\u00e7\u00f5es educativas na \u00e1rea de sa\u00fade e seguran\u00e7a do trabalho.<br \/>\n\u2022 Orientar o uso de Equipamentos de Prote\u00e7\u00e3o Individual (EPI) e Equipamentos de Prote\u00e7\u00e3o Coletiva (EPC).<br \/>\n\u2022 Coletar e organizar informa\u00e7\u00f5es de sa\u00fade e de seguran\u00e7a no trabalho.<br \/>\n\u2022 Executar o Programa de Preven\u00e7\u00e3o de Riscos Ambientais (PPRA).<br \/>\n\u2022 Investiga e analisa acidentes a fim de recomendar medidas de preven\u00e7\u00e3o e controle.<\/p>\n<p>Projeto Pedag\u00f3gico de Curso \u00a0<a href=\"https:\/\/diretorias.ifbaiano.edu.br\/portal\/ead\/files\/2015\/10\/PPC-Servi\u00e7os-Publicos-IFPR.pdf\">Clique aqui<\/a><\/p>\n<p>Ato autorizativo <a href=\"https:\/\/diretorias.ifbaiano.edu.br\/portal\/ead\/files\/2015\/10\/Consup_Resolucao-10_20121_profuncionario.pdf\">Clique aqui<\/a><\/p>\n","protected":false},"excerpt":{"rendered":"<p>Dura\u00e7\u00e3o: 2 anos Grau: T\u00e9cnico T\u00edtulo: T\u00e9cnico em Seguran\u00e7a do Trabalho Turno: Noturno Carga Hor\u00e1ria: 1.260 horas Curso Finalizado P\u00fablico Alvo Alunos com Ensino M\u00e9dio conclu\u00eddo em quaisquer modalidades regulamentadas e reconhecidas pelas Secretarias de Estado e pelo MEC. \u00c1rea de Atua\u00e7\u00e3o O profissional desempenhar\u00e1 fun\u00e7\u00f5es na \u00e1rea de ambiente, sa\u00fade e seguran\u00e7a, executando a\u00e7\u00f5es [&hellip;]<\/p>\n","protected":false},"author":1,"featured_media":0,"parent":0,"menu_order":0,"comment_status":"open","ping_status":"open","template":"","meta":{"ngg_post_thumbnail":0},"_links":{"self":[{"href":"https:\/\/diretorias.ifbaiano.edu.br\/portal\/ead\/wp-json\/wp\/v2\/pages\/871"}],"collection":[{"href":"https:\/\/diretorias.ifbaiano.edu.br\/portal\/ead\/wp-json\/wp\/v2\/pages"}],"about":[{"href":"https:\/\/diretorias.ifbaiano.edu.br\/portal\/ead\/wp-json\/wp\/v2\/types\/page"}],"author":[{"embeddable":true,"href":"https:\/\/diretorias.ifbaiano.edu.br\/portal\/ead\/wp-json\/wp\/v2\/users\/1"}],"replies":[{"embeddable":true,"href":"https:\/\/diretorias.ifbaiano.edu.br\/portal\/ead\/wp-json\/wp\/v2\/comments?post=871"}],"version-history":[{"count":8,"href":"https:\/\/diretorias.ifbaiano.edu.br\/portal\/ead\/wp-json\/wp\/v2\/pages\/871\/revisions"}],"predecessor-version":[{"id":1039,"href":"https:\/\/diretorias.ifbaiano.edu.br\/portal\/ead\/wp-json\/wp\/v2\/pages\/871\/revisions\/1039"}],"wp:attachment":[{"href":"https:\/\/diretorias.ifbaiano.edu.br\/portal\/ead\/wp-json\/wp\/v2\/media?parent=871"}],"curies":[{"name":"wp","href":"https:\/\/api.w.org\/{rel}","templated":true}]}}