{"id":872,"date":"2015-10-21T14:10:43","date_gmt":"2015-10-21T14:10:43","guid":{"rendered":"http:\/\/diretorias.ifbaiano.edu.br\/portal\/ead\/?page_id=872"},"modified":"2015-10-22T12:24:40","modified_gmt":"2015-10-22T12:24:40","slug":"servicos-publicos","status":"publish","type":"page","link":"https:\/\/diretorias.ifbaiano.edu.br\/portal\/ead\/servicos-publicos\/","title":{"rendered":"T\u00e9cnico em Servi\u00e7os P\u00fablicos"},"content":{"rendered":"<p><strong>Dura\u00e7\u00e3o:<\/strong> 2 anos<br \/>\n<strong>Grau:<\/strong> T\u00e9cnico<br \/>\n<strong>T\u00edtulo:<\/strong> T\u00e9cnico em Servi\u00e7os P\u00fablicos<br \/>\n<strong>Turno:<\/strong> Noturno<br \/>\n<strong>Carga Hor\u00e1ria:<\/strong> 960 horas<br \/>\n<strong>Curso Finalizado<\/strong><\/p>\n<p><strong>P\u00fablico Alvo<\/strong><br \/>\nAlunos com Ensino M\u00e9dio conclu\u00eddo em quaisquer modalidades regulamentadas e reconhecidas pelas Secretarias de Estado e pelo MEC.<\/p>\n<p><strong>\u00c1rea Atua\u00e7\u00e3o<\/strong><br \/>\nO profissional desempenhar\u00e1 fun\u00e7\u00f5es principalmente em \u00f3rg\u00e3os governamentais ou n\u00e3o governamentais. Identificando e interpretando as diretrizes do planejamento estrat\u00e9gico, do planejamento t\u00e1tico e do plano diretor, aplic\u00e1veis \u00e0 gest\u00e3o p\u00fablica organizacional. Relaciona as estruturas or\u00e7ament\u00e1rias e societ\u00e1rias das organiza\u00e7\u00f5es com os processos de gest\u00e3o espec\u00edficos. Utiliza os instrumentos de planejamento, bem como executa, controla e avalia os procedimentos dos ciclos de pessoal, recursos materiais, tribut\u00e1rio, financeiro, cont\u00e1bil, patrim\u00f4nio e de sistemas de informa\u00e7\u00f5es.<br \/>\nAtuar\u00e1 na solu\u00e7\u00e3o de problemas ligados \u00e0s organiza\u00e7\u00f5es, construindo as seguintes compet\u00eancias:<br \/>\n\u2022 Interpretar resultados de estudos de mercado, econ\u00f4micos ou tecnol\u00f3gicos, utilizando-os no processo de gest\u00e3o.<br \/>\n\u2022 Empregar o vocabul\u00e1rio t\u00e9cnico espec\u00edfico na comunica\u00e7\u00e3o com os diferentes profissionais da \u00e1rea.<br \/>\n\u2022 Utilizar os diversos tipos de equipamentos, de instrumentos de trabalho, de materiais e suas possibilidades gerenciais.<br \/>\n\u2022 Identificar caracter\u00edsticas, possibilidades e limites na \u00e1rea de atua\u00e7\u00e3o profissional.<br \/>\n\u2022 Utilizar a tecnologia dispon\u00edvel na pesquisa de produtos e no desenvolvimento das atividades da \u00e1rea.<br \/>\n\u2022 Executar atividades relacionadas \u00e0 administra\u00e7\u00e3o p\u00fablica, nas esferas federal, estadual e municipal, utilizando aplicativos de inform\u00e1ticas e outros dispositivos tecnol\u00f3gicos.<br \/>\n\u2022 Realizar atividades relacionadas com a gest\u00e3o de recursos humanos, de benef\u00edcios e de folha de pagamento e outras, da \u00e1rea.<\/p>\n<p>Projeto Pedag\u00f3gico de Curso \u00a0<a href=\"https:\/\/diretorias.ifbaiano.edu.br\/portal\/ead\/files\/2015\/10\/PPC-Seguran\u00e7a-Trabalho-IFPRC.pdf\">Clique aqui<\/a><\/p>\n<p>Ato autorizativo <a href=\"https:\/\/diretorias.ifbaiano.edu.br\/portal\/ead\/files\/2015\/10\/Resolu\u00e7\u00e3o-36.pdf\">Clique aqui<\/a><\/p>\n","protected":false},"excerpt":{"rendered":"<p>Dura\u00e7\u00e3o: 2 anos Grau: T\u00e9cnico T\u00edtulo: T\u00e9cnico em Servi\u00e7os P\u00fablicos Turno: Noturno Carga Hor\u00e1ria: 960 horas Curso Finalizado P\u00fablico Alvo Alunos com Ensino M\u00e9dio conclu\u00eddo em quaisquer modalidades regulamentadas e reconhecidas pelas Secretarias de Estado e pelo MEC. \u00c1rea Atua\u00e7\u00e3o O profissional desempenhar\u00e1 fun\u00e7\u00f5es principalmente em \u00f3rg\u00e3os governamentais ou n\u00e3o governamentais. Identificando e interpretando as [&hellip;]<\/p>\n","protected":false},"author":1,"featured_media":0,"parent":0,"menu_order":0,"comment_status":"open","ping_status":"open","template":"","meta":{"ngg_post_thumbnail":0},"_links":{"self":[{"href":"https:\/\/diretorias.ifbaiano.edu.br\/portal\/ead\/wp-json\/wp\/v2\/pages\/872"}],"collection":[{"href":"https:\/\/diretorias.ifbaiano.edu.br\/portal\/ead\/wp-json\/wp\/v2\/pages"}],"about":[{"href":"https:\/\/diretorias.ifbaiano.edu.br\/portal\/ead\/wp-json\/wp\/v2\/types\/page"}],"author":[{"embeddable":true,"href":"https:\/\/diretorias.ifbaiano.edu.br\/portal\/ead\/wp-json\/wp\/v2\/users\/1"}],"replies":[{"embeddable":true,"href":"https:\/\/diretorias.ifbaiano.edu.br\/portal\/ead\/wp-json\/wp\/v2\/comments?post=872"}],"version-history":[{"count":8,"href":"https:\/\/diretorias.ifbaiano.edu.br\/portal\/ead\/wp-json\/wp\/v2\/pages\/872\/revisions"}],"predecessor-version":[{"id":948,"href":"https:\/\/diretorias.ifbaiano.edu.br\/portal\/ead\/wp-json\/wp\/v2\/pages\/872\/revisions\/948"}],"wp:attachment":[{"href":"https:\/\/diretorias.ifbaiano.edu.br\/portal\/ead\/wp-json\/wp\/v2\/media?parent=872"}],"curies":[{"name":"wp","href":"https:\/\/api.w.org\/{rel}","templated":true}]}}